{"id":1542,"date":"2020-01-22T09:14:37","date_gmt":"2020-01-22T06:14:37","guid":{"rendered":"http:\/\/avendijital.com\/adaelektrik\/?page_id=1542"},"modified":"2020-01-22T09:20:56","modified_gmt":"2020-01-22T06:20:56","slug":"cevre-aydinlatma-sistemleri","status":"publish","type":"page","link":"https:\/\/adaelektrik.com\/index.php\/cevre-aydinlatma-sistemleri\/","title":{"rendered":"\u00c7evre Ayd\u0131nlatma Sistemleri"},"content":{"rendered":"<p>[vc_row full_width=&#8221;stretch_row_content&#8221; css=&#8221;.vc_custom_1579673916874{background-color: #000000 !important;}&#8221;][vc_column][vc_single_image image=&#8221;1543&#8243; img_size=&#8221;full&#8221; alignment=&#8221;center&#8221; css=&#8221;.vc_custom_1579674054846{border-radius: 3px !important;}&#8221;][vc_custom_heading text=&#8221;\u00c7evre Ayd\u0131nlatma Sistemleri&#8221; font_container=&#8221;tag:h1|text_align:center|color:%23ffffff&#8221; google_fonts=&#8221;font_family:Montserrat%3Aregular%2C700|font_style:400%20regular%3A400%3Anormal&#8221;][vc_column_text]<\/p>\n<blockquote>\n<p style=\"text-align: center; color: white;\">D\u0131\u015f mekan, bah\u00e7e ayd\u0131nlatma, park ayd\u0131nlatma, Cadde Ayd\u0131nlatma, Sokak Ayd\u0131nlatma, Site Ayd\u0131nlatma, Koruluk Ayd\u0131nlatma ve t\u00fcm ayd\u0131nlatma ihtiya\u00e7lar\u0131n\u0131z\u0131 projelendirmektedir.<\/p>\n<p style=\"text-align: center; color: white;\">Estetik G\u00f6r\u00fcn\u00fcm, Uzun \u00d6m\u00fcrl\u00fc ve kolay monte edilebilme \u00f6zelli\u011fi olan \u00fcr\u00fcnlerimiz ile projelerinize de\u011fer katarak ayd\u0131nlatma ihtiya\u00e7lar\u0131n\u0131za kal\u0131c\u0131 \u00e7\u00f6z\u00fcmler sunuyoruz.<\/p>\n<\/blockquote>\n<p>[\/vc_column_text][\/vc_column][\/vc_row]<\/p>\n","protected":false},"excerpt":{"rendered":"<p>[vc_row full_width=&#8221;stretch_row_content&#8221; css=&#8221;.vc_custom_1579673916874{background-color: #000000 !important;}&#8221;][vc_column][vc_single_image image=&#8221;1543&#8243; img_size=&#8221;full&#8221; alignment=&#8221;center&#8221; css=&#8221;.vc_custom_1579674054846{border-radius: 3px !important;}&#8221;][vc_custom_heading text=&#8221;\u00c7evre Ayd\u0131nlatma Sistemleri&#8221; font_container=&#8221;tag:h1|text_align:center|color:%23ffffff&#8221; google_fonts=&#8221;font_family:Montserrat%3Aregular%2C700|font_style:400%20regular%3A400%3Anormal&#8221;][vc_column_text] D\u0131\u015f mekan, bah\u00e7e ayd\u0131nlatma,<\/p>\n","protected":false},"author":1,"featured_media":0,"parent":0,"menu_order":0,"comment_status":"closed","ping_status":"closed","template":"","meta":[],"_links":{"self":[{"href":"https:\/\/adaelektrik.com\/index.php\/wp-json\/wp\/v2\/pages\/1542"}],"collection":[{"href":"https:\/\/adaelektrik.com\/index.php\/wp-json\/wp\/v2\/pages"}],"about":[{"href":"https:\/\/adaelektrik.com\/index.php\/wp-json\/wp\/v2\/types\/page"}],"author":[{"embeddable":true,"href":"https:\/\/adaelektrik.com\/index.php\/wp-json\/wp\/v2\/users\/1"}],"replies":[{"embeddable":true,"href":"https:\/\/adaelektrik.com\/index.php\/wp-json\/wp\/v2\/comments?post=1542"}],"version-history":[{"count":8,"href":"https:\/\/adaelektrik.com\/index.php\/wp-json\/wp\/v2\/pages\/1542\/revisions"}],"predecessor-version":[{"id":1551,"href":"https:\/\/adaelektrik.com\/index.php\/wp-json\/wp\/v2\/pages\/1542\/revisions\/1551"}],"wp:attachment":[{"href":"https:\/\/adaelektrik.com\/index.php\/wp-json\/wp\/v2\/media?parent=1542"}],"curies":[{"name":"wp","href":"https:\/\/api.w.org\/{rel}","templated":true}]}}