{"id":1560,"date":"2020-01-22T09:44:03","date_gmt":"2020-01-22T06:44:03","guid":{"rendered":"http:\/\/avendijital.com\/adaelektrik\/?page_id=1560"},"modified":"2020-01-22T09:46:33","modified_gmt":"2020-01-22T06:46:33","slug":"goruntulu-diafon-sistemleri","status":"publish","type":"page","link":"https:\/\/adaelektrik.com\/index.php\/goruntulu-diafon-sistemleri\/","title":{"rendered":"G\u00f6r\u00fcnt\u00fcl\u00fc Diafon Sistemleri"},"content":{"rendered":"<p>[vc_row full_width=&#8221;stretch_row&#8221; css=&#8221;.vc_custom_1579674949090{background-color: #000000 !important;}&#8221;][vc_column][vc_single_image image=&#8221;1562&#8243; img_size=&#8221;full&#8221; alignment=&#8221;center&#8221; css=&#8221;.vc_custom_1579675485150{border-radius: 3px !important;}&#8221;][vc_custom_heading text=&#8221;G\u00f6r\u00fcnt\u00fcl\u00fc Diafon Sistemleri&#8221; font_container=&#8221;tag:h1|text_align:center|color:%23ffffff&#8221; google_fonts=&#8221;font_family:Montserrat%3Aregular%2C700|font_style:400%20regular%3A400%3Anormal&#8221;][vc_column_text]<\/p>\n<p style=\"text-align: left; color: white;\">G\u00f6rsel performans ve konfordan \u00f6d\u00fcn vermeksizin ayd\u0131nlatma verimli\u011fini art\u0131rarak enerji girdisinin azalt\u0131lmas\u0131yla enerji tassarufu yap\u0131lmas\u0131d\u0131r. Bu tasarruf yanl\u0131\u015f bilindi\u011fi \u00fczere yetersiz ayd\u0131nlatma yap\u0131larak sa\u011flanmaz. \u00c7\u00fcnk\u00fc yetersiz ayd\u0131nlatma, her ne kadar enerji t\u00fcketimini d\u00fc\u015f\u00fcrse de ilgili alanda \u00e7al\u0131\u015fanlar\u0131n verimlerine negatif etkiledi\u011fi i\u00e7in nihayetinde bir tassaruf sa\u011flamaz. Ayr\u0131ca i\u015f kazalar\u0131n\u0131n artmas\u0131na neden oldu\u011fundan beklenenin tam aksine bir sonu\u00e7 do\u011furabilir. Bu tasarruf a\u015fa\u011f\u0131daki ayd\u0131nlatma bile\u015fenlerinin iyile\u015ftirilmesi ile m\u00fcmk\u00fcn olabilir.<\/p>\n<ul style=\"text-align: left; color: white;\">\n<li>Y\u00fcksek verimli \u0131\u015f\u0131k kaynaklar\u0131 kullanmak<\/li>\n<li>Y\u00fcksek verimli armat\u00fcrler kullanmak<\/li>\n<li>Daha az kay\u0131pl\u0131 bile\u015fenler (\u00d6rne\u011fin: daha d\u00fc\u015f\u00fck kay\u0131pl\u0131 balast) kullanmak<\/li>\n<li>Ayd\u0131nlatma kontrol\u00fc yapmak.<\/li>\n<li>Uygun Ayd\u0131nlatma tasar\u0131m\u0131 yapmak.<\/li>\n<li>Alternatif ayd\u0131nlatma bile\u015fenleri kullanmak<\/li>\n<\/ul>\n<p style=\"text-align: left; color: white;\">Kuvvet tesisatlar\u0131, Elektrik ihtiyac\u0131 olan her yerde kullan\u0131lan bir sistemdir. Evlerde, \u0130\u015f Merkezlerinde, Konfor Merkezlerinde, Al\u0131\u015fveri\u015f Merkezlerinde, Fabrikalarda , Stadlar da k\u0131sacas\u0131 her yerde.<\/p>\n<p style=\"text-align: left; color: white;\">Firmam\u0131z g\u00fcn\u00fcm\u00fcze kadar bir\u00e7ok fabrika ve kuvvet tesisi i\u00e7eren tesis yapm\u0131\u015ft\u0131r. Bu tesislerin genel olarak bak\u0131m i\u015fleri de\u00a0Ada Elektrik\u00a0taraf\u0131ndan yap\u0131lmaktad\u0131r.<\/p>\n<p style=\"text-align: left; color: white;\">Panolar, Makina besleme tesisatlar\u0131, Sistem besleme tesisatlar\u0131, Al\u00e7ak gerilim enerji nakil hatlar\u0131, Fabrika g\u00fc\u00e7 tesisatlar\u0131, Is\u0131tma so\u011futma sistem besleme ve kumandalar\u0131, Kablo ta\u015f\u0131y\u0131c\u0131 sistemlerin montajlar\u0131, Bus-bar sistem montajlar\u0131, firmam\u0131z taraf\u0131ndan yap\u0131lmaktad\u0131r.<\/p>\n<p>[\/vc_column_text][\/vc_column][\/vc_row]<\/p>\n","protected":false},"excerpt":{"rendered":"<p>[vc_row full_width=&#8221;stretch_row&#8221; css=&#8221;.vc_custom_1579674949090{background-color: #000000 !important;}&#8221;][vc_column][vc_single_image image=&#8221;1562&#8243; img_size=&#8221;full&#8221; alignment=&#8221;center&#8221; css=&#8221;.vc_custom_1579675485150{border-radius: 3px !important;}&#8221;][vc_custom_heading text=&#8221;G\u00f6r\u00fcnt\u00fcl\u00fc Diafon Sistemleri&#8221; font_container=&#8221;tag:h1|text_align:center|color:%23ffffff&#8221; google_fonts=&#8221;font_family:Montserrat%3Aregular%2C700|font_style:400%20regular%3A400%3Anormal&#8221;][vc_column_text] G\u00f6rsel performans ve konfordan<\/p>\n","protected":false},"author":1,"featured_media":0,"parent":0,"menu_order":0,"comment_status":"closed","ping_status":"closed","template":"","meta":[],"_links":{"self":[{"href":"https:\/\/adaelektrik.com\/index.php\/wp-json\/wp\/v2\/pages\/1560"}],"collection":[{"href":"https:\/\/adaelektrik.com\/index.php\/wp-json\/wp\/v2\/pages"}],"about":[{"href":"https:\/\/adaelektrik.com\/index.php\/wp-json\/wp\/v2\/types\/page"}],"author":[{"embeddable":true,"href":"https:\/\/adaelektrik.com\/index.php\/wp-json\/wp\/v2\/users\/1"}],"replies":[{"embeddable":true,"href":"https:\/\/adaelektrik.com\/index.php\/wp-json\/wp\/v2\/comments?post=1560"}],"version-history":[{"count":5,"href":"https:\/\/adaelektrik.com\/index.php\/wp-json\/wp\/v2\/pages\/1560\/revisions"}],"predecessor-version":[{"id":1609,"href":"https:\/\/adaelektrik.com\/index.php\/wp-json\/wp\/v2\/pages\/1560\/revisions\/1609"}],"wp:attachment":[{"href":"https:\/\/adaelektrik.com\/index.php\/wp-json\/wp\/v2\/media?parent=1560"}],"curies":[{"name":"wp","href":"https:\/\/api.w.org\/{rel}","templated":true}]}}