{"id":1566,"date":"2020-01-22T09:48:45","date_gmt":"2020-01-22T06:48:45","guid":{"rendered":"http:\/\/avendijital.com\/adaelektrik\/?page_id=1566"},"modified":"2020-01-22T09:48:45","modified_gmt":"2020-01-22T06:48:45","slug":"insaat-elektrik-tesisati","status":"publish","type":"page","link":"https:\/\/adaelektrik.com\/index.php\/insaat-elektrik-tesisati\/","title":{"rendered":"\u0130n\u015faat Elektrik Tesisat\u0131"},"content":{"rendered":"<p>[vc_row full_width=&#8221;stretch_row&#8221; css=&#8221;.vc_custom_1579674949090{background-color: #000000 !important;}&#8221;][vc_column][vc_single_image image=&#8221;1567&#8243; img_size=&#8221;full&#8221; alignment=&#8221;center&#8221; css=&#8221;.vc_custom_1579675685229{border-radius: 3px !important;}&#8221;][vc_custom_heading text=&#8221;\u0130n\u015faat Elektrik Tesisat\u0131&#8221; font_container=&#8221;tag:h1|text_align:center|color:%23ffffff&#8221; google_fonts=&#8221;font_family:Montserrat%3Aregular%2C700|font_style:400%20regular%3A400%3Anormal&#8221;][vc_column_text]<\/p>\n<p style=\"text-align: left; color: white;\">\u0130n\u015faat elektrik tesisat\u0131 elektrik tesisatlar\u0131 ba\u015fl\u0131\u011f\u0131ndaki en \u00e7ok bilgi ve deneyim gerektiren projelerin ba\u015f\u0131nda gelmektedir. Tecr\u00fcbe ve teknik bilgimizin yan\u0131s\u0131ra kulland\u0131\u011f\u0131m\u0131z ekipmanlar\u0131n kalitesi bizi in\u015faat elektrik tesisat\u0131 konusunda sekt\u00f6rde, ineg\u00f6l b\u00f6lgesinde say\u0131l\u0131 firmalar aras\u0131nda olmu\u015ftur. Kulland\u0131\u011f\u0131m\u0131z borulardan , buatlara kadar her proje uygun olmas\u0131na dikkat ederek yapt\u0131\u011f\u0131m\u0131z se\u00e7imler sayesinde % 100 m\u00fc\u015fteri memnuniyetiyle tamamlam\u0131\u015ft\u0131r.<br \/>\nBir in\u015faat elektrik tesisat\u0131 projesindeki ilk ama\u00e7 ; Uygun ortam sa\u011fland\u0131\u011f\u0131nda tesisat\u0131n yap\u0131s\u0131na g\u00f6re buat, kasa ve borular\u0131 se\u00e7erek, Elektrik \u0130\u00e7 Tesisat Y\u00f6netmeli\u011fi\u2019ne uyarak s\u0131va alt\u0131 tavan ve duvar borusu d\u00f6\u015femek olmal\u0131d\u0131r. Bunu sa\u011flamak ad\u0131na uzman ekibimiz gerekli ke\u015fifleri ve ara\u015ft\u0131rmalar\u0131 yapt\u0131ktan ortama ve y\u00f6netmeliklere en uygun se\u00e7imleri yani proje i\u00e7in en uygun \u00e7\u00f6z\u00fcmleme modellerini siz de\u011ferli m\u00fc\u015fterilerimize sunmaktad\u0131r.<\/p>\n<p>[\/vc_column_text][\/vc_column][\/vc_row]<\/p>\n","protected":false},"excerpt":{"rendered":"<p>[vc_row full_width=&#8221;stretch_row&#8221; css=&#8221;.vc_custom_1579674949090{background-color: #000000 !important;}&#8221;][vc_column][vc_single_image image=&#8221;1567&#8243; img_size=&#8221;full&#8221; alignment=&#8221;center&#8221; css=&#8221;.vc_custom_1579675685229{border-radius: 3px !important;}&#8221;][vc_custom_heading text=&#8221;\u0130n\u015faat Elektrik Tesisat\u0131&#8221; font_container=&#8221;tag:h1|text_align:center|color:%23ffffff&#8221; google_fonts=&#8221;font_family:Montserrat%3Aregular%2C700|font_style:400%20regular%3A400%3Anormal&#8221;][vc_column_text] \u0130n\u015faat elektrik tesisat\u0131 elektrik<\/p>\n","protected":false},"author":1,"featured_media":0,"parent":0,"menu_order":0,"comment_status":"closed","ping_status":"closed","template":"","meta":[],"_links":{"self":[{"href":"https:\/\/adaelektrik.com\/index.php\/wp-json\/wp\/v2\/pages\/1566"}],"collection":[{"href":"https:\/\/adaelektrik.com\/index.php\/wp-json\/wp\/v2\/pages"}],"about":[{"href":"https:\/\/adaelektrik.com\/index.php\/wp-json\/wp\/v2\/types\/page"}],"author":[{"embeddable":true,"href":"https:\/\/adaelektrik.com\/index.php\/wp-json\/wp\/v2\/users\/1"}],"replies":[{"embeddable":true,"href":"https:\/\/adaelektrik.com\/index.php\/wp-json\/wp\/v2\/comments?post=1566"}],"version-history":[{"count":1,"href":"https:\/\/adaelektrik.com\/index.php\/wp-json\/wp\/v2\/pages\/1566\/revisions"}],"predecessor-version":[{"id":1568,"href":"https:\/\/adaelektrik.com\/index.php\/wp-json\/wp\/v2\/pages\/1566\/revisions\/1568"}],"wp:attachment":[{"href":"https:\/\/adaelektrik.com\/index.php\/wp-json\/wp\/v2\/media?parent=1566"}],"curies":[{"name":"wp","href":"https:\/\/api.w.org\/{rel}","templated":true}]}}