{"id":1569,"date":"2020-01-22T09:51:05","date_gmt":"2020-01-22T06:51:05","guid":{"rendered":"http:\/\/avendijital.com\/adaelektrik\/?page_id=1569"},"modified":"2020-01-22T09:51:24","modified_gmt":"2020-01-22T06:51:24","slug":"pano-montaji","status":"publish","type":"page","link":"https:\/\/adaelektrik.com\/index.php\/pano-montaji\/","title":{"rendered":"Pano Montaj\u0131"},"content":{"rendered":"<p>[vc_row full_width=&#8221;stretch_row&#8221; css=&#8221;.vc_custom_1579674949090{background-color: #000000 !important;}&#8221;][vc_column][vc_single_image image=&#8221;1570&#8243; img_size=&#8221;full&#8221; alignment=&#8221;center&#8221; css=&#8221;.vc_custom_1579675836814{border-radius: 3px !important;}&#8221;][vc_custom_heading text=&#8221;Pano Montaj\u0131&#8221; font_container=&#8221;tag:h1|text_align:center|color:%23ffffff&#8221; google_fonts=&#8221;font_family:Montserrat%3Aregular%2C700|font_style:400%20regular%3A400%3Anormal&#8221;][vc_column_text]<\/p>\n<p style=\"text-align: left; color: white;\">Pano(tablo),elektrik sisteminin da\u011f\u0131t\u0131m\u0131n\u0131n yap\u0131ld\u0131\u011f\u0131 \u00fczerinde kumanda devreleri, \u00f6l\u00e7\u00fc ve koruma \u00f6\u011feleri bulunan tablolard\u0131r.<br \/>\nFirmam\u0131z m\u00fc\u015fterilerimiz istekleri do\u011frultusunda kullan\u0131lacak sistemin durumuna g\u00f6re pano tipi se\u00e7ilir ve g\u00fcn\u00fcm\u00fcz teknolojisinin en kaliteli en son teknolojik yap\u0131da malzemeleri kullan\u0131p bu sistemin sorunsuz bir \u015fekilde kontrolleri sa\u011flan\u0131r.<br \/>\nAyr\u0131ca kumanda ve otomasyon sistemlerinde olu\u015fabilecek ar\u0131zalar\u0131 bak\u0131m ve onar\u0131m\u0131 yap\u0131larak tesislerin sorunsuzca mevcut i\u015flerini devaml\u0131l\u0131\u011f\u0131n\u0131 sa\u011flamaktad\u0131r.<\/p>\n<p>[\/vc_column_text][\/vc_column][\/vc_row]<\/p>\n","protected":false},"excerpt":{"rendered":"<p>[vc_row full_width=&#8221;stretch_row&#8221; css=&#8221;.vc_custom_1579674949090{background-color: #000000 !important;}&#8221;][vc_column][vc_single_image image=&#8221;1570&#8243; img_size=&#8221;full&#8221; alignment=&#8221;center&#8221; css=&#8221;.vc_custom_1579675836814{border-radius: 3px !important;}&#8221;][vc_custom_heading text=&#8221;Pano Montaj\u0131&#8221; font_container=&#8221;tag:h1|text_align:center|color:%23ffffff&#8221; google_fonts=&#8221;font_family:Montserrat%3Aregular%2C700|font_style:400%20regular%3A400%3Anormal&#8221;][vc_column_text] Pano(tablo),elektrik sisteminin da\u011f\u0131t\u0131m\u0131n\u0131n yap\u0131ld\u0131\u011f\u0131 \u00fczerinde<\/p>\n","protected":false},"author":1,"featured_media":0,"parent":0,"menu_order":0,"comment_status":"closed","ping_status":"closed","template":"","meta":[],"_links":{"self":[{"href":"https:\/\/adaelektrik.com\/index.php\/wp-json\/wp\/v2\/pages\/1569"}],"collection":[{"href":"https:\/\/adaelektrik.com\/index.php\/wp-json\/wp\/v2\/pages"}],"about":[{"href":"https:\/\/adaelektrik.com\/index.php\/wp-json\/wp\/v2\/types\/page"}],"author":[{"embeddable":true,"href":"https:\/\/adaelektrik.com\/index.php\/wp-json\/wp\/v2\/users\/1"}],"replies":[{"embeddable":true,"href":"https:\/\/adaelektrik.com\/index.php\/wp-json\/wp\/v2\/comments?post=1569"}],"version-history":[{"count":2,"href":"https:\/\/adaelektrik.com\/index.php\/wp-json\/wp\/v2\/pages\/1569\/revisions"}],"predecessor-version":[{"id":1572,"href":"https:\/\/adaelektrik.com\/index.php\/wp-json\/wp\/v2\/pages\/1569\/revisions\/1572"}],"wp:attachment":[{"href":"https:\/\/adaelektrik.com\/index.php\/wp-json\/wp\/v2\/media?parent=1569"}],"curies":[{"name":"wp","href":"https:\/\/api.w.org\/{rel}","templated":true}]}}