{"id":1573,"date":"2020-01-22T09:53:29","date_gmt":"2020-01-22T06:53:29","guid":{"rendered":"http:\/\/avendijital.com\/adaelektrik\/?page_id=1573"},"modified":"2020-01-22T10:02:42","modified_gmt":"2020-01-22T07:02:42","slug":"proje-taahhut","status":"publish","type":"page","link":"https:\/\/adaelektrik.com\/index.php\/proje-taahhut\/","title":{"rendered":"Proje Taahh\u00fct"},"content":{"rendered":"<p>[vc_row full_width=&#8221;stretch_row&#8221; css=&#8221;.vc_custom_1579674949090{background-color: #000000 !important;}&#8221;][vc_column][vc_single_image image=&#8221;1589&#8243; img_size=&#8221;full&#8221; alignment=&#8221;center&#8221; css=&#8221;.vc_custom_1579676560612{border-radius: 3px !important;}&#8221;][vc_custom_heading text=&#8221;Proje Taahh\u00fct&#8221; font_container=&#8221;tag:h1|text_align:center|color:%23ffffff&#8221; google_fonts=&#8221;font_family:Montserrat%3Aregular%2C700|font_style:400%20regular%3A400%3Anormal&#8221;][vc_column_text]<\/p>\n<p style=\"text-align: left; color: white;\">Ada Elektrik , \u00e7al\u0131\u015fmalar\u0131nda m\u00fchendislik formasyonundan taviz vermeden, \u00f6ncelikli olarak kalite anlay\u0131\u015f\u0131n\u0131 benimseyerek bug\u00fcne kadar bir\u00e7ok proje ba\u015far\u0131 ile tamamlanm\u0131\u015ft\u0131r<br \/>\nTaahh\u00fct i\u015fleri konular\u0131nda ba\u015far\u0131y\u0131 yakalayabilmek ve uzun s\u00fcreli ba\u015far\u0131 elde edebilmek i\u00e7in, kaliteli malzeme ve hizmet, nitelikli personel ile ekip ruhuyla sistemli \u00e7al\u0131\u015fma gerekmektedir.<br \/>\nTaahh\u00fct Konular\u0131<br \/>\nSiteler<br \/>\nEvler<br \/>\nFabrikalar<br \/>\nSeralar<br \/>\nTar\u0131msal sulama tesisleri<br \/>\nOrganize sanayiler<br \/>\nY\u00fcksek Gerilim \u0130letim Hatlar\u0131<br \/>\nY\u00fcksek Gerilim Trafo Merkezleri<br \/>\nProses Otomasyonu ve SCADA Sistemleri<br \/>\nEnd\u00fcstriyel Tesisler<br \/>\nPompa \u0130stasyonlar\u0131, Ar\u0131tma Tesisleri Elektromekanik Sistemleri ve \u0130sale Hatlar\u0131<br \/>\nA.G. &#8211; Y.G. (O.G.) Elektrik Da\u011f\u0131t\u0131m Tesisleri<\/p>\n<p>[\/vc_column_text][\/vc_column][\/vc_row]<\/p>\n","protected":false},"excerpt":{"rendered":"<p>[vc_row full_width=&#8221;stretch_row&#8221; css=&#8221;.vc_custom_1579674949090{background-color: #000000 !important;}&#8221;][vc_column][vc_single_image image=&#8221;1589&#8243; img_size=&#8221;full&#8221; alignment=&#8221;center&#8221; css=&#8221;.vc_custom_1579676560612{border-radius: 3px !important;}&#8221;][vc_custom_heading text=&#8221;Proje Taahh\u00fct&#8221; font_container=&#8221;tag:h1|text_align:center|color:%23ffffff&#8221; google_fonts=&#8221;font_family:Montserrat%3Aregular%2C700|font_style:400%20regular%3A400%3Anormal&#8221;][vc_column_text] Ada Elektrik , \u00e7al\u0131\u015fmalar\u0131nda m\u00fchendislik<\/p>\n","protected":false},"author":1,"featured_media":0,"parent":0,"menu_order":0,"comment_status":"closed","ping_status":"closed","template":"","meta":[],"_links":{"self":[{"href":"https:\/\/adaelektrik.com\/index.php\/wp-json\/wp\/v2\/pages\/1573"}],"collection":[{"href":"https:\/\/adaelektrik.com\/index.php\/wp-json\/wp\/v2\/pages"}],"about":[{"href":"https:\/\/adaelektrik.com\/index.php\/wp-json\/wp\/v2\/types\/page"}],"author":[{"embeddable":true,"href":"https:\/\/adaelektrik.com\/index.php\/wp-json\/wp\/v2\/users\/1"}],"replies":[{"embeddable":true,"href":"https:\/\/adaelektrik.com\/index.php\/wp-json\/wp\/v2\/comments?post=1573"}],"version-history":[{"count":2,"href":"https:\/\/adaelektrik.com\/index.php\/wp-json\/wp\/v2\/pages\/1573\/revisions"}],"predecessor-version":[{"id":1590,"href":"https:\/\/adaelektrik.com\/index.php\/wp-json\/wp\/v2\/pages\/1573\/revisions\/1590"}],"wp:attachment":[{"href":"https:\/\/adaelektrik.com\/index.php\/wp-json\/wp\/v2\/media?parent=1573"}],"curies":[{"name":"wp","href":"https:\/\/api.w.org\/{rel}","templated":true}]}}