{"id":1716,"date":"2020-01-22T17:53:23","date_gmt":"2020-01-22T14:53:23","guid":{"rendered":"http:\/\/avendijital.com\/adaelektrik\/?page_id=1716"},"modified":"2020-01-22T18:04:20","modified_gmt":"2020-01-22T15:04:20","slug":"haberler","status":"publish","type":"page","link":"https:\/\/adaelektrik.com\/index.php\/haberler\/","title":{"rendered":"Haberler"},"content":{"rendered":"<p>[vc_row][vc_column]<div class=\"basel-blog-holder row  masonry-container\" id=\"69f25d5db25b1\" data-paged=\"1\" data-atts=\"{&quot;post_type&quot;:&quot;post&quot;,&quot;include&quot;:&quot;&quot;,&quot;custom_query&quot;:&quot;&quot;,&quot;taxonomies&quot;:&quot;&quot;,&quot;pagination&quot;:&quot;&quot;,&quot;parts_title&quot;:&quot;1&quot;,&quot;parts_meta&quot;:&quot;0&quot;,&quot;parts_text&quot;:&quot;0&quot;,&quot;parts_media&quot;:true,&quot;parts_btn&quot;:&quot;0&quot;,&quot;items_per_page&quot;:&quot;4&quot;,&quot;offset&quot;:&quot;&quot;,&quot;orderby&quot;:&quot;&quot;,&quot;order&quot;:&quot;DESC&quot;,&quot;meta_key&quot;:&quot;&quot;,&quot;exclude&quot;:&quot;&quot;,&quot;class&quot;:&quot;&quot;,&quot;ajax_page&quot;:&quot;&quot;,&quot;img_size&quot;:&quot;700x500&quot;,&quot;blog_design&quot;:&quot;masonry&quot;,&quot;blog_columns&quot;:&quot;2&quot;}\">\n<article id=\"post-1709\" class=\"blog-design-masonry blog-post-loop blog-style-  col-xs-12 col-sm-6 col-md-6 post-1709 post type-post status-publish format-standard has-post-thumbnail hentry category-haberler\">\n\t\t\t<header class=\"entry-header\">\n\t\t\t\t\t<figure id=\"carousel-786\" class=\"entry-thumbnail\" data-owl-carousel data-hide_pagination_control=\"yes\" data-desktop=\"1\" data-desktop_small=\"1\" data-tablet=\"1\" data-mobile=\"1\">\n\t\t\t\t\n\t\t\t\t\n\t\t\t\t\t<div class=\"post-img-wrapp\">\n\t\t\t\t\t\t<a href=\"https:\/\/adaelektrik.com\/index.php\/2020\/01\/22\/evinin-farkli-odalarinda-hangi-aydinlatma-tekniklerini-kullanmalisin\/\">\n\t\t\t\t\t\t\t<img class=\"attachment-large wp-post-image \" src=\"https:\/\/adaelektrik.com\/wp-content\/uploads\/2020\/01\/kapak-700x500.jpg\" width=\"700\" height=\"500\" alt=\"kapak\" title=\"kapak\" \/>\t\t\t\t\t\t<\/a>\n\t\t\t\t\t<\/div>\n\t\t\t\t\t<div class=\"post-image-mask\">\n\t\t\t\t\t\t<a href=\"https:\/\/adaelektrik.com\/index.php\/2020\/01\/22\/evinin-farkli-odalarinda-hangi-aydinlatma-tekniklerini-kullanmalisin\/\">Read More<\/a>\n\t\t\t\t\t<\/div>\n\t\t\t\t\t\n\t\t\t\t\n\t\t\t<\/figure>\n\t\t\n\t\t\n\t\t\t\t\t\t<div class=\"post-date\" onclick=\"\">\n\t\t\t\t<span class=\"post-date-day\">\n\t\t\t\t\t22\t\t\t\t<\/span>\n\t\t\t\t<span class=\"post-date-month\">\n\t\t\t\t\tOca\t\t\t\t<\/span>\n\t\t\t<\/div>\n\t\t\n\t\t\t<div class=\"post-mask\">\n\t\t\t\t\t\t\t\t\t<div class=\"meta-post-categories\"><a href=\"https:\/\/adaelektrik.com\/index.php\/category\/haberler\/\" rel=\"category tag\">Haberler<\/a><\/div>\n\t\t\t\t\n\t\t\t\t\t\t\t\t\t<h3 class=\"entry-title\">\n\t\t\t\t\t\t<a href=\"https:\/\/adaelektrik.com\/index.php\/2020\/01\/22\/evinin-farkli-odalarinda-hangi-aydinlatma-tekniklerini-kullanmalisin\/\" rel=\"bookmark\">Evinin Farkl\u0131 Odalar\u0131nda Hangi Ayd\u0131nlatma Tekniklerini Kullanmal\u0131s\u0131n?<\/a>\n\t\t\t\t\t<\/h3>\n\t\t\t\t\n\t\t\t\t\t\t\t<\/div>\n\t\t\n\t<\/header><!-- .entry-header -->\n\n\t\n\t<div class=\"liner-continer\">\n\t\t<span class=\"left-line\"><\/span>\n\t\t\n\t\t\t<ul class=\"social-icons text-center icons-design-circle icons-size-small social-share \">\n\t\t\t\t\n\t\t\t\t\n\t\t\t\t\n\t\t\t\t\n\t\t\t\t\n\t\t\t\t\n\t\t\t\t\n\t\t\t\t\n\t\t\t\t\n\t\t\t\t\n\t\t\t\t\n\t\t\t\t\n\t\t\t\t\n\t\t\t\t\n\t\t\t\t\n\t\t\t\t\n\t\t\t\t\t\t\t\t\n\t\t\t\t\n\t\t\t\t\n\t\t\t\t\n\t\t\t<\/ul>\n\n\t\t\t\t<span class=\"right-line\"><\/span>\n\t<\/div>\n\n\t<\/article><!-- #post -->\n\n\n<article id=\"post-1706\" class=\"blog-design-masonry blog-post-loop blog-style-  col-xs-12 col-sm-6 col-md-6 first  post-1706 post type-post status-publish format-standard has-post-thumbnail hentry category-haberler\">\n\t\t\t<header class=\"entry-header\">\n\t\t\t\t\t<figure id=\"carousel-269\" class=\"entry-thumbnail\" data-owl-carousel data-hide_pagination_control=\"yes\" data-desktop=\"1\" data-desktop_small=\"1\" data-tablet=\"1\" data-mobile=\"1\">\n\t\t\t\t\n\t\t\t\t\n\t\t\t\t\t<div class=\"post-img-wrapp\">\n\t\t\t\t\t\t<a href=\"https:\/\/adaelektrik.com\/index.php\/2020\/01\/22\/enerji-kimlik-belgesi-nedir\/\">\n\t\t\t\t\t\t\t<img class=\"attachment-large wp-post-image \" src=\"https:\/\/adaelektrik.com\/wp-content\/uploads\/2020\/01\/enerji_kimlik_hero-01-700x500.jpg\" width=\"700\" height=\"500\" alt=\"enerji_kimlik_hero-01\" title=\"enerji_kimlik_hero-01\" \/>\t\t\t\t\t\t<\/a>\n\t\t\t\t\t<\/div>\n\t\t\t\t\t<div class=\"post-image-mask\">\n\t\t\t\t\t\t<a href=\"https:\/\/adaelektrik.com\/index.php\/2020\/01\/22\/enerji-kimlik-belgesi-nedir\/\">Read More<\/a>\n\t\t\t\t\t<\/div>\n\t\t\t\t\t\n\t\t\t\t\n\t\t\t<\/figure>\n\t\t\n\t\t\n\t\t\t\t\t\t<div class=\"post-date\" onclick=\"\">\n\t\t\t\t<span class=\"post-date-day\">\n\t\t\t\t\t22\t\t\t\t<\/span>\n\t\t\t\t<span class=\"post-date-month\">\n\t\t\t\t\tOca\t\t\t\t<\/span>\n\t\t\t<\/div>\n\t\t\n\t\t\t<div class=\"post-mask\">\n\t\t\t\t\t\t\t\t\t<div class=\"meta-post-categories\"><a href=\"https:\/\/adaelektrik.com\/index.php\/category\/haberler\/\" rel=\"category tag\">Haberler<\/a><\/div>\n\t\t\t\t\n\t\t\t\t\t\t\t\t\t<h3 class=\"entry-title\">\n\t\t\t\t\t\t<a href=\"https:\/\/adaelektrik.com\/index.php\/2020\/01\/22\/enerji-kimlik-belgesi-nedir\/\" rel=\"bookmark\">Enerji Kimlik Belgesi Nedir?<\/a>\n\t\t\t\t\t<\/h3>\n\t\t\t\t\n\t\t\t\t\t\t\t<\/div>\n\t\t\n\t<\/header><!-- .entry-header -->\n\n\t\n\t<div class=\"liner-continer\">\n\t\t<span class=\"left-line\"><\/span>\n\t\t\n\t\t\t<ul class=\"social-icons text-center icons-design-circle icons-size-small social-share \">\n\t\t\t\t\n\t\t\t\t\n\t\t\t\t\n\t\t\t\t\n\t\t\t\t\n\t\t\t\t\n\t\t\t\t\n\t\t\t\t\n\t\t\t\t\n\t\t\t\t\n\t\t\t\t\n\t\t\t\t\n\t\t\t\t\n\t\t\t\t\n\t\t\t\t\n\t\t\t\t\n\t\t\t\t\t\t\t\t\n\t\t\t\t\n\t\t\t\t\n\t\t\t\t\n\t\t\t<\/ul>\n\n\t\t\t\t<span class=\"right-line\"><\/span>\n\t<\/div>\n\n\t<\/article><!-- #post -->\n\n\n<article id=\"post-1704\" class=\"blog-design-masonry blog-post-loop blog-style-  col-xs-12 col-sm-6 col-md-6 last  post-1704 post type-post status-publish format-standard has-post-thumbnail hentry category-haberler\">\n\t\t\t<header class=\"entry-header\">\n\t\t\t\t\t<figure id=\"carousel-967\" class=\"entry-thumbnail\" data-owl-carousel data-hide_pagination_control=\"yes\" data-desktop=\"1\" data-desktop_small=\"1\" data-tablet=\"1\" data-mobile=\"1\">\n\t\t\t\t\n\t\t\t\t\n\t\t\t\t\t<div class=\"post-img-wrapp\">\n\t\t\t\t\t\t<a href=\"https:\/\/adaelektrik.com\/index.php\/2020\/01\/22\/evde-led-aydinlatma-dekorasyonu\/\">\n\t\t\t\t\t\t\t<img class=\"attachment-large wp-post-image \" src=\"https:\/\/adaelektrik.com\/wp-content\/uploads\/2020\/01\/2016-lambader-modelleri.jpg\" width=\"650\" height=\"350\" alt=\"2016-lambader-modelleri\" title=\"2016-lambader-modelleri\" \/>\t\t\t\t\t\t<\/a>\n\t\t\t\t\t<\/div>\n\t\t\t\t\t<div class=\"post-image-mask\">\n\t\t\t\t\t\t<a href=\"https:\/\/adaelektrik.com\/index.php\/2020\/01\/22\/evde-led-aydinlatma-dekorasyonu\/\">Read More<\/a>\n\t\t\t\t\t<\/div>\n\t\t\t\t\t\n\t\t\t\t\n\t\t\t<\/figure>\n\t\t\n\t\t\n\t\t\t\t\t\t<div class=\"post-date\" onclick=\"\">\n\t\t\t\t<span class=\"post-date-day\">\n\t\t\t\t\t22\t\t\t\t<\/span>\n\t\t\t\t<span class=\"post-date-month\">\n\t\t\t\t\tOca\t\t\t\t<\/span>\n\t\t\t<\/div>\n\t\t\n\t\t\t<div class=\"post-mask\">\n\t\t\t\t\t\t\t\t\t<div class=\"meta-post-categories\"><a href=\"https:\/\/adaelektrik.com\/index.php\/category\/haberler\/\" rel=\"category tag\">Haberler<\/a><\/div>\n\t\t\t\t\n\t\t\t\t\t\t\t\t\t<h3 class=\"entry-title\">\n\t\t\t\t\t\t<a href=\"https:\/\/adaelektrik.com\/index.php\/2020\/01\/22\/evde-led-aydinlatma-dekorasyonu\/\" rel=\"bookmark\">EVDE LED AYDINLATMA DEKORASYONU<\/a>\n\t\t\t\t\t<\/h3>\n\t\t\t\t\n\t\t\t\t\t\t\t<\/div>\n\t\t\n\t<\/header><!-- .entry-header -->\n\n\t\n\t<div class=\"liner-continer\">\n\t\t<span class=\"left-line\"><\/span>\n\t\t\n\t\t\t<ul class=\"social-icons text-center icons-design-circle icons-size-small social-share \">\n\t\t\t\t\n\t\t\t\t\n\t\t\t\t\n\t\t\t\t\n\t\t\t\t\n\t\t\t\t\n\t\t\t\t\n\t\t\t\t\n\t\t\t\t\n\t\t\t\t\n\t\t\t\t\n\t\t\t\t\n\t\t\t\t\n\t\t\t\t\n\t\t\t\t\n\t\t\t\t\n\t\t\t\t\t\t\t\t\n\t\t\t\t\n\t\t\t\t\n\t\t\t\t\n\t\t\t<\/ul>\n\n\t\t\t\t<span class=\"right-line\"><\/span>\n\t<\/div>\n\n\t<\/article><!-- #post -->\n\n\n<article id=\"post-160\" class=\"blog-design-masonry blog-post-loop blog-style-  col-xs-12 col-sm-6 col-md-6 first  post-160 post type-post status-publish format-standard has-post-thumbnail hentry category-haberler\">\n\t\t\t<header class=\"entry-header\">\n\t\t\t\t\t<figure id=\"carousel-271\" class=\"entry-thumbnail\" data-owl-carousel data-hide_pagination_control=\"yes\" data-desktop=\"1\" data-desktop_small=\"1\" data-tablet=\"1\" data-mobile=\"1\">\n\t\t\t\t\n\t\t\t\t\n\t\t\t\t\t<div class=\"post-img-wrapp\">\n\t\t\t\t\t\t<a href=\"https:\/\/adaelektrik.com\/index.php\/2017\/01\/24\/devir-teknoloji-devri\/\">\n\t\t\t\t\t\t\t<img class=\"attachment-large wp-post-image \" src=\"https:\/\/adaelektrik.com\/wp-content\/uploads\/2017\/01\/devir-teknoloji-devri-1579663093-1.jpg\" width=\"640\" height=\"352\" alt=\"devir-teknoloji-devri-1579663093 (1)\" title=\"devir-teknoloji-devri-1579663093 (1)\" \/>\t\t\t\t\t\t<\/a>\n\t\t\t\t\t<\/div>\n\t\t\t\t\t<div class=\"post-image-mask\">\n\t\t\t\t\t\t<a href=\"https:\/\/adaelektrik.com\/index.php\/2017\/01\/24\/devir-teknoloji-devri\/\">Read More<\/a>\n\t\t\t\t\t<\/div>\n\t\t\t\t\t\n\t\t\t\t\n\t\t\t<\/figure>\n\t\t\n\t\t\n\t\t\t\t\t\t<div class=\"post-date\" onclick=\"\">\n\t\t\t\t<span class=\"post-date-day\">\n\t\t\t\t\t24\t\t\t\t<\/span>\n\t\t\t\t<span class=\"post-date-month\">\n\t\t\t\t\tOca\t\t\t\t<\/span>\n\t\t\t<\/div>\n\t\t\n\t\t\t<div class=\"post-mask\">\n\t\t\t\t\t\t\t\t\t<div class=\"meta-post-categories\"><a href=\"https:\/\/adaelektrik.com\/index.php\/category\/haberler\/\" rel=\"category tag\">Haberler<\/a><\/div>\n\t\t\t\t\n\t\t\t\t\t\t\t\t\t<h3 class=\"entry-title\">\n\t\t\t\t\t\t<a href=\"https:\/\/adaelektrik.com\/index.php\/2017\/01\/24\/devir-teknoloji-devri\/\" rel=\"bookmark\">Devir teknoloji devri<\/a>\n\t\t\t\t\t<\/h3>\n\t\t\t\t\n\t\t\t\t\t\t\t<\/div>\n\t\t\n\t<\/header><!-- .entry-header -->\n\n\t\n\t<div class=\"liner-continer\">\n\t\t<span class=\"left-line\"><\/span>\n\t\t\n\t\t\t<ul class=\"social-icons text-center icons-design-circle icons-size-small social-share \">\n\t\t\t\t\n\t\t\t\t\n\t\t\t\t\n\t\t\t\t\n\t\t\t\t\n\t\t\t\t\n\t\t\t\t\n\t\t\t\t\n\t\t\t\t\n\t\t\t\t\n\t\t\t\t\n\t\t\t\t\n\t\t\t\t\n\t\t\t\t\n\t\t\t\t\n\t\t\t\t\n\t\t\t\t\t\t\t\t\n\t\t\t\t\n\t\t\t\t\n\t\t\t\t\n\t\t\t<\/ul>\n\n\t\t\t\t<span class=\"right-line\"><\/span>\n\t<\/div>\n\n\t<\/article><!-- #post -->\n\n<\/div>[\/vc_column][\/vc_row]<\/p>\n","protected":false},"excerpt":{"rendered":"<p>[vc_row][vc_column][\/vc_column][\/vc_row]<\/p>\n","protected":false},"author":1,"featured_media":0,"parent":0,"menu_order":0,"comment_status":"closed","ping_status":"closed","template":"","meta":[],"_links":{"self":[{"href":"https:\/\/adaelektrik.com\/index.php\/wp-json\/wp\/v2\/pages\/1716"}],"collection":[{"href":"https:\/\/adaelektrik.com\/index.php\/wp-json\/wp\/v2\/pages"}],"about":[{"href":"https:\/\/adaelektrik.com\/index.php\/wp-json\/wp\/v2\/types\/page"}],"author":[{"embeddable":true,"href":"https:\/\/adaelektrik.com\/index.php\/wp-json\/wp\/v2\/users\/1"}],"replies":[{"embeddable":true,"href":"https:\/\/adaelektrik.com\/index.php\/wp-json\/wp\/v2\/comments?post=1716"}],"version-history":[{"count":4,"href":"https:\/\/adaelektrik.com\/index.php\/wp-json\/wp\/v2\/pages\/1716\/revisions"}],"predecessor-version":[{"id":1722,"href":"https:\/\/adaelektrik.com\/index.php\/wp-json\/wp\/v2\/pages\/1716\/revisions\/1722"}],"wp:attachment":[{"href":"https:\/\/adaelektrik.com\/index.php\/wp-json\/wp\/v2\/media?parent=1716"}],"curies":[{"name":"wp","href":"https:\/\/api.w.org\/{rel}","templated":true}]}}