{"id":3121,"date":"2020-01-30T09:30:50","date_gmt":"2020-01-30T06:30:50","guid":{"rendered":"http:\/\/avendijital.com\/adaelektrik\/?page_id=3121"},"modified":"2020-01-30T09:31:19","modified_gmt":"2020-01-30T06:31:19","slug":"aluminyum-iletkenli-guc-kablolari","status":"publish","type":"page","link":"https:\/\/adaelektrik.com\/index.php\/aluminyum-iletkenli-guc-kablolari\/","title":{"rendered":"AL\u00dcM\u0130NYUM \u0130LETKENL\u0130 G\u00dc\u00c7 KABLOLARI"},"content":{"rendered":"<p>[vc_row][vc_column]\n\t\t\t\t\t\t<div class=\"site-content page-portfolio portfolio-layout-boxed portfolio- col-sm-12\" role=\"main\">\n\t\t\t\n\t\t\t\t\t\t\t\t\t\t\t\t\t\t\t<div class=\"row row-spacing-6 \">\n\n\t\t\t\t\t\t\t\n\t\t\t\t\t\t\t<div class=\"clear\"><\/div>\n\n\t\t\t\t\t\t\t<div class=\"masonry-container basel-portfolio-holder\" data-atts=\"{&quot;posts_per_page&quot;:&quot;&quot;,&quot;filters&quot;:&quot;&quot;,&quot;categories&quot;:&quot;49&quot;,&quot;style&quot;:&quot;&quot;,&quot;columns&quot;:&quot;3&quot;,&quot;spacing&quot;:&quot;6&quot;,&quot;full_width&quot;:&quot;&quot;,&quot;filters_bg&quot;:&quot;&quot;,&quot;ajax_page&quot;:&quot;&quot;,&quot;pagination&quot;:&quot;&quot;,&quot;basel_color_scheme&quot;:&quot;&quot;,&quot;orderby&quot;:&quot;&quot;,&quot;order&quot;:&quot;&quot;,&quot;el_class&quot;:&quot;&quot;}\" data-source=\"shortcode\" data-paged=\"1\">\n\t\t\t\t\t\n\t\t\t\t\t\t\t\t\t\t\t\t\t\t\t\t\t\t\t\t\t\t\n<article id=\"post-3038\" class=\"portfolio-entry  col-xs-12 col-sm-4 col-md-4 portfolio-single masonry-item proj-cat-orta-geri%cc%87li%cc%87m-guc-kablolari post-3038 portfolio type-portfolio status-publish has-post-thumbnail hentry project-cat-orta-gerilim-guc-kablolari\">\n\t\t\t<header class=\"entry-header\">\n\t\t\t<figure class=\"entry-thumbnail\">\n\t\t\t\t\t\t\t\t\t\t\t\t<a href=\"https:\/\/adaelektrik.com\/index.php\/portfolio\/203-35-kv-xlpe-izoleli-yuvarlak-celik-tel-zirhli-aluminyum-iletkenli-orta-gerilim-guc-kablolariak-celik-tel-zirhli-aluminyum-iletkenli-orta-gerilim-guc-kablolari-2\/\" class=\"portfolio-thumbnail\">\n\t\t\t\t\t\t\t\t<img width=\"1000\" height=\"500\" src=\"https:\/\/adaelektrik.com\/wp-content\/uploads\/2020\/01\/55-1.png\" class=\"attachment-large size-large wp-post-image\" alt=\"\" decoding=\"async\" loading=\"lazy\" srcset=\"https:\/\/adaelektrik.com\/wp-content\/uploads\/2020\/01\/55-1.png 1000w, https:\/\/adaelektrik.com\/wp-content\/uploads\/2020\/01\/55-1-300x150.png 300w, https:\/\/adaelektrik.com\/wp-content\/uploads\/2020\/01\/55-1-768x384.png 768w\" sizes=\"(max-width: 1000px) 100vw, 1000px\" \/>\t\t\t\t\t\t\t<\/a>\n\t\t\t\t\t\t\t\t\t\t<a href=\"https:\/\/adaelektrik.com\/wp-content\/uploads\/2020\/01\/55-1.png\" class=\"portfolio-enlarge\">View Large<\/a>\n\t\t\t<\/figure>\n\t\t\n\t\t<div class=\"portfolio-info\">\n\t\t\t\n\t\t\t\t\t\t\t<h3 class=\"entry-title\">\n\t\t\t\t\t<a href=\"https:\/\/adaelektrik.com\/index.php\/portfolio\/203-35-kv-xlpe-izoleli-yuvarlak-celik-tel-zirhli-aluminyum-iletkenli-orta-gerilim-guc-kablolariak-celik-tel-zirhli-aluminyum-iletkenli-orta-gerilim-guc-kablolari-2\/\" rel=\"bookmark\">20,3\/35 KV XLPE \u0130ZOLEL\u0130 YUVARLAK \u00c7EL\u0130K TEL ZIRHLI AL\u00dcM\u0130NYUM \u0130LETKENL\u0130 ORTA GER\u0130L\u0130M G\u00dc\u00c7 KABLOLARI<\/a>\n\t\t\t\t<\/h3>\n\t\t\t\n\t\t\t\t\t\t\t\t<ul class=\"proj-cats-list font-alt\">\n\t\t\t\t\t\t\t\t\t\t\t\t<li>orta geri\u0307li\u0307m g\u00fc\u00e7 kablolari<\/li>\n\t\t\t\t\t\t\t\t\t\t\t<\/ul>\n\t\t\t\t\t\t\t <\/div>\n\t <\/header>\n\n\t\t\t<div class=\"entry-summary\">\n\t\t\t\t\t<\/div><!-- .entry-summary -->\n\t\n<\/article><!-- #post -->\n\t\t\t\t\t\t\t\t\t\t\t\t\t\t\t\n<article id=\"post-3036\" class=\"portfolio-entry  col-xs-12 col-sm-4 col-md-4 portfolio-single masonry-item proj-cat-orta-geri%cc%87li%cc%87m-guc-kablolari post-3036 portfolio type-portfolio status-publish has-post-thumbnail hentry project-cat-orta-gerilim-guc-kablolari\">\n\t\t\t<header class=\"entry-header\">\n\t\t\t<figure class=\"entry-thumbnail\">\n\t\t\t\t\t\t\t\t\t\t\t\t<a href=\"https:\/\/adaelektrik.com\/index.php\/portfolio\/18-30-kv-xlpe-izoleli-yuvarlak-celik-tel-zirhli-aluminyum-iletkenli-orta-gerilim-guc-kablolari\/\" class=\"portfolio-thumbnail\">\n\t\t\t\t\t\t\t\t<img width=\"1000\" height=\"500\" src=\"https:\/\/adaelektrik.com\/wp-content\/uploads\/2020\/01\/X4-1.png\" class=\"attachment-large size-large wp-post-image\" alt=\"\" decoding=\"async\" loading=\"lazy\" srcset=\"https:\/\/adaelektrik.com\/wp-content\/uploads\/2020\/01\/X4-1.png 1000w, https:\/\/adaelektrik.com\/wp-content\/uploads\/2020\/01\/X4-1-300x150.png 300w, https:\/\/adaelektrik.com\/wp-content\/uploads\/2020\/01\/X4-1-768x384.png 768w\" sizes=\"(max-width: 1000px) 100vw, 1000px\" \/>\t\t\t\t\t\t\t<\/a>\n\t\t\t\t\t\t\t\t\t\t<a href=\"https:\/\/adaelektrik.com\/wp-content\/uploads\/2020\/01\/X4-1.png\" class=\"portfolio-enlarge\">View Large<\/a>\n\t\t\t<\/figure>\n\t\t\n\t\t<div class=\"portfolio-info\">\n\t\t\t\n\t\t\t\t\t\t\t<h3 class=\"entry-title\">\n\t\t\t\t\t<a href=\"https:\/\/adaelektrik.com\/index.php\/portfolio\/18-30-kv-xlpe-izoleli-yuvarlak-celik-tel-zirhli-aluminyum-iletkenli-orta-gerilim-guc-kablolari\/\" rel=\"bookmark\">18\/30 KV XLPE \u0130ZOLEL\u0130 YUVARLAK \u00c7EL\u0130K TEL ZIRHLI AL\u00dcM\u0130NYUM \u0130LETKENL\u0130 ORTA GER\u0130L\u0130M G\u00dc\u00c7 KABLOLARI<\/a>\n\t\t\t\t<\/h3>\n\t\t\t\n\t\t\t\t\t\t\t\t<ul class=\"proj-cats-list font-alt\">\n\t\t\t\t\t\t\t\t\t\t\t\t<li>orta geri\u0307li\u0307m g\u00fc\u00e7 kablolari<\/li>\n\t\t\t\t\t\t\t\t\t\t\t<\/ul>\n\t\t\t\t\t\t\t <\/div>\n\t <\/header>\n\n\t\t\t<div class=\"entry-summary\">\n\t\t\t\t\t<\/div><!-- .entry-summary -->\n\t\n<\/article><!-- #post -->\n\t\t\t\t\t\t\t\t\t\t\t\t\t\t\t\n<article id=\"post-3035\" class=\"portfolio-entry  col-xs-12 col-sm-4 col-md-4 portfolio-single masonry-item proj-cat-orta-geri%cc%87li%cc%87m-guc-kablolari post-3035 portfolio type-portfolio status-publish has-post-thumbnail hentry project-cat-orta-gerilim-guc-kablolari\">\n\t\t\t<header class=\"entry-header\">\n\t\t\t<figure class=\"entry-thumbnail\">\n\t\t\t\t\t\t\t\t\t\t\t\t<a href=\"https:\/\/adaelektrik.com\/index.php\/portfolio\/12-20-kv-xlpe-izoleli-yuvarlak-celik-tel-zirhli-aluminyum-iletkenli-orta-gerilim-guc-kablolari\/\" class=\"portfolio-thumbnail\">\n\t\t\t\t\t\t\t\t<img width=\"1000\" height=\"500\" src=\"https:\/\/adaelektrik.com\/wp-content\/uploads\/2020\/01\/X4-1.png\" class=\"attachment-large size-large wp-post-image\" alt=\"\" decoding=\"async\" loading=\"lazy\" srcset=\"https:\/\/adaelektrik.com\/wp-content\/uploads\/2020\/01\/X4-1.png 1000w, https:\/\/adaelektrik.com\/wp-content\/uploads\/2020\/01\/X4-1-300x150.png 300w, https:\/\/adaelektrik.com\/wp-content\/uploads\/2020\/01\/X4-1-768x384.png 768w\" sizes=\"(max-width: 1000px) 100vw, 1000px\" \/>\t\t\t\t\t\t\t<\/a>\n\t\t\t\t\t\t\t\t\t\t<a href=\"https:\/\/adaelektrik.com\/wp-content\/uploads\/2020\/01\/X4-1.png\" class=\"portfolio-enlarge\">View Large<\/a>\n\t\t\t<\/figure>\n\t\t\n\t\t<div class=\"portfolio-info\">\n\t\t\t\n\t\t\t\t\t\t\t<h3 class=\"entry-title\">\n\t\t\t\t\t<a href=\"https:\/\/adaelektrik.com\/index.php\/portfolio\/12-20-kv-xlpe-izoleli-yuvarlak-celik-tel-zirhli-aluminyum-iletkenli-orta-gerilim-guc-kablolari\/\" rel=\"bookmark\">12\/20 KV XLPE \u0130ZOLEL\u0130 YUVARLAK \u00c7EL\u0130K TEL ZIRHLI AL\u00dcM\u0130NYUM \u0130LETKENL\u0130 ORTA GER\u0130L\u0130M G\u00dc\u00c7 KABLOLARI<\/a>\n\t\t\t\t<\/h3>\n\t\t\t\n\t\t\t\t\t\t\t\t<ul class=\"proj-cats-list font-alt\">\n\t\t\t\t\t\t\t\t\t\t\t\t<li>orta geri\u0307li\u0307m g\u00fc\u00e7 kablolari<\/li>\n\t\t\t\t\t\t\t\t\t\t\t<\/ul>\n\t\t\t\t\t\t\t <\/div>\n\t <\/header>\n\n\t\t\t<div class=\"entry-summary\">\n\t\t\t\t\t<\/div><!-- .entry-summary -->\n\t\n<\/article><!-- #post -->\n\t\t\t\t\t\t\t\t\t\t\t\t\t\t\t\n<article id=\"post-3034\" class=\"portfolio-entry  col-xs-12 col-sm-4 col-md-4 portfolio-single masonry-item proj-cat-orta-geri%cc%87li%cc%87m-guc-kablolari post-3034 portfolio type-portfolio status-publish has-post-thumbnail hentry project-cat-orta-gerilim-guc-kablolari\">\n\t\t\t<header class=\"entry-header\">\n\t\t\t<figure class=\"entry-thumbnail\">\n\t\t\t\t\t\t\t\t\t\t\t\t<a href=\"https:\/\/adaelektrik.com\/index.php\/portfolio\/87-15-kv-xlpe-izoleli-yuvarlak-celik-tel-zirhli-aluminyum-iletkenli-orta-gerilim-guc-kablolari\/\" class=\"portfolio-thumbnail\">\n\t\t\t\t\t\t\t\t<img width=\"1000\" height=\"500\" src=\"https:\/\/adaelektrik.com\/wp-content\/uploads\/2020\/01\/X4-2.png\" class=\"attachment-large size-large wp-post-image\" alt=\"\" decoding=\"async\" loading=\"lazy\" srcset=\"https:\/\/adaelektrik.com\/wp-content\/uploads\/2020\/01\/X4-2.png 1000w, https:\/\/adaelektrik.com\/wp-content\/uploads\/2020\/01\/X4-2-300x150.png 300w, https:\/\/adaelektrik.com\/wp-content\/uploads\/2020\/01\/X4-2-768x384.png 768w\" sizes=\"(max-width: 1000px) 100vw, 1000px\" \/>\t\t\t\t\t\t\t<\/a>\n\t\t\t\t\t\t\t\t\t\t<a href=\"https:\/\/adaelektrik.com\/wp-content\/uploads\/2020\/01\/X4-2.png\" class=\"portfolio-enlarge\">View Large<\/a>\n\t\t\t<\/figure>\n\t\t\n\t\t<div class=\"portfolio-info\">\n\t\t\t\n\t\t\t\t\t\t\t<h3 class=\"entry-title\">\n\t\t\t\t\t<a href=\"https:\/\/adaelektrik.com\/index.php\/portfolio\/87-15-kv-xlpe-izoleli-yuvarlak-celik-tel-zirhli-aluminyum-iletkenli-orta-gerilim-guc-kablolari\/\" rel=\"bookmark\">8,7\/15 KV XLPE \u0130ZOLEL\u0130 YUVARLAK \u00c7EL\u0130K TEL ZIRHLI AL\u00dcM\u0130NYUM \u0130LETKENL\u0130 ORTA GER\u0130L\u0130M G\u00dc\u00c7 KABLOLARI<\/a>\n\t\t\t\t<\/h3>\n\t\t\t\n\t\t\t\t\t\t\t\t<ul class=\"proj-cats-list font-alt\">\n\t\t\t\t\t\t\t\t\t\t\t\t<li>orta geri\u0307li\u0307m g\u00fc\u00e7 kablolari<\/li>\n\t\t\t\t\t\t\t\t\t\t\t<\/ul>\n\t\t\t\t\t\t\t <\/div>\n\t <\/header>\n\n\t\t\t<div class=\"entry-summary\">\n\t\t\t\t\t<\/div><!-- .entry-summary -->\n\t\n<\/article><!-- #post -->\n\t\t\t\t\t\t\t\t\t\t\t\t\t\t\t\n<article id=\"post-3033\" class=\"portfolio-entry  col-xs-12 col-sm-4 col-md-4 portfolio-single masonry-item proj-cat-orta-geri%cc%87li%cc%87m-guc-kablolari post-3033 portfolio type-portfolio status-publish has-post-thumbnail hentry project-cat-orta-gerilim-guc-kablolari\">\n\t\t\t<header class=\"entry-header\">\n\t\t\t<figure class=\"entry-thumbnail\">\n\t\t\t\t\t\t\t\t\t\t\t\t<a href=\"https:\/\/adaelektrik.com\/index.php\/portfolio\/6-10-kv-xlpe-izoleli-yuvarlak-celik-tel-zirhli-aluminyum-iletkenli-orta-gerilim-guc-kablolari\/\" class=\"portfolio-thumbnail\">\n\t\t\t\t\t\t\t\t<img width=\"1000\" height=\"500\" src=\"https:\/\/adaelektrik.com\/wp-content\/uploads\/2020\/01\/X4-2.png\" class=\"attachment-large size-large wp-post-image\" alt=\"\" decoding=\"async\" loading=\"lazy\" srcset=\"https:\/\/adaelektrik.com\/wp-content\/uploads\/2020\/01\/X4-2.png 1000w, https:\/\/adaelektrik.com\/wp-content\/uploads\/2020\/01\/X4-2-300x150.png 300w, https:\/\/adaelektrik.com\/wp-content\/uploads\/2020\/01\/X4-2-768x384.png 768w\" sizes=\"(max-width: 1000px) 100vw, 1000px\" \/>\t\t\t\t\t\t\t<\/a>\n\t\t\t\t\t\t\t\t\t\t<a href=\"https:\/\/adaelektrik.com\/wp-content\/uploads\/2020\/01\/X4-2.png\" class=\"portfolio-enlarge\">View Large<\/a>\n\t\t\t<\/figure>\n\t\t\n\t\t<div class=\"portfolio-info\">\n\t\t\t\n\t\t\t\t\t\t\t<h3 class=\"entry-title\">\n\t\t\t\t\t<a href=\"https:\/\/adaelektrik.com\/index.php\/portfolio\/6-10-kv-xlpe-izoleli-yuvarlak-celik-tel-zirhli-aluminyum-iletkenli-orta-gerilim-guc-kablolari\/\" rel=\"bookmark\">6\/10 KV XLPE \u0130ZOLEL\u0130 YUVARLAK \u00c7EL\u0130K TEL ZIRHLI AL\u00dcM\u0130NYUM \u0130LETKENL\u0130 ORTA GER\u0130L\u0130M G\u00dc\u00c7 KABLOLARI<\/a>\n\t\t\t\t<\/h3>\n\t\t\t\n\t\t\t\t\t\t\t\t<ul class=\"proj-cats-list font-alt\">\n\t\t\t\t\t\t\t\t\t\t\t\t<li>orta geri\u0307li\u0307m g\u00fc\u00e7 kablolari<\/li>\n\t\t\t\t\t\t\t\t\t\t\t<\/ul>\n\t\t\t\t\t\t\t <\/div>\n\t <\/header>\n\n\t\t\t<div class=\"entry-summary\">\n\t\t\t\t\t<\/div><!-- .entry-summary -->\n\t\n<\/article><!-- #post -->\n\t\t\t\t\t\t\t\t\t\t\t\t\t\t\t\n<article id=\"post-3031\" class=\"portfolio-entry  col-xs-12 col-sm-4 col-md-4 portfolio-single masonry-item proj-cat-orta-geri%cc%87li%cc%87m-guc-kablolari post-3031 portfolio type-portfolio status-publish has-post-thumbnail hentry project-cat-orta-gerilim-guc-kablolari\">\n\t\t\t<header class=\"entry-header\">\n\t\t\t<figure class=\"entry-thumbnail\">\n\t\t\t\t\t\t\t\t\t\t\t\t<a href=\"https:\/\/adaelektrik.com\/index.php\/portfolio\/36-6-kv-xlpe-izoleli-yuvarlak-celik-tel-zirhli-aluminyum-iletkenli-orta-gerilim-guc-kablolari\/\" class=\"portfolio-thumbnail\">\n\t\t\t\t\t\t\t\t<img width=\"1000\" height=\"500\" src=\"https:\/\/adaelektrik.com\/wp-content\/uploads\/2020\/01\/X4-2.png\" class=\"attachment-large size-large wp-post-image\" alt=\"\" decoding=\"async\" loading=\"lazy\" srcset=\"https:\/\/adaelektrik.com\/wp-content\/uploads\/2020\/01\/X4-2.png 1000w, https:\/\/adaelektrik.com\/wp-content\/uploads\/2020\/01\/X4-2-300x150.png 300w, https:\/\/adaelektrik.com\/wp-content\/uploads\/2020\/01\/X4-2-768x384.png 768w\" sizes=\"(max-width: 1000px) 100vw, 1000px\" \/>\t\t\t\t\t\t\t<\/a>\n\t\t\t\t\t\t\t\t\t\t<a href=\"https:\/\/adaelektrik.com\/wp-content\/uploads\/2020\/01\/X4-2.png\" class=\"portfolio-enlarge\">View Large<\/a>\n\t\t\t<\/figure>\n\t\t\n\t\t<div class=\"portfolio-info\">\n\t\t\t\n\t\t\t\t\t\t\t<h3 class=\"entry-title\">\n\t\t\t\t\t<a href=\"https:\/\/adaelektrik.com\/index.php\/portfolio\/36-6-kv-xlpe-izoleli-yuvarlak-celik-tel-zirhli-aluminyum-iletkenli-orta-gerilim-guc-kablolari\/\" rel=\"bookmark\">3,6\/6 KV XLPE \u0130ZOLEL\u0130 YUVARLAK \u00c7EL\u0130K TEL ZIRHLI AL\u00dcM\u0130NYUM \u0130LETKENL\u0130 ORTA GER\u0130L\u0130M G\u00dc\u00c7 KABLOLARI<\/a>\n\t\t\t\t<\/h3>\n\t\t\t\n\t\t\t\t\t\t\t\t<ul class=\"proj-cats-list font-alt\">\n\t\t\t\t\t\t\t\t\t\t\t\t<li>orta geri\u0307li\u0307m g\u00fc\u00e7 kablolari<\/li>\n\t\t\t\t\t\t\t\t\t\t\t<\/ul>\n\t\t\t\t\t\t\t <\/div>\n\t <\/header>\n\n\t\t\t<div class=\"entry-summary\">\n\t\t\t\t\t<\/div><!-- .entry-summary -->\n\t\n<\/article><!-- #post -->\n\t\t\t\t\t\t\t\t\t\t\t\t\t\t\t\n<article id=\"post-3030\" class=\"portfolio-entry  col-xs-12 col-sm-4 col-md-4 portfolio-single masonry-item proj-cat-orta-geri%cc%87li%cc%87m-guc-kablolari post-3030 portfolio type-portfolio status-publish has-post-thumbnail hentry project-cat-orta-gerilim-guc-kablolari\">\n\t\t\t<header class=\"entry-header\">\n\t\t\t<figure class=\"entry-thumbnail\">\n\t\t\t\t\t\t\t\t\t\t\t\t<a href=\"https:\/\/adaelektrik.com\/index.php\/portfolio\/203-35-kv-xlpe-izoleli-yassi-celik-tel-zirhli-aluminyum-iletkenli-orta-gerilim-guc-kablolari\/\" class=\"portfolio-thumbnail\">\n\t\t\t\t\t\t\t\t<img width=\"1000\" height=\"500\" src=\"https:\/\/adaelektrik.com\/wp-content\/uploads\/2020\/01\/X4.png\" class=\"attachment-large size-large wp-post-image\" alt=\"\" decoding=\"async\" loading=\"lazy\" srcset=\"https:\/\/adaelektrik.com\/wp-content\/uploads\/2020\/01\/X4.png 1000w, https:\/\/adaelektrik.com\/wp-content\/uploads\/2020\/01\/X4-300x150.png 300w, https:\/\/adaelektrik.com\/wp-content\/uploads\/2020\/01\/X4-768x384.png 768w\" sizes=\"(max-width: 1000px) 100vw, 1000px\" \/>\t\t\t\t\t\t\t<\/a>\n\t\t\t\t\t\t\t\t\t\t<a href=\"https:\/\/adaelektrik.com\/wp-content\/uploads\/2020\/01\/X4.png\" class=\"portfolio-enlarge\">View Large<\/a>\n\t\t\t<\/figure>\n\t\t\n\t\t<div class=\"portfolio-info\">\n\t\t\t\n\t\t\t\t\t\t\t<h3 class=\"entry-title\">\n\t\t\t\t\t<a href=\"https:\/\/adaelektrik.com\/index.php\/portfolio\/203-35-kv-xlpe-izoleli-yassi-celik-tel-zirhli-aluminyum-iletkenli-orta-gerilim-guc-kablolari\/\" rel=\"bookmark\">20,3\/35 kV XLPE \u0130zoleli Yass\u0131 \u00c7elik Tel Z\u0131rhl\u0131 Al\u00fcminyum \u0130letkenli Orta Gerilim G\u00fc\u00e7 Kablolar\u0131<\/a>\n\t\t\t\t<\/h3>\n\t\t\t\n\t\t\t\t\t\t\t\t<ul class=\"proj-cats-list font-alt\">\n\t\t\t\t\t\t\t\t\t\t\t\t<li>orta geri\u0307li\u0307m g\u00fc\u00e7 kablolari<\/li>\n\t\t\t\t\t\t\t\t\t\t\t<\/ul>\n\t\t\t\t\t\t\t <\/div>\n\t <\/header>\n\n\t\t\t<div class=\"entry-summary\">\n\t\t\t\t\t<\/div><!-- .entry-summary -->\n\t\n<\/article><!-- #post -->\n\t\t\t\t\t\t\t\t\t\t\t\t\t\t\t\n<article id=\"post-3029\" class=\"portfolio-entry  col-xs-12 col-sm-4 col-md-4 portfolio-single masonry-item proj-cat-orta-geri%cc%87li%cc%87m-guc-kablolari post-3029 portfolio type-portfolio status-publish has-post-thumbnail hentry project-cat-orta-gerilim-guc-kablolari\">\n\t\t\t<header class=\"entry-header\">\n\t\t\t<figure class=\"entry-thumbnail\">\n\t\t\t\t\t\t\t\t\t\t\t\t<a href=\"https:\/\/adaelektrik.com\/index.php\/portfolio\/18-30-kv-xlpe-izoleli-yassi-celik-tel-zirhli-aluminyum-iletkenli-orta-gerilim-guc-kablolari\/\" class=\"portfolio-thumbnail\">\n\t\t\t\t\t\t\t\t<img width=\"1000\" height=\"500\" src=\"https:\/\/adaelektrik.com\/wp-content\/uploads\/2020\/01\/X4.png\" class=\"attachment-large size-large wp-post-image\" alt=\"\" decoding=\"async\" loading=\"lazy\" srcset=\"https:\/\/adaelektrik.com\/wp-content\/uploads\/2020\/01\/X4.png 1000w, https:\/\/adaelektrik.com\/wp-content\/uploads\/2020\/01\/X4-300x150.png 300w, https:\/\/adaelektrik.com\/wp-content\/uploads\/2020\/01\/X4-768x384.png 768w\" sizes=\"(max-width: 1000px) 100vw, 1000px\" \/>\t\t\t\t\t\t\t<\/a>\n\t\t\t\t\t\t\t\t\t\t<a href=\"https:\/\/adaelektrik.com\/wp-content\/uploads\/2020\/01\/X4.png\" class=\"portfolio-enlarge\">View Large<\/a>\n\t\t\t<\/figure>\n\t\t\n\t\t<div class=\"portfolio-info\">\n\t\t\t\n\t\t\t\t\t\t\t<h3 class=\"entry-title\">\n\t\t\t\t\t<a href=\"https:\/\/adaelektrik.com\/index.php\/portfolio\/18-30-kv-xlpe-izoleli-yassi-celik-tel-zirhli-aluminyum-iletkenli-orta-gerilim-guc-kablolari\/\" rel=\"bookmark\">18\/30 kV XLPE \u0130zoleli Yass\u0131 \u00c7elik Tel Z\u0131rhl\u0131 Al\u00fcminyum \u0130letkenli Orta Gerilim G\u00fc\u00e7 Kablolar\u0131<\/a>\n\t\t\t\t<\/h3>\n\t\t\t\n\t\t\t\t\t\t\t\t<ul class=\"proj-cats-list font-alt\">\n\t\t\t\t\t\t\t\t\t\t\t\t<li>orta geri\u0307li\u0307m g\u00fc\u00e7 kablolari<\/li>\n\t\t\t\t\t\t\t\t\t\t\t<\/ul>\n\t\t\t\t\t\t\t <\/div>\n\t <\/header>\n\n\t\t\t<div class=\"entry-summary\">\n\t\t\t\t\t<\/div><!-- .entry-summary -->\n\t\n<\/article><!-- #post -->\n\t\t\t\t\t\t\t\t\t\t\t\t\t\t\t\n<article id=\"post-3028\" class=\"portfolio-entry  col-xs-12 col-sm-4 col-md-4 portfolio-single masonry-item proj-cat-orta-geri%cc%87li%cc%87m-guc-kablolari post-3028 portfolio type-portfolio status-publish has-post-thumbnail hentry project-cat-orta-gerilim-guc-kablolari\">\n\t\t\t<header class=\"entry-header\">\n\t\t\t<figure class=\"entry-thumbnail\">\n\t\t\t\t\t\t\t\t\t\t\t\t<a href=\"https:\/\/adaelektrik.com\/index.php\/portfolio\/12-20-kv-xlpe-izoleli-yassi-celik-tel-zirhli-aluminyum-iletkenli-orta-gerilim-guc-kablolari\/\" class=\"portfolio-thumbnail\">\n\t\t\t\t\t\t\t\t<img width=\"1000\" height=\"500\" src=\"https:\/\/adaelektrik.com\/wp-content\/uploads\/2020\/01\/X4.png\" class=\"attachment-large size-large wp-post-image\" alt=\"\" decoding=\"async\" loading=\"lazy\" srcset=\"https:\/\/adaelektrik.com\/wp-content\/uploads\/2020\/01\/X4.png 1000w, https:\/\/adaelektrik.com\/wp-content\/uploads\/2020\/01\/X4-300x150.png 300w, https:\/\/adaelektrik.com\/wp-content\/uploads\/2020\/01\/X4-768x384.png 768w\" sizes=\"(max-width: 1000px) 100vw, 1000px\" \/>\t\t\t\t\t\t\t<\/a>\n\t\t\t\t\t\t\t\t\t\t<a href=\"https:\/\/adaelektrik.com\/wp-content\/uploads\/2020\/01\/X4.png\" class=\"portfolio-enlarge\">View Large<\/a>\n\t\t\t<\/figure>\n\t\t\n\t\t<div class=\"portfolio-info\">\n\t\t\t\n\t\t\t\t\t\t\t<h3 class=\"entry-title\">\n\t\t\t\t\t<a href=\"https:\/\/adaelektrik.com\/index.php\/portfolio\/12-20-kv-xlpe-izoleli-yassi-celik-tel-zirhli-aluminyum-iletkenli-orta-gerilim-guc-kablolari\/\" rel=\"bookmark\">12\/20 KV XLPE \u0130ZOLEL\u0130 YASSI \u00c7EL\u0130K TEL ZIRHLI AL\u00dcM\u0130NYUM \u0130LETKENL\u0130 ORTA GER\u0130L\u0130M G\u00dc\u00c7 KABLOLARI<\/a>\n\t\t\t\t<\/h3>\n\t\t\t\n\t\t\t\t\t\t\t\t<ul class=\"proj-cats-list font-alt\">\n\t\t\t\t\t\t\t\t\t\t\t\t<li>orta geri\u0307li\u0307m g\u00fc\u00e7 kablolari<\/li>\n\t\t\t\t\t\t\t\t\t\t\t<\/ul>\n\t\t\t\t\t\t\t <\/div>\n\t <\/header>\n\n\t\t\t<div class=\"entry-summary\">\n\t\t\t\t\t<\/div><!-- .entry-summary -->\n\t\n<\/article><!-- #post -->\n\t\t\t\t\t\t\t\t\t\t\t\t\t\t\t\n<article id=\"post-2984\" class=\"portfolio-entry  col-xs-12 col-sm-4 col-md-4 portfolio-single masonry-item proj-cat-orta-geri%cc%87li%cc%87m-guc-kablolari post-2984 portfolio type-portfolio status-publish has-post-thumbnail hentry project-cat-orta-gerilim-guc-kablolari\">\n\t\t\t<header class=\"entry-header\">\n\t\t\t<figure class=\"entry-thumbnail\">\n\t\t\t\t\t\t\t\t\t\t\t\t<a href=\"https:\/\/adaelektrik.com\/index.php\/portfolio\/87-15-kv-xlpe-izoleli-yassi-celik-tel-zirhli-aluminyum-iletkenli-orta-gerilim-guc-kablolari\/\" class=\"portfolio-thumbnail\">\n\t\t\t\t\t\t\t\t<img width=\"1000\" height=\"500\" src=\"https:\/\/adaelektrik.com\/wp-content\/uploads\/2020\/01\/8-1.png\" class=\"attachment-large size-large wp-post-image\" alt=\"\" decoding=\"async\" loading=\"lazy\" srcset=\"https:\/\/adaelektrik.com\/wp-content\/uploads\/2020\/01\/8-1.png 1000w, https:\/\/adaelektrik.com\/wp-content\/uploads\/2020\/01\/8-1-300x150.png 300w, https:\/\/adaelektrik.com\/wp-content\/uploads\/2020\/01\/8-1-768x384.png 768w\" sizes=\"(max-width: 1000px) 100vw, 1000px\" \/>\t\t\t\t\t\t\t<\/a>\n\t\t\t\t\t\t\t\t\t\t<a href=\"https:\/\/adaelektrik.com\/wp-content\/uploads\/2020\/01\/8-1.png\" class=\"portfolio-enlarge\">View Large<\/a>\n\t\t\t<\/figure>\n\t\t\n\t\t<div class=\"portfolio-info\">\n\t\t\t\n\t\t\t\t\t\t\t<h3 class=\"entry-title\">\n\t\t\t\t\t<a href=\"https:\/\/adaelektrik.com\/index.php\/portfolio\/87-15-kv-xlpe-izoleli-yassi-celik-tel-zirhli-aluminyum-iletkenli-orta-gerilim-guc-kablolari\/\" rel=\"bookmark\">8,7\/15 kV XLPE \u0130zoleli Yass\u0131 \u00c7elik Tel Z\u0131rhl\u0131 Al\u00fcminyum \u0130letkenli Orta Gerilim G\u00fc\u00e7 Kablolar\u0131<\/a>\n\t\t\t\t<\/h3>\n\t\t\t\n\t\t\t\t\t\t\t\t<ul class=\"proj-cats-list font-alt\">\n\t\t\t\t\t\t\t\t\t\t\t\t<li>orta geri\u0307li\u0307m g\u00fc\u00e7 kablolari<\/li>\n\t\t\t\t\t\t\t\t\t\t\t<\/ul>\n\t\t\t\t\t\t\t <\/div>\n\t <\/header>\n\n\t\t\t<div class=\"entry-summary\">\n\t\t\t\t\t<\/div><!-- .entry-summary -->\n\t\n<\/article><!-- #post -->\n\t\t\t\t\t\t\t\n\t\t\t\t\t\t\t\t\t\t\t\t<\/div>\n\t\t\t\t\t\t<\/div>\n\n\t\t\t\t\t\t<div class=\"vc_row-full-width\"><\/div>\n\n\t\t\t\t\t\t\t\t\t\t\t\t\t    \t<div class=\"portfolio-footer\">\n\t\t\t\t\t\t\t    \t\t\t\t\t\t\t\t\t    \t\t\t<div class='basel-pagination'><span class='current'>1<\/span><a href='https:\/\/adaelektrik.com\/index.php\/wp-json\/wp\/v2\/pages\/3121\/page\/2\/' class='inactive' >2<\/a><\/div>\n\t\t\t\t\t\t\t    \t\t\t\t\t\t\t\t\t    \t<\/div>\n\t\t\t\t\t\t\t    \t\t\t\t\t\n\t\t\t\t\n\t\t\t\t\t\t<\/div><!-- .site-content -->\n\t\t\t\t\t[\/vc_column][\/vc_row]<\/p>\n","protected":false},"excerpt":{"rendered":"<p>[vc_row][vc_column][\/vc_column][\/vc_row]<\/p>\n","protected":false},"author":1,"featured_media":0,"parent":0,"menu_order":0,"comment_status":"closed","ping_status":"closed","template":"","meta":[],"_links":{"self":[{"href":"https:\/\/adaelektrik.com\/index.php\/wp-json\/wp\/v2\/pages\/3121"}],"collection":[{"href":"https:\/\/adaelektrik.com\/index.php\/wp-json\/wp\/v2\/pages"}],"about":[{"href":"https:\/\/adaelektrik.com\/index.php\/wp-json\/wp\/v2\/types\/page"}],"author":[{"embeddable":true,"href":"https:\/\/adaelektrik.com\/index.php\/wp-json\/wp\/v2\/users\/1"}],"replies":[{"embeddable":true,"href":"https:\/\/adaelektrik.com\/index.php\/wp-json\/wp\/v2\/comments?post=3121"}],"version-history":[{"count":3,"href":"https:\/\/adaelektrik.com\/index.php\/wp-json\/wp\/v2\/pages\/3121\/revisions"}],"predecessor-version":[{"id":4528,"href":"https:\/\/adaelektrik.com\/index.php\/wp-json\/wp\/v2\/pages\/3121\/revisions\/4528"}],"wp:attachment":[{"href":"https:\/\/adaelektrik.com\/index.php\/wp-json\/wp\/v2\/media?parent=3121"}],"curies":[{"name":"wp","href":"https:\/\/api.w.org\/{rel}","templated":true}]}}