{"id":3127,"date":"2020-01-30T09:41:02","date_gmt":"2020-01-30T06:41:02","guid":{"rendered":"http:\/\/avendijital.com\/adaelektrik\/?page_id=3127"},"modified":"2020-01-30T09:41:02","modified_gmt":"2020-01-30T06:41:02","slug":"aleve-dayanikli-kablolar","status":"publish","type":"page","link":"https:\/\/adaelektrik.com\/index.php\/aleve-dayanikli-kablolar\/","title":{"rendered":"ALEVE DAYANIKLI KABLOLAR"},"content":{"rendered":"<p>[vc_row][vc_column]\n\t\t\t\t\t\t<div class=\"site-content page-portfolio portfolio-layout-boxed portfolio- col-sm-12\" role=\"main\">\n\t\t\t\n\t\t\t\t\t\t\t\t\t\t\t\t\t\t\t<div class=\"row row-spacing-6 \">\n\n\t\t\t\t\t\t\t\n\t\t\t\t\t\t\t<div class=\"clear\"><\/div>\n\n\t\t\t\t\t\t\t<div class=\"masonry-container basel-portfolio-holder\" data-atts=\"{&quot;posts_per_page&quot;:&quot;&quot;,&quot;filters&quot;:&quot;&quot;,&quot;categories&quot;:&quot;47&quot;,&quot;style&quot;:&quot;&quot;,&quot;columns&quot;:&quot;3&quot;,&quot;spacing&quot;:&quot;6&quot;,&quot;full_width&quot;:&quot;&quot;,&quot;filters_bg&quot;:&quot;&quot;,&quot;ajax_page&quot;:&quot;&quot;,&quot;pagination&quot;:&quot;&quot;,&quot;basel_color_scheme&quot;:&quot;&quot;,&quot;orderby&quot;:&quot;&quot;,&quot;order&quot;:&quot;&quot;,&quot;el_class&quot;:&quot;&quot;}\" data-source=\"shortcode\" data-paged=\"1\">\n\t\t\t\t\t\n\t\t\t\t\t\t\t\t\t\t\t\t\t\t\t\t\t\t\t\t\t\t\n<article id=\"post-2947\" class=\"portfolio-entry  col-xs-12 col-sm-4 col-md-4 portfolio-single masonry-item proj-cat-aleve-dayanikli-kablolar post-2947 portfolio type-portfolio status-publish has-post-thumbnail hentry project-cat-aleve-dayanikli-kablolar\">\n\t\t\t<header class=\"entry-header\">\n\t\t\t<figure class=\"entry-thumbnail\">\n\t\t\t\t\t\t\t\t\t\t\t\t<a href=\"https:\/\/adaelektrik.com\/index.php\/portfolio\/0-6-1-kv-xlpe-izoleli-hffr-halojensiz-aleve-dayanikli-cok-damarli-konsantrik-bakir-iletkenli-enerji-guvenlik-kablolari\/\" class=\"portfolio-thumbnail\">\n\t\t\t\t\t\t\t\t<img width=\"1000\" height=\"500\" src=\"https:\/\/adaelektrik.com\/wp-content\/uploads\/2020\/01\/52.png\" class=\"attachment-large size-large wp-post-image\" alt=\"\" decoding=\"async\" loading=\"lazy\" srcset=\"https:\/\/adaelektrik.com\/wp-content\/uploads\/2020\/01\/52.png 1000w, https:\/\/adaelektrik.com\/wp-content\/uploads\/2020\/01\/52-300x150.png 300w, https:\/\/adaelektrik.com\/wp-content\/uploads\/2020\/01\/52-768x384.png 768w\" sizes=\"(max-width: 1000px) 100vw, 1000px\" \/>\t\t\t\t\t\t\t<\/a>\n\t\t\t\t\t\t\t\t\t\t<a href=\"https:\/\/adaelektrik.com\/wp-content\/uploads\/2020\/01\/52.png\" class=\"portfolio-enlarge\">View Large<\/a>\n\t\t\t<\/figure>\n\t\t\n\t\t<div class=\"portfolio-info\">\n\t\t\t\n\t\t\t\t\t\t\t<h3 class=\"entry-title\">\n\t\t\t\t\t<a href=\"https:\/\/adaelektrik.com\/index.php\/portfolio\/0-6-1-kv-xlpe-izoleli-hffr-halojensiz-aleve-dayanikli-cok-damarli-konsantrik-bakir-iletkenli-enerji-guvenlik-kablolari\/\" rel=\"bookmark\">0.6\/1 kV XLPE \u0130zoleli HFFR Halojensiz Aleve Dayan\u0131kl\u0131 \u00c7ok Damarl\u0131 Konsantrik Bak\u0131r \u0130letkenli Enerji G\u00fcvenlik Kablolar\u0131<\/a>\n\t\t\t\t<\/h3>\n\t\t\t\n\t\t\t\t\t\t\t\t<ul class=\"proj-cats-list font-alt\">\n\t\t\t\t\t\t\t\t\t\t\t\t<li>aleve dayan\u0131kl\u0131 kablolar<\/li>\n\t\t\t\t\t\t\t\t\t\t\t<\/ul>\n\t\t\t\t\t\t\t <\/div>\n\t <\/header>\n\n\t\t\t<div class=\"entry-summary\">\n\t\t\t\t\t<\/div><!-- .entry-summary -->\n\t\n<\/article><!-- #post -->\n\t\t\t\t\t\t\t\t\t\t\t\t\t\t\t\n<article id=\"post-2945\" class=\"portfolio-entry  col-xs-12 col-sm-4 col-md-4 portfolio-single masonry-item proj-cat-aleve-dayanikli-kablolar post-2945 portfolio type-portfolio status-publish has-post-thumbnail hentry project-cat-aleve-dayanikli-kablolar\">\n\t\t\t<header class=\"entry-header\">\n\t\t\t<figure class=\"entry-thumbnail\">\n\t\t\t\t\t\t\t\t\t\t\t\t<a href=\"https:\/\/adaelektrik.com\/index.php\/portfolio\/0-6-1-kv-xlpe-izoleli-hffr-dis-kilifli-halojensiz-aleve-dayanikli-cok-damarli-bakir-iletkenli-enerji-guvenlik-kablolari\/\" class=\"portfolio-thumbnail\">\n\t\t\t\t\t\t\t\t<img width=\"1000\" height=\"500\" src=\"https:\/\/adaelektrik.com\/wp-content\/uploads\/2020\/01\/51.png\" class=\"attachment-large size-large wp-post-image\" alt=\"\" decoding=\"async\" loading=\"lazy\" srcset=\"https:\/\/adaelektrik.com\/wp-content\/uploads\/2020\/01\/51.png 1000w, https:\/\/adaelektrik.com\/wp-content\/uploads\/2020\/01\/51-300x150.png 300w, https:\/\/adaelektrik.com\/wp-content\/uploads\/2020\/01\/51-768x384.png 768w\" sizes=\"(max-width: 1000px) 100vw, 1000px\" \/>\t\t\t\t\t\t\t<\/a>\n\t\t\t\t\t\t\t\t\t\t<a href=\"https:\/\/adaelektrik.com\/wp-content\/uploads\/2020\/01\/51.png\" class=\"portfolio-enlarge\">View Large<\/a>\n\t\t\t<\/figure>\n\t\t\n\t\t<div class=\"portfolio-info\">\n\t\t\t\n\t\t\t\t\t\t\t<h3 class=\"entry-title\">\n\t\t\t\t\t<a href=\"https:\/\/adaelektrik.com\/index.php\/portfolio\/0-6-1-kv-xlpe-izoleli-hffr-dis-kilifli-halojensiz-aleve-dayanikli-cok-damarli-bakir-iletkenli-enerji-guvenlik-kablolari\/\" rel=\"bookmark\">0.6\/1 kV XLPE \u0130zoleli HFFR D\u0131\u015f K\u0131l\u0131fl\u0131 Halojensiz Aleve Dayan\u0131kl\u0131 \u00c7ok Damarl\u0131 Bak\u0131r \u0130letkenli Enerji G\u00fcvenlik Kablolar\u0131<\/a>\n\t\t\t\t<\/h3>\n\t\t\t\n\t\t\t\t\t\t\t\t<ul class=\"proj-cats-list font-alt\">\n\t\t\t\t\t\t\t\t\t\t\t\t<li>aleve dayan\u0131kl\u0131 kablolar<\/li>\n\t\t\t\t\t\t\t\t\t\t\t<\/ul>\n\t\t\t\t\t\t\t <\/div>\n\t <\/header>\n\n\t\t\t<div class=\"entry-summary\">\n\t\t\t\t\t<\/div><!-- .entry-summary -->\n\t\n<\/article><!-- #post -->\n\t\t\t\t\t\t\t\t\t\t\t\t\t\t\t\n<article id=\"post-2944\" class=\"portfolio-entry  col-xs-12 col-sm-4 col-md-4 portfolio-single masonry-item proj-cat-aleve-dayanikli-kablolar post-2944 portfolio type-portfolio status-publish has-post-thumbnail hentry project-cat-aleve-dayanikli-kablolar\">\n\t\t\t<header class=\"entry-header\">\n\t\t\t<figure class=\"entry-thumbnail\">\n\t\t\t\t\t\t\t\t\t\t\t\t<a href=\"https:\/\/adaelektrik.com\/index.php\/portfolio\/0-6-1-kv-xlpe-izoleli-halojensiz-aleve-dayanikli-cok-damarli-bakir-iletkenli-enerji-guvenlik-kablolari-4\/\" class=\"portfolio-thumbnail\">\n\t\t\t\t\t\t\t\t<img width=\"1000\" height=\"500\" src=\"https:\/\/adaelektrik.com\/wp-content\/uploads\/2020\/01\/50.png\" class=\"attachment-large size-large wp-post-image\" alt=\"\" decoding=\"async\" loading=\"lazy\" srcset=\"https:\/\/adaelektrik.com\/wp-content\/uploads\/2020\/01\/50.png 1000w, https:\/\/adaelektrik.com\/wp-content\/uploads\/2020\/01\/50-300x150.png 300w, https:\/\/adaelektrik.com\/wp-content\/uploads\/2020\/01\/50-768x384.png 768w\" sizes=\"(max-width: 1000px) 100vw, 1000px\" \/>\t\t\t\t\t\t\t<\/a>\n\t\t\t\t\t\t\t\t\t\t<a href=\"https:\/\/adaelektrik.com\/wp-content\/uploads\/2020\/01\/50.png\" class=\"portfolio-enlarge\">View Large<\/a>\n\t\t\t<\/figure>\n\t\t\n\t\t<div class=\"portfolio-info\">\n\t\t\t\n\t\t\t\t\t\t\t<h3 class=\"entry-title\">\n\t\t\t\t\t<a href=\"https:\/\/adaelektrik.com\/index.php\/portfolio\/0-6-1-kv-xlpe-izoleli-halojensiz-aleve-dayanikli-cok-damarli-bakir-iletkenli-enerji-guvenlik-kablolari-4\/\" rel=\"bookmark\">0.6\/1 kV XLPE \u0130zoleli Halojensiz Aleve Dayan\u0131kl\u0131 \u00c7ok Damarl\u0131 Bak\u0131r \u0130letkenli Enerji G\u00fcvenlik Kablolar\u0131<\/a>\n\t\t\t\t<\/h3>\n\t\t\t\n\t\t\t\t\t\t\t\t<ul class=\"proj-cats-list font-alt\">\n\t\t\t\t\t\t\t\t\t\t\t\t<li>aleve dayan\u0131kl\u0131 kablolar<\/li>\n\t\t\t\t\t\t\t\t\t\t\t<\/ul>\n\t\t\t\t\t\t\t <\/div>\n\t <\/header>\n\n\t\t\t<div class=\"entry-summary\">\n\t\t\t\t\t<\/div><!-- .entry-summary -->\n\t\n<\/article><!-- #post -->\n\t\t\t\t\t\t\t\t\t\t\t\t\t\t\t\n<article id=\"post-2941\" class=\"portfolio-entry  col-xs-12 col-sm-4 col-md-4 portfolio-single masonry-item proj-cat-aleve-dayanikli-kablolar post-2941 portfolio type-portfolio status-publish has-post-thumbnail hentry project-cat-aleve-dayanikli-kablolar\">\n\t\t\t<header class=\"entry-header\">\n\t\t\t<figure class=\"entry-thumbnail\">\n\t\t\t\t\t\t\t\t\t\t\t\t<a href=\"https:\/\/adaelektrik.com\/index.php\/portfolio\/0-6-1-kv-xlpe-izoleli-halojensiz-aleve-dayanikli-cok-damarli-bakir-iletkenli-enerji-guvenlik-kablolari-3\/\" class=\"portfolio-thumbnail\">\n\t\t\t\t\t\t\t\t<img width=\"1000\" height=\"500\" src=\"https:\/\/adaelektrik.com\/wp-content\/uploads\/2020\/01\/50.png\" class=\"attachment-large size-large wp-post-image\" alt=\"\" decoding=\"async\" loading=\"lazy\" srcset=\"https:\/\/adaelektrik.com\/wp-content\/uploads\/2020\/01\/50.png 1000w, https:\/\/adaelektrik.com\/wp-content\/uploads\/2020\/01\/50-300x150.png 300w, https:\/\/adaelektrik.com\/wp-content\/uploads\/2020\/01\/50-768x384.png 768w\" sizes=\"(max-width: 1000px) 100vw, 1000px\" \/>\t\t\t\t\t\t\t<\/a>\n\t\t\t\t\t\t\t\t\t\t<a href=\"https:\/\/adaelektrik.com\/wp-content\/uploads\/2020\/01\/50.png\" class=\"portfolio-enlarge\">View Large<\/a>\n\t\t\t<\/figure>\n\t\t\n\t\t<div class=\"portfolio-info\">\n\t\t\t\n\t\t\t\t\t\t\t<h3 class=\"entry-title\">\n\t\t\t\t\t<a href=\"https:\/\/adaelektrik.com\/index.php\/portfolio\/0-6-1-kv-xlpe-izoleli-halojensiz-aleve-dayanikli-cok-damarli-bakir-iletkenli-enerji-guvenlik-kablolari-3\/\" rel=\"bookmark\">0.6\/1 kV XLPE \u0130zoleli Halojensiz Aleve Dayan\u0131kl\u0131 \u00c7ok Damarl\u0131 Bak\u0131r \u0130letkenli Enerji G\u00fcvenlik Kablolar\u0131<\/a>\n\t\t\t\t<\/h3>\n\t\t\t\n\t\t\t\t\t\t\t\t<ul class=\"proj-cats-list font-alt\">\n\t\t\t\t\t\t\t\t\t\t\t\t<li>aleve dayan\u0131kl\u0131 kablolar<\/li>\n\t\t\t\t\t\t\t\t\t\t\t<\/ul>\n\t\t\t\t\t\t\t <\/div>\n\t <\/header>\n\n\t\t\t<div class=\"entry-summary\">\n\t\t\t\t\t<\/div><!-- .entry-summary -->\n\t\n<\/article><!-- #post -->\n\t\t\t\t\t\t\t\t\t\t\t\t\t\t\t\n<article id=\"post-2939\" class=\"portfolio-entry  col-xs-12 col-sm-4 col-md-4 portfolio-single masonry-item proj-cat-aleve-dayanikli-kablolar post-2939 portfolio type-portfolio status-publish has-post-thumbnail hentry project-cat-aleve-dayanikli-kablolar\">\n\t\t\t<header class=\"entry-header\">\n\t\t\t<figure class=\"entry-thumbnail\">\n\t\t\t\t\t\t\t\t\t\t\t\t<a href=\"https:\/\/adaelektrik.com\/index.php\/portfolio\/0-6-1-kv-xlpe-izoleli-halojensiz-aleve-dayanikli-cok-damarli-bakir-iletkenli-enerji-guvenlik-kablolari-2\/\" class=\"portfolio-thumbnail\">\n\t\t\t\t\t\t\t\t<img width=\"1000\" height=\"500\" src=\"https:\/\/adaelektrik.com\/wp-content\/uploads\/2020\/01\/49.png\" class=\"attachment-large size-large wp-post-image\" alt=\"\" decoding=\"async\" loading=\"lazy\" srcset=\"https:\/\/adaelektrik.com\/wp-content\/uploads\/2020\/01\/49.png 1000w, https:\/\/adaelektrik.com\/wp-content\/uploads\/2020\/01\/49-300x150.png 300w, https:\/\/adaelektrik.com\/wp-content\/uploads\/2020\/01\/49-768x384.png 768w\" sizes=\"(max-width: 1000px) 100vw, 1000px\" \/>\t\t\t\t\t\t\t<\/a>\n\t\t\t\t\t\t\t\t\t\t<a href=\"https:\/\/adaelektrik.com\/wp-content\/uploads\/2020\/01\/49.png\" class=\"portfolio-enlarge\">View Large<\/a>\n\t\t\t<\/figure>\n\t\t\n\t\t<div class=\"portfolio-info\">\n\t\t\t\n\t\t\t\t\t\t\t<h3 class=\"entry-title\">\n\t\t\t\t\t<a href=\"https:\/\/adaelektrik.com\/index.php\/portfolio\/0-6-1-kv-xlpe-izoleli-halojensiz-aleve-dayanikli-cok-damarli-bakir-iletkenli-enerji-guvenlik-kablolari-2\/\" rel=\"bookmark\">0.6\/1 kV XLPE \u0130zoleli Halojensiz Aleve Dayan\u0131kl\u0131 \u00c7ok Damarl\u0131 Bak\u0131r \u0130letkenli Enerji G\u00fcvenlik Kablolar\u0131<\/a>\n\t\t\t\t<\/h3>\n\t\t\t\n\t\t\t\t\t\t\t\t<ul class=\"proj-cats-list font-alt\">\n\t\t\t\t\t\t\t\t\t\t\t\t<li>aleve dayan\u0131kl\u0131 kablolar<\/li>\n\t\t\t\t\t\t\t\t\t\t\t<\/ul>\n\t\t\t\t\t\t\t <\/div>\n\t <\/header>\n\n\t\t\t<div class=\"entry-summary\">\n\t\t\t\t\t<\/div><!-- .entry-summary -->\n\t\n<\/article><!-- #post -->\n\t\t\t\t\t\t\t\t\t\t\t\t\t\t\t\n<article id=\"post-2937\" class=\"portfolio-entry  col-xs-12 col-sm-4 col-md-4 portfolio-single masonry-item proj-cat-aleve-dayanikli-kablolar post-2937 portfolio type-portfolio status-publish has-post-thumbnail hentry project-cat-aleve-dayanikli-kablolar\">\n\t\t\t<header class=\"entry-header\">\n\t\t\t<figure class=\"entry-thumbnail\">\n\t\t\t\t\t\t\t\t\t\t\t\t<a href=\"https:\/\/adaelektrik.com\/index.php\/portfolio\/0-6-1-kv-xlpe-izoleli-halojensiz-aleve-dayanikli-cok-damarli-bakir-iletkenli-enerji-guvenlik-kablolari\/\" class=\"portfolio-thumbnail\">\n\t\t\t\t\t\t\t\t<img width=\"1000\" height=\"500\" src=\"https:\/\/adaelektrik.com\/wp-content\/uploads\/2020\/01\/48.png\" class=\"attachment-large size-large wp-post-image\" alt=\"\" decoding=\"async\" loading=\"lazy\" srcset=\"https:\/\/adaelektrik.com\/wp-content\/uploads\/2020\/01\/48.png 1000w, https:\/\/adaelektrik.com\/wp-content\/uploads\/2020\/01\/48-300x150.png 300w, https:\/\/adaelektrik.com\/wp-content\/uploads\/2020\/01\/48-768x384.png 768w\" sizes=\"(max-width: 1000px) 100vw, 1000px\" \/>\t\t\t\t\t\t\t<\/a>\n\t\t\t\t\t\t\t\t\t\t<a href=\"https:\/\/adaelektrik.com\/wp-content\/uploads\/2020\/01\/48.png\" class=\"portfolio-enlarge\">View Large<\/a>\n\t\t\t<\/figure>\n\t\t\n\t\t<div class=\"portfolio-info\">\n\t\t\t\n\t\t\t\t\t\t\t<h3 class=\"entry-title\">\n\t\t\t\t\t<a href=\"https:\/\/adaelektrik.com\/index.php\/portfolio\/0-6-1-kv-xlpe-izoleli-halojensiz-aleve-dayanikli-cok-damarli-bakir-iletkenli-enerji-guvenlik-kablolari\/\" rel=\"bookmark\">0.6\/1 kV XLPE \u0130zoleli Halojensiz Aleve Dayan\u0131kl\u0131 \u00c7ok Damarl\u0131 Bak\u0131r \u0130letkenli Enerji G\u00fcvenlik Kablolar\u0131<\/a>\n\t\t\t\t<\/h3>\n\t\t\t\n\t\t\t\t\t\t\t\t<ul class=\"proj-cats-list font-alt\">\n\t\t\t\t\t\t\t\t\t\t\t\t<li>aleve dayan\u0131kl\u0131 kablolar<\/li>\n\t\t\t\t\t\t\t\t\t\t\t<\/ul>\n\t\t\t\t\t\t\t <\/div>\n\t <\/header>\n\n\t\t\t<div class=\"entry-summary\">\n\t\t\t\t\t<\/div><!-- .entry-summary -->\n\t\n<\/article><!-- #post -->\n\t\t\t\t\t\t\t\t\t\t\t\t\t\t\t\n<article id=\"post-2935\" class=\"portfolio-entry  col-xs-12 col-sm-4 col-md-4 portfolio-single masonry-item proj-cat-aleve-dayanikli-kablolar post-2935 portfolio type-portfolio status-publish has-post-thumbnail hentry project-cat-aleve-dayanikli-kablolar\">\n\t\t\t<header class=\"entry-header\">\n\t\t\t<figure class=\"entry-thumbnail\">\n\t\t\t\t\t\t\t\t\t\t\t\t<a href=\"https:\/\/adaelektrik.com\/index.php\/portfolio\/0-6-1-kv-xlpe-izoleli-halojensiz-aleve-dayanikli-tek-damarli-bakir-iletkenli-enerji-guvenlik-kablolari\/\" class=\"portfolio-thumbnail\">\n\t\t\t\t\t\t\t\t<img width=\"1000\" height=\"500\" src=\"https:\/\/adaelektrik.com\/wp-content\/uploads\/2020\/01\/47.png\" class=\"attachment-large size-large wp-post-image\" alt=\"\" decoding=\"async\" loading=\"lazy\" srcset=\"https:\/\/adaelektrik.com\/wp-content\/uploads\/2020\/01\/47.png 1000w, https:\/\/adaelektrik.com\/wp-content\/uploads\/2020\/01\/47-300x150.png 300w, https:\/\/adaelektrik.com\/wp-content\/uploads\/2020\/01\/47-768x384.png 768w\" sizes=\"(max-width: 1000px) 100vw, 1000px\" \/>\t\t\t\t\t\t\t<\/a>\n\t\t\t\t\t\t\t\t\t\t<a href=\"https:\/\/adaelektrik.com\/wp-content\/uploads\/2020\/01\/47.png\" class=\"portfolio-enlarge\">View Large<\/a>\n\t\t\t<\/figure>\n\t\t\n\t\t<div class=\"portfolio-info\">\n\t\t\t\n\t\t\t\t\t\t\t<h3 class=\"entry-title\">\n\t\t\t\t\t<a href=\"https:\/\/adaelektrik.com\/index.php\/portfolio\/0-6-1-kv-xlpe-izoleli-halojensiz-aleve-dayanikli-tek-damarli-bakir-iletkenli-enerji-guvenlik-kablolari\/\" rel=\"bookmark\">0.6\/1 kV XLPE \u0130zoleli Halojensiz Aleve Dayan\u0131kl\u0131 Tek Damarl\u0131 Bak\u0131r \u0130letkenli Enerji G\u00fcvenlik Kablolar\u0131<\/a>\n\t\t\t\t<\/h3>\n\t\t\t\n\t\t\t\t\t\t\t\t<ul class=\"proj-cats-list font-alt\">\n\t\t\t\t\t\t\t\t\t\t\t\t<li>aleve dayan\u0131kl\u0131 kablolar<\/li>\n\t\t\t\t\t\t\t\t\t\t\t<\/ul>\n\t\t\t\t\t\t\t <\/div>\n\t <\/header>\n\n\t\t\t<div class=\"entry-summary\">\n\t\t\t\t\t<\/div><!-- .entry-summary -->\n\t\n<\/article><!-- #post -->\n\t\t\t\t\t\t\t\t\t\t\t\t\t\t\t\n<article id=\"post-2933\" class=\"portfolio-entry  col-xs-12 col-sm-4 col-md-4 portfolio-single masonry-item proj-cat-aleve-dayanikli-kablolar post-2933 portfolio type-portfolio status-publish has-post-thumbnail hentry project-cat-aleve-dayanikli-kablolar\">\n\t\t\t<header class=\"entry-header\">\n\t\t\t<figure class=\"entry-thumbnail\">\n\t\t\t\t\t\t\t\t\t\t\t\t<a href=\"https:\/\/adaelektrik.com\/index.php\/portfolio\/0-6-1-kv-xlpe-izoleli-halojensiz-alev-iletmeyen-yuvarlak-celik-tel-zirhli-bakir-iletkenli-enerji-kablolari-3\/\" class=\"portfolio-thumbnail\">\n\t\t\t\t\t\t\t\t<img width=\"1000\" height=\"500\" src=\"https:\/\/adaelektrik.com\/wp-content\/uploads\/2020\/01\/46.png\" class=\"attachment-large size-large wp-post-image\" alt=\"\" decoding=\"async\" loading=\"lazy\" srcset=\"https:\/\/adaelektrik.com\/wp-content\/uploads\/2020\/01\/46.png 1000w, https:\/\/adaelektrik.com\/wp-content\/uploads\/2020\/01\/46-300x150.png 300w, https:\/\/adaelektrik.com\/wp-content\/uploads\/2020\/01\/46-768x384.png 768w\" sizes=\"(max-width: 1000px) 100vw, 1000px\" \/>\t\t\t\t\t\t\t<\/a>\n\t\t\t\t\t\t\t\t\t\t<a href=\"https:\/\/adaelektrik.com\/wp-content\/uploads\/2020\/01\/46.png\" class=\"portfolio-enlarge\">View Large<\/a>\n\t\t\t<\/figure>\n\t\t\n\t\t<div class=\"portfolio-info\">\n\t\t\t\n\t\t\t\t\t\t\t<h3 class=\"entry-title\">\n\t\t\t\t\t<a href=\"https:\/\/adaelektrik.com\/index.php\/portfolio\/0-6-1-kv-xlpe-izoleli-halojensiz-alev-iletmeyen-yuvarlak-celik-tel-zirhli-bakir-iletkenli-enerji-kablolari-3\/\" rel=\"bookmark\">0.6\/1 kV XLPE \u0130zoleli Halojensiz Alev \u0130letmeyen Yuvarlak \u00c7elik Tel Z\u0131rhl\u0131 Bak\u0131r \u0130letkenli Enerji Kablolar\u0131<\/a>\n\t\t\t\t<\/h3>\n\t\t\t\n\t\t\t\t\t\t\t\t<ul class=\"proj-cats-list font-alt\">\n\t\t\t\t\t\t\t\t\t\t\t\t<li>aleve dayan\u0131kl\u0131 kablolar<\/li>\n\t\t\t\t\t\t\t\t\t\t\t<\/ul>\n\t\t\t\t\t\t\t <\/div>\n\t <\/header>\n\n\t\t\t<div class=\"entry-summary\">\n\t\t\t\t\t<\/div><!-- .entry-summary -->\n\t\n<\/article><!-- #post -->\n\t\t\t\t\t\t\t\t\t\t\t\t\t\t\t\n<article id=\"post-2931\" class=\"portfolio-entry  col-xs-12 col-sm-4 col-md-4 portfolio-single masonry-item proj-cat-aleve-dayanikli-kablolar post-2931 portfolio type-portfolio status-publish has-post-thumbnail hentry project-cat-aleve-dayanikli-kablolar\">\n\t\t\t<header class=\"entry-header\">\n\t\t\t<figure class=\"entry-thumbnail\">\n\t\t\t\t\t\t\t\t\t\t\t\t<a href=\"https:\/\/adaelektrik.com\/index.php\/portfolio\/0-6-1-kv-xlpe-izoleli-halojensiz-alev-iletmeyen-yuvarlak-celik-tel-zirhli-bakir-iletkenli-enerji-kablolari-2\/\" class=\"portfolio-thumbnail\">\n\t\t\t\t\t\t\t\t<img width=\"1000\" height=\"500\" src=\"https:\/\/adaelektrik.com\/wp-content\/uploads\/2020\/01\/45.png\" class=\"attachment-large size-large wp-post-image\" alt=\"\" decoding=\"async\" loading=\"lazy\" srcset=\"https:\/\/adaelektrik.com\/wp-content\/uploads\/2020\/01\/45.png 1000w, https:\/\/adaelektrik.com\/wp-content\/uploads\/2020\/01\/45-300x150.png 300w, https:\/\/adaelektrik.com\/wp-content\/uploads\/2020\/01\/45-768x384.png 768w\" sizes=\"(max-width: 1000px) 100vw, 1000px\" \/>\t\t\t\t\t\t\t<\/a>\n\t\t\t\t\t\t\t\t\t\t<a href=\"https:\/\/adaelektrik.com\/wp-content\/uploads\/2020\/01\/45.png\" class=\"portfolio-enlarge\">View Large<\/a>\n\t\t\t<\/figure>\n\t\t\n\t\t<div class=\"portfolio-info\">\n\t\t\t\n\t\t\t\t\t\t\t<h3 class=\"entry-title\">\n\t\t\t\t\t<a href=\"https:\/\/adaelektrik.com\/index.php\/portfolio\/0-6-1-kv-xlpe-izoleli-halojensiz-alev-iletmeyen-yuvarlak-celik-tel-zirhli-bakir-iletkenli-enerji-kablolari-2\/\" rel=\"bookmark\">0.6\/1 kV XLPE \u0130zoleli Halojensiz Alev \u0130letmeyen Yuvarlak \u00c7elik Tel Z\u0131rhl\u0131 Bak\u0131r \u0130letkenli Enerji Kablolar\u0131<\/a>\n\t\t\t\t<\/h3>\n\t\t\t\n\t\t\t\t\t\t\t\t<ul class=\"proj-cats-list font-alt\">\n\t\t\t\t\t\t\t\t\t\t\t\t<li>aleve dayan\u0131kl\u0131 kablolar<\/li>\n\t\t\t\t\t\t\t\t\t\t\t<\/ul>\n\t\t\t\t\t\t\t <\/div>\n\t <\/header>\n\n\t\t\t<div class=\"entry-summary\">\n\t\t\t\t\t<\/div><!-- .entry-summary -->\n\t\n<\/article><!-- #post -->\n\t\t\t\t\t\t\t\t\t\t\t\t\t\t\t\n<article id=\"post-2929\" class=\"portfolio-entry  col-xs-12 col-sm-4 col-md-4 portfolio-single masonry-item proj-cat-aleve-dayanikli-kablolar post-2929 portfolio type-portfolio status-publish has-post-thumbnail hentry project-cat-aleve-dayanikli-kablolar\">\n\t\t\t<header class=\"entry-header\">\n\t\t\t<figure class=\"entry-thumbnail\">\n\t\t\t\t\t\t\t\t\t\t\t\t<a href=\"https:\/\/adaelektrik.com\/index.php\/portfolio\/0-6-1-kv-xlpe-izoleli-halojensiz-alev-iletmeyen-yuvarlak-celik-tel-zirhli-bakir-iletkenli-enerji-kablolari\/\" class=\"portfolio-thumbnail\">\n\t\t\t\t\t\t\t\t<img width=\"1000\" height=\"500\" src=\"https:\/\/adaelektrik.com\/wp-content\/uploads\/2020\/01\/44.png\" class=\"attachment-large size-large wp-post-image\" alt=\"\" decoding=\"async\" loading=\"lazy\" srcset=\"https:\/\/adaelektrik.com\/wp-content\/uploads\/2020\/01\/44.png 1000w, https:\/\/adaelektrik.com\/wp-content\/uploads\/2020\/01\/44-300x150.png 300w, https:\/\/adaelektrik.com\/wp-content\/uploads\/2020\/01\/44-768x384.png 768w\" sizes=\"(max-width: 1000px) 100vw, 1000px\" \/>\t\t\t\t\t\t\t<\/a>\n\t\t\t\t\t\t\t\t\t\t<a href=\"https:\/\/adaelektrik.com\/wp-content\/uploads\/2020\/01\/44.png\" class=\"portfolio-enlarge\">View Large<\/a>\n\t\t\t<\/figure>\n\t\t\n\t\t<div class=\"portfolio-info\">\n\t\t\t\n\t\t\t\t\t\t\t<h3 class=\"entry-title\">\n\t\t\t\t\t<a href=\"https:\/\/adaelektrik.com\/index.php\/portfolio\/0-6-1-kv-xlpe-izoleli-halojensiz-alev-iletmeyen-yuvarlak-celik-tel-zirhli-bakir-iletkenli-enerji-kablolari\/\" rel=\"bookmark\">0.6\/1 kV XLPE \u0130zoleli Halojensiz Alev \u0130letmeyen Yuvarlak \u00c7elik Tel Z\u0131rhl\u0131 Bak\u0131r \u0130letkenli Enerji Kablolar\u0131<\/a>\n\t\t\t\t<\/h3>\n\t\t\t\n\t\t\t\t\t\t\t\t<ul class=\"proj-cats-list font-alt\">\n\t\t\t\t\t\t\t\t\t\t\t\t<li>aleve dayan\u0131kl\u0131 kablolar<\/li>\n\t\t\t\t\t\t\t\t\t\t\t<\/ul>\n\t\t\t\t\t\t\t <\/div>\n\t <\/header>\n\n\t\t\t<div class=\"entry-summary\">\n\t\t\t\t\t<\/div><!-- .entry-summary -->\n\t\n<\/article><!-- #post -->\n\t\t\t\t\t\t\t\n\t\t\t\t\t\t\t\t\t\t\t\t<\/div>\n\t\t\t\t\t\t<\/div>\n\n\t\t\t\t\t\t<div class=\"vc_row-full-width\"><\/div>\n\n\t\t\t\t\t\t\t\t\t\t\t\t\t    \t<div class=\"portfolio-footer\">\n\t\t\t\t\t\t\t    \t\t\t\t\t\t\t\t\t    \t\t\t<div class='basel-pagination'><span class='current'>1<\/span><a href='https:\/\/adaelektrik.com\/index.php\/wp-json\/wp\/v2\/pages\/3127\/page\/2\/' class='inactive' >2<\/a><a href='https:\/\/adaelektrik.com\/index.php\/wp-json\/wp\/v2\/pages\/3127\/page\/3\/' class='inactive' >3<\/a><\/div>\n\t\t\t\t\t\t\t    \t\t\t\t\t\t\t\t\t    \t<\/div>\n\t\t\t\t\t\t\t    \t\t\t\t\t\n\t\t\t\t\n\t\t\t\t\t\t<\/div><!-- .site-content -->\n\t\t\t\t\t[\/vc_column][\/vc_row]<\/p>\n","protected":false},"excerpt":{"rendered":"<p>[vc_row][vc_column][\/vc_column][\/vc_row]<\/p>\n","protected":false},"author":1,"featured_media":0,"parent":0,"menu_order":0,"comment_status":"closed","ping_status":"closed","template":"","meta":[],"_links":{"self":[{"href":"https:\/\/adaelektrik.com\/index.php\/wp-json\/wp\/v2\/pages\/3127"}],"collection":[{"href":"https:\/\/adaelektrik.com\/index.php\/wp-json\/wp\/v2\/pages"}],"about":[{"href":"https:\/\/adaelektrik.com\/index.php\/wp-json\/wp\/v2\/types\/page"}],"author":[{"embeddable":true,"href":"https:\/\/adaelektrik.com\/index.php\/wp-json\/wp\/v2\/users\/1"}],"replies":[{"embeddable":true,"href":"https:\/\/adaelektrik.com\/index.php\/wp-json\/wp\/v2\/comments?post=3127"}],"version-history":[{"count":1,"href":"https:\/\/adaelektrik.com\/index.php\/wp-json\/wp\/v2\/pages\/3127\/revisions"}],"predecessor-version":[{"id":3128,"href":"https:\/\/adaelektrik.com\/index.php\/wp-json\/wp\/v2\/pages\/3127\/revisions\/3128"}],"wp:attachment":[{"href":"https:\/\/adaelektrik.com\/index.php\/wp-json\/wp\/v2\/media?parent=3127"}],"curies":[{"name":"wp","href":"https:\/\/api.w.org\/{rel}","templated":true}]}}