{"id":3129,"date":"2020-01-30T09:42:18","date_gmt":"2020-01-30T06:42:18","guid":{"rendered":"http:\/\/avendijital.com\/adaelektrik\/?page_id=3129"},"modified":"2020-01-30T09:42:18","modified_gmt":"2020-01-30T06:42:18","slug":"enerji-kablolari","status":"publish","type":"page","link":"https:\/\/adaelektrik.com\/index.php\/enerji-kablolari\/","title":{"rendered":"ENERJ\u0130 KABLOLARI"},"content":{"rendered":"<p>[vc_row][vc_column]\n\t\t\t\t\t\t<div class=\"site-content page-portfolio portfolio-layout-boxed portfolio- col-sm-12\" role=\"main\">\n\t\t\t\n\t\t\t\t\t\t\t\t\t\t\t\t\t\t\t<div class=\"row row-spacing-6 \">\n\n\t\t\t\t\t\t\t\n\t\t\t\t\t\t\t<div class=\"clear\"><\/div>\n\n\t\t\t\t\t\t\t<div class=\"masonry-container basel-portfolio-holder\" data-atts=\"{&quot;posts_per_page&quot;:&quot;&quot;,&quot;filters&quot;:&quot;&quot;,&quot;categories&quot;:&quot;46&quot;,&quot;style&quot;:&quot;&quot;,&quot;columns&quot;:&quot;3&quot;,&quot;spacing&quot;:&quot;6&quot;,&quot;full_width&quot;:&quot;&quot;,&quot;filters_bg&quot;:&quot;&quot;,&quot;ajax_page&quot;:&quot;&quot;,&quot;pagination&quot;:&quot;&quot;,&quot;basel_color_scheme&quot;:&quot;&quot;,&quot;orderby&quot;:&quot;&quot;,&quot;order&quot;:&quot;&quot;,&quot;el_class&quot;:&quot;&quot;}\" data-source=\"shortcode\" data-paged=\"1\">\n\t\t\t\t\t\n\t\t\t\t\t\t\t\t\t\t\t\t\t\t\t\t\t\t\t\t\t\t\n<article id=\"post-2897\" class=\"portfolio-entry  col-xs-12 col-sm-4 col-md-4 portfolio-single masonry-item proj-cat-enerji-kablolari post-2897 portfolio type-portfolio status-publish has-post-thumbnail hentry project-cat-enerji-kablolari\">\n\t\t\t<header class=\"entry-header\">\n\t\t\t<figure class=\"entry-thumbnail\">\n\t\t\t\t\t\t\t\t\t\t\t\t<a href=\"https:\/\/adaelektrik.com\/index.php\/portfolio\/0-6-1-kv-xlpe-izoleli-konsantrik-ekranli-pvc-kilifli-bakir-iletkenli-enerji-kablolari\/\" class=\"portfolio-thumbnail\">\n\t\t\t\t\t\t\t\t<img width=\"1000\" height=\"500\" src=\"https:\/\/adaelektrik.com\/wp-content\/uploads\/2020\/01\/29.png\" class=\"attachment-large size-large wp-post-image\" alt=\"\" decoding=\"async\" loading=\"lazy\" srcset=\"https:\/\/adaelektrik.com\/wp-content\/uploads\/2020\/01\/29.png 1000w, https:\/\/adaelektrik.com\/wp-content\/uploads\/2020\/01\/29-300x150.png 300w, https:\/\/adaelektrik.com\/wp-content\/uploads\/2020\/01\/29-768x384.png 768w\" sizes=\"(max-width: 1000px) 100vw, 1000px\" \/>\t\t\t\t\t\t\t<\/a>\n\t\t\t\t\t\t\t\t\t\t<a href=\"https:\/\/adaelektrik.com\/wp-content\/uploads\/2020\/01\/29.png\" class=\"portfolio-enlarge\">View Large<\/a>\n\t\t\t<\/figure>\n\t\t\n\t\t<div class=\"portfolio-info\">\n\t\t\t\n\t\t\t\t\t\t\t<h3 class=\"entry-title\">\n\t\t\t\t\t<a href=\"https:\/\/adaelektrik.com\/index.php\/portfolio\/0-6-1-kv-xlpe-izoleli-konsantrik-ekranli-pvc-kilifli-bakir-iletkenli-enerji-kablolari\/\" rel=\"bookmark\">0.6\/1 kV XLPE \u0130zoleli Konsantrik Ekranl\u0131 PVC K\u0131l\u0131fl\u0131 Bak\u0131r \u0130letkenli Enerji Kablolar\u0131<\/a>\n\t\t\t\t<\/h3>\n\t\t\t\n\t\t\t\t\t\t\t\t<ul class=\"proj-cats-list font-alt\">\n\t\t\t\t\t\t\t\t\t\t\t\t<li>enerji kablolar\u0131<\/li>\n\t\t\t\t\t\t\t\t\t\t\t<\/ul>\n\t\t\t\t\t\t\t <\/div>\n\t <\/header>\n\n\t\t\t<div class=\"entry-summary\">\n\t\t\t\t\t<\/div><!-- .entry-summary -->\n\t\n<\/article><!-- #post -->\n\t\t\t\t\t\t\t\t\t\t\t\t\t\t\t\n<article id=\"post-2895\" class=\"portfolio-entry  col-xs-12 col-sm-4 col-md-4 portfolio-single masonry-item proj-cat-enerji-kablolari post-2895 portfolio type-portfolio status-publish has-post-thumbnail hentry project-cat-enerji-kablolari\">\n\t\t\t<header class=\"entry-header\">\n\t\t\t<figure class=\"entry-thumbnail\">\n\t\t\t\t\t\t\t\t\t\t\t\t<a href=\"https:\/\/adaelektrik.com\/index.php\/portfolio\/0-6-1-kv-xlpe-izoleli-yuvarlak-celik-tel-zirhli-pvc-kilifli-bakir-iletkenli-enerji-kablolari-4\/\" class=\"portfolio-thumbnail\">\n\t\t\t\t\t\t\t\t<img width=\"1000\" height=\"500\" src=\"https:\/\/adaelektrik.com\/wp-content\/uploads\/2020\/01\/28.png\" class=\"attachment-large size-large wp-post-image\" alt=\"\" decoding=\"async\" loading=\"lazy\" srcset=\"https:\/\/adaelektrik.com\/wp-content\/uploads\/2020\/01\/28.png 1000w, https:\/\/adaelektrik.com\/wp-content\/uploads\/2020\/01\/28-300x150.png 300w, https:\/\/adaelektrik.com\/wp-content\/uploads\/2020\/01\/28-768x384.png 768w\" sizes=\"(max-width: 1000px) 100vw, 1000px\" \/>\t\t\t\t\t\t\t<\/a>\n\t\t\t\t\t\t\t\t\t\t<a href=\"https:\/\/adaelektrik.com\/wp-content\/uploads\/2020\/01\/28.png\" class=\"portfolio-enlarge\">View Large<\/a>\n\t\t\t<\/figure>\n\t\t\n\t\t<div class=\"portfolio-info\">\n\t\t\t\n\t\t\t\t\t\t\t<h3 class=\"entry-title\">\n\t\t\t\t\t<a href=\"https:\/\/adaelektrik.com\/index.php\/portfolio\/0-6-1-kv-xlpe-izoleli-yuvarlak-celik-tel-zirhli-pvc-kilifli-bakir-iletkenli-enerji-kablolari-4\/\" rel=\"bookmark\">0.6\/1 kV XLPE \u0130zoleli Yuvarlak \u00c7elik Tel Z\u0131rhl\u0131 PVC K\u0131l\u0131fl\u0131 Bak\u0131r \u0130letkenli Enerji Kablolar\u0131<\/a>\n\t\t\t\t<\/h3>\n\t\t\t\n\t\t\t\t\t\t\t\t<ul class=\"proj-cats-list font-alt\">\n\t\t\t\t\t\t\t\t\t\t\t\t<li>enerji kablolar\u0131<\/li>\n\t\t\t\t\t\t\t\t\t\t\t<\/ul>\n\t\t\t\t\t\t\t <\/div>\n\t <\/header>\n\n\t\t\t<div class=\"entry-summary\">\n\t\t\t\t\t<\/div><!-- .entry-summary -->\n\t\n<\/article><!-- #post -->\n\t\t\t\t\t\t\t\t\t\t\t\t\t\t\t\n<article id=\"post-2889\" class=\"portfolio-entry  col-xs-12 col-sm-4 col-md-4 portfolio-single masonry-item proj-cat-enerji-kablolari post-2889 portfolio type-portfolio status-publish has-post-thumbnail hentry project-cat-enerji-kablolari\">\n\t\t\t<header class=\"entry-header\">\n\t\t\t<figure class=\"entry-thumbnail\">\n\t\t\t\t\t\t\t\t\t\t\t\t<a href=\"https:\/\/adaelektrik.com\/index.php\/portfolio\/0-6-1-kv-xlpe-izoleli-yuvarlak-celik-tel-zirhli-pvc-kilifli-bakir-iletkenli-enerji-kablolari-3\/\" class=\"portfolio-thumbnail\">\n\t\t\t\t\t\t\t\t<img width=\"1000\" height=\"500\" src=\"https:\/\/adaelektrik.com\/wp-content\/uploads\/2020\/01\/27.png\" class=\"attachment-large size-large wp-post-image\" alt=\"\" decoding=\"async\" loading=\"lazy\" srcset=\"https:\/\/adaelektrik.com\/wp-content\/uploads\/2020\/01\/27.png 1000w, https:\/\/adaelektrik.com\/wp-content\/uploads\/2020\/01\/27-300x150.png 300w, https:\/\/adaelektrik.com\/wp-content\/uploads\/2020\/01\/27-768x384.png 768w\" sizes=\"(max-width: 1000px) 100vw, 1000px\" \/>\t\t\t\t\t\t\t<\/a>\n\t\t\t\t\t\t\t\t\t\t<a href=\"https:\/\/adaelektrik.com\/wp-content\/uploads\/2020\/01\/27.png\" class=\"portfolio-enlarge\">View Large<\/a>\n\t\t\t<\/figure>\n\t\t\n\t\t<div class=\"portfolio-info\">\n\t\t\t\n\t\t\t\t\t\t\t<h3 class=\"entry-title\">\n\t\t\t\t\t<a href=\"https:\/\/adaelektrik.com\/index.php\/portfolio\/0-6-1-kv-xlpe-izoleli-yuvarlak-celik-tel-zirhli-pvc-kilifli-bakir-iletkenli-enerji-kablolari-3\/\" rel=\"bookmark\">0.6\/1 kV XLPE \u0130zoleli Yuvarlak \u00c7elik Tel Z\u0131rhl\u0131 PVC K\u0131l\u0131fl\u0131 Bak\u0131r \u0130letkenli Enerji Kablolar\u0131<\/a>\n\t\t\t\t<\/h3>\n\t\t\t\n\t\t\t\t\t\t\t\t<ul class=\"proj-cats-list font-alt\">\n\t\t\t\t\t\t\t\t\t\t\t\t<li>enerji kablolar\u0131<\/li>\n\t\t\t\t\t\t\t\t\t\t\t<\/ul>\n\t\t\t\t\t\t\t <\/div>\n\t <\/header>\n\n\t\t\t<div class=\"entry-summary\">\n\t\t\t\t\t<\/div><!-- .entry-summary -->\n\t\n<\/article><!-- #post -->\n\t\t\t\t\t\t\t\t\t\t\t\t\t\t\t\n<article id=\"post-2887\" class=\"portfolio-entry  col-xs-12 col-sm-4 col-md-4 portfolio-single masonry-item proj-cat-enerji-kablolari post-2887 portfolio type-portfolio status-publish has-post-thumbnail hentry project-cat-enerji-kablolari\">\n\t\t\t<header class=\"entry-header\">\n\t\t\t<figure class=\"entry-thumbnail\">\n\t\t\t\t\t\t\t\t\t\t\t\t<a href=\"https:\/\/adaelektrik.com\/index.php\/portfolio\/0-6-1-kv-xlpe-izoleli-yuvarlak-celik-tel-zirhli-pvc-kilifli-bakir-iletkenli-enerji-kablolari-2\/\" class=\"portfolio-thumbnail\">\n\t\t\t\t\t\t\t\t<img width=\"1000\" height=\"500\" src=\"https:\/\/adaelektrik.com\/wp-content\/uploads\/2020\/01\/26-A.png\" class=\"attachment-large size-large wp-post-image\" alt=\"\" decoding=\"async\" loading=\"lazy\" srcset=\"https:\/\/adaelektrik.com\/wp-content\/uploads\/2020\/01\/26-A.png 1000w, https:\/\/adaelektrik.com\/wp-content\/uploads\/2020\/01\/26-A-300x150.png 300w, https:\/\/adaelektrik.com\/wp-content\/uploads\/2020\/01\/26-A-768x384.png 768w\" sizes=\"(max-width: 1000px) 100vw, 1000px\" \/>\t\t\t\t\t\t\t<\/a>\n\t\t\t\t\t\t\t\t\t\t<a href=\"https:\/\/adaelektrik.com\/wp-content\/uploads\/2020\/01\/26-A.png\" class=\"portfolio-enlarge\">View Large<\/a>\n\t\t\t<\/figure>\n\t\t\n\t\t<div class=\"portfolio-info\">\n\t\t\t\n\t\t\t\t\t\t\t<h3 class=\"entry-title\">\n\t\t\t\t\t<a href=\"https:\/\/adaelektrik.com\/index.php\/portfolio\/0-6-1-kv-xlpe-izoleli-yuvarlak-celik-tel-zirhli-pvc-kilifli-bakir-iletkenli-enerji-kablolari-2\/\" rel=\"bookmark\">0.6\/1 kV XLPE \u0130zoleli Yuvarlak \u00c7elik Tel Z\u0131rhl\u0131 PVC K\u0131l\u0131fl\u0131 Bak\u0131r \u0130letkenli Enerji Kablolar\u0131<\/a>\n\t\t\t\t<\/h3>\n\t\t\t\n\t\t\t\t\t\t\t\t<ul class=\"proj-cats-list font-alt\">\n\t\t\t\t\t\t\t\t\t\t\t\t<li>enerji kablolar\u0131<\/li>\n\t\t\t\t\t\t\t\t\t\t\t<\/ul>\n\t\t\t\t\t\t\t <\/div>\n\t <\/header>\n\n\t\t\t<div class=\"entry-summary\">\n\t\t\t\t\t<\/div><!-- .entry-summary -->\n\t\n<\/article><!-- #post -->\n\t\t\t\t\t\t\t\t\t\t\t\t\t\t\t\n<article id=\"post-2885\" class=\"portfolio-entry  col-xs-12 col-sm-4 col-md-4 portfolio-single masonry-item proj-cat-enerji-kablolari post-2885 portfolio type-portfolio status-publish has-post-thumbnail hentry project-cat-enerji-kablolari\">\n\t\t\t<header class=\"entry-header\">\n\t\t\t<figure class=\"entry-thumbnail\">\n\t\t\t\t\t\t\t\t\t\t\t\t<a href=\"https:\/\/adaelektrik.com\/index.php\/portfolio\/0-6-1-kv-xlpe-izoleli-yuvarlak-celik-tel-zirhli-pvc-kilifli-bakir-iletkenli-enerji-kablolari\/\" class=\"portfolio-thumbnail\">\n\t\t\t\t\t\t\t\t<img width=\"1000\" height=\"500\" src=\"https:\/\/adaelektrik.com\/wp-content\/uploads\/2020\/01\/25.png\" class=\"attachment-large size-large wp-post-image\" alt=\"\" decoding=\"async\" loading=\"lazy\" srcset=\"https:\/\/adaelektrik.com\/wp-content\/uploads\/2020\/01\/25.png 1000w, https:\/\/adaelektrik.com\/wp-content\/uploads\/2020\/01\/25-300x150.png 300w, https:\/\/adaelektrik.com\/wp-content\/uploads\/2020\/01\/25-768x384.png 768w\" sizes=\"(max-width: 1000px) 100vw, 1000px\" \/>\t\t\t\t\t\t\t<\/a>\n\t\t\t\t\t\t\t\t\t\t<a href=\"https:\/\/adaelektrik.com\/wp-content\/uploads\/2020\/01\/25.png\" class=\"portfolio-enlarge\">View Large<\/a>\n\t\t\t<\/figure>\n\t\t\n\t\t<div class=\"portfolio-info\">\n\t\t\t\n\t\t\t\t\t\t\t<h3 class=\"entry-title\">\n\t\t\t\t\t<a href=\"https:\/\/adaelektrik.com\/index.php\/portfolio\/0-6-1-kv-xlpe-izoleli-yuvarlak-celik-tel-zirhli-pvc-kilifli-bakir-iletkenli-enerji-kablolari\/\" rel=\"bookmark\">0.6\/1 kV XLPE \u0130zoleli Yuvarlak \u00c7elik Tel Z\u0131rhl\u0131 PVC K\u0131l\u0131fl\u0131 Bak\u0131r \u0130letkenli Enerji Kablolar\u0131<\/a>\n\t\t\t\t<\/h3>\n\t\t\t\n\t\t\t\t\t\t\t\t<ul class=\"proj-cats-list font-alt\">\n\t\t\t\t\t\t\t\t\t\t\t\t<li>enerji kablolar\u0131<\/li>\n\t\t\t\t\t\t\t\t\t\t\t<\/ul>\n\t\t\t\t\t\t\t <\/div>\n\t <\/header>\n\n\t\t\t<div class=\"entry-summary\">\n\t\t\t\t\t<\/div><!-- .entry-summary -->\n\t\n<\/article><!-- #post -->\n\t\t\t\t\t\t\t\t\t\t\t\t\t\t\t\n<article id=\"post-2883\" class=\"portfolio-entry  col-xs-12 col-sm-4 col-md-4 portfolio-single masonry-item proj-cat-enerji-kablolari post-2883 portfolio type-portfolio status-publish has-post-thumbnail hentry project-cat-enerji-kablolari\">\n\t\t\t<header class=\"entry-header\">\n\t\t\t<figure class=\"entry-thumbnail\">\n\t\t\t\t\t\t\t\t\t\t\t\t<a href=\"https:\/\/adaelektrik.com\/index.php\/portfolio\/0-6-1-kv-xlpe-izoleli-aluminyum-tel-zirhli-pvc-kilifli-enerji-kablolari\/\" class=\"portfolio-thumbnail\">\n\t\t\t\t\t\t\t\t<img width=\"1000\" height=\"500\" src=\"https:\/\/adaelektrik.com\/wp-content\/uploads\/2020\/01\/24.png\" class=\"attachment-large size-large wp-post-image\" alt=\"\" decoding=\"async\" loading=\"lazy\" srcset=\"https:\/\/adaelektrik.com\/wp-content\/uploads\/2020\/01\/24.png 1000w, https:\/\/adaelektrik.com\/wp-content\/uploads\/2020\/01\/24-300x150.png 300w, https:\/\/adaelektrik.com\/wp-content\/uploads\/2020\/01\/24-768x384.png 768w\" sizes=\"(max-width: 1000px) 100vw, 1000px\" \/>\t\t\t\t\t\t\t<\/a>\n\t\t\t\t\t\t\t\t\t\t<a href=\"https:\/\/adaelektrik.com\/wp-content\/uploads\/2020\/01\/24.png\" class=\"portfolio-enlarge\">View Large<\/a>\n\t\t\t<\/figure>\n\t\t\n\t\t<div class=\"portfolio-info\">\n\t\t\t\n\t\t\t\t\t\t\t<h3 class=\"entry-title\">\n\t\t\t\t\t<a href=\"https:\/\/adaelektrik.com\/index.php\/portfolio\/0-6-1-kv-xlpe-izoleli-aluminyum-tel-zirhli-pvc-kilifli-enerji-kablolari\/\" rel=\"bookmark\">0.6\/1 kV XLPE \u0130zoleli Al\u00fcminyum Tel Z\u0131rhl\u0131 PVC K\u0131l\u0131fl\u0131 Enerji Kablolar\u0131<\/a>\n\t\t\t\t<\/h3>\n\t\t\t\n\t\t\t\t\t\t\t\t<ul class=\"proj-cats-list font-alt\">\n\t\t\t\t\t\t\t\t\t\t\t\t<li>enerji kablolar\u0131<\/li>\n\t\t\t\t\t\t\t\t\t\t\t<\/ul>\n\t\t\t\t\t\t\t <\/div>\n\t <\/header>\n\n\t\t\t<div class=\"entry-summary\">\n\t\t\t\t\t<\/div><!-- .entry-summary -->\n\t\n<\/article><!-- #post -->\n\t\t\t\t\t\t\t\t\t\t\t\t\t\t\t\n<article id=\"post-2881\" class=\"portfolio-entry  col-xs-12 col-sm-4 col-md-4 portfolio-single masonry-item proj-cat-enerji-kablolari post-2881 portfolio type-portfolio status-publish has-post-thumbnail hentry project-cat-enerji-kablolari\">\n\t\t\t<header class=\"entry-header\">\n\t\t\t<figure class=\"entry-thumbnail\">\n\t\t\t\t\t\t\t\t\t\t\t\t<a href=\"https:\/\/adaelektrik.com\/index.php\/portfolio\/0-6-1-kv-xlpe-izoleli-yassi-celik-tel-zirhli-pvc-kilifli-bakir-iletkenli-enerji-kablolari-2\/\" class=\"portfolio-thumbnail\">\n\t\t\t\t\t\t\t\t<img width=\"1000\" height=\"500\" src=\"https:\/\/adaelektrik.com\/wp-content\/uploads\/2020\/01\/23.png\" class=\"attachment-large size-large wp-post-image\" alt=\"\" decoding=\"async\" loading=\"lazy\" srcset=\"https:\/\/adaelektrik.com\/wp-content\/uploads\/2020\/01\/23.png 1000w, https:\/\/adaelektrik.com\/wp-content\/uploads\/2020\/01\/23-300x150.png 300w, https:\/\/adaelektrik.com\/wp-content\/uploads\/2020\/01\/23-768x384.png 768w\" sizes=\"(max-width: 1000px) 100vw, 1000px\" \/>\t\t\t\t\t\t\t<\/a>\n\t\t\t\t\t\t\t\t\t\t<a href=\"https:\/\/adaelektrik.com\/wp-content\/uploads\/2020\/01\/23.png\" class=\"portfolio-enlarge\">View Large<\/a>\n\t\t\t<\/figure>\n\t\t\n\t\t<div class=\"portfolio-info\">\n\t\t\t\n\t\t\t\t\t\t\t<h3 class=\"entry-title\">\n\t\t\t\t\t<a href=\"https:\/\/adaelektrik.com\/index.php\/portfolio\/0-6-1-kv-xlpe-izoleli-yassi-celik-tel-zirhli-pvc-kilifli-bakir-iletkenli-enerji-kablolari-2\/\" rel=\"bookmark\">0.6\/1 kV XLPE \u0130zoleli Yass\u0131 \u00c7elik Tel Z\u0131rhl\u0131 Pvc K\u0131l\u0131fl\u0131 Bak\u0131r \u0130letkenli Enerji Kablolar\u0131<\/a>\n\t\t\t\t<\/h3>\n\t\t\t\n\t\t\t\t\t\t\t\t<ul class=\"proj-cats-list font-alt\">\n\t\t\t\t\t\t\t\t\t\t\t\t<li>enerji kablolar\u0131<\/li>\n\t\t\t\t\t\t\t\t\t\t\t<\/ul>\n\t\t\t\t\t\t\t <\/div>\n\t <\/header>\n\n\t\t\t<div class=\"entry-summary\">\n\t\t\t\t\t<\/div><!-- .entry-summary -->\n\t\n<\/article><!-- #post -->\n\t\t\t\t\t\t\t\t\t\t\t\t\t\t\t\n<article id=\"post-2879\" class=\"portfolio-entry  col-xs-12 col-sm-4 col-md-4 portfolio-single masonry-item proj-cat-enerji-kablolari post-2879 portfolio type-portfolio status-publish has-post-thumbnail hentry project-cat-enerji-kablolari\">\n\t\t\t<header class=\"entry-header\">\n\t\t\t<figure class=\"entry-thumbnail\">\n\t\t\t\t\t\t\t\t\t\t\t\t<a href=\"https:\/\/adaelektrik.com\/index.php\/portfolio\/0-6-1-kv-xlpe-izoleli-yassi-celik-tel-zirhli-pvc-kilifli-bakir-iletkenli-enerji-kablolari\/\" class=\"portfolio-thumbnail\">\n\t\t\t\t\t\t\t\t<img width=\"1000\" height=\"500\" src=\"https:\/\/adaelektrik.com\/wp-content\/uploads\/2020\/01\/22.png\" class=\"attachment-large size-large wp-post-image\" alt=\"\" decoding=\"async\" loading=\"lazy\" srcset=\"https:\/\/adaelektrik.com\/wp-content\/uploads\/2020\/01\/22.png 1000w, https:\/\/adaelektrik.com\/wp-content\/uploads\/2020\/01\/22-300x150.png 300w, https:\/\/adaelektrik.com\/wp-content\/uploads\/2020\/01\/22-768x384.png 768w\" sizes=\"(max-width: 1000px) 100vw, 1000px\" \/>\t\t\t\t\t\t\t<\/a>\n\t\t\t\t\t\t\t\t\t\t<a href=\"https:\/\/adaelektrik.com\/wp-content\/uploads\/2020\/01\/22.png\" class=\"portfolio-enlarge\">View Large<\/a>\n\t\t\t<\/figure>\n\t\t\n\t\t<div class=\"portfolio-info\">\n\t\t\t\n\t\t\t\t\t\t\t<h3 class=\"entry-title\">\n\t\t\t\t\t<a href=\"https:\/\/adaelektrik.com\/index.php\/portfolio\/0-6-1-kv-xlpe-izoleli-yassi-celik-tel-zirhli-pvc-kilifli-bakir-iletkenli-enerji-kablolari\/\" rel=\"bookmark\">0.6\/1 kV XLPE \u0130zoleli Yass\u0131 \u00c7elik Tel Z\u0131rhl\u0131 PVC K\u0131l\u0131fl\u0131 Bak\u0131r \u0130letkenli Enerji Kablolar\u0131<\/a>\n\t\t\t\t<\/h3>\n\t\t\t\n\t\t\t\t\t\t\t\t<ul class=\"proj-cats-list font-alt\">\n\t\t\t\t\t\t\t\t\t\t\t\t<li>enerji kablolar\u0131<\/li>\n\t\t\t\t\t\t\t\t\t\t\t<\/ul>\n\t\t\t\t\t\t\t <\/div>\n\t <\/header>\n\n\t\t\t<div class=\"entry-summary\">\n\t\t\t\t\t<\/div><!-- .entry-summary -->\n\t\n<\/article><!-- #post -->\n\t\t\t\t\t\t\t\t\t\t\t\t\t\t\t\n<article id=\"post-2877\" class=\"portfolio-entry  col-xs-12 col-sm-4 col-md-4 portfolio-single masonry-item proj-cat-enerji-kablolari post-2877 portfolio type-portfolio status-publish has-post-thumbnail hentry project-cat-enerji-kablolari\">\n\t\t\t<header class=\"entry-header\">\n\t\t\t<figure class=\"entry-thumbnail\">\n\t\t\t\t\t\t\t\t\t\t\t\t<a href=\"https:\/\/adaelektrik.com\/index.php\/portfolio\/0-6-1-kv-xlpe-izoleli-pvc-kilifli-cok-damarli-bakir-iletkenli-enerji-kablolari-3\/\" class=\"portfolio-thumbnail\">\n\t\t\t\t\t\t\t\t<img width=\"1000\" height=\"500\" src=\"https:\/\/adaelektrik.com\/wp-content\/uploads\/2020\/01\/21.png\" class=\"attachment-large size-large wp-post-image\" alt=\"\" decoding=\"async\" loading=\"lazy\" srcset=\"https:\/\/adaelektrik.com\/wp-content\/uploads\/2020\/01\/21.png 1000w, https:\/\/adaelektrik.com\/wp-content\/uploads\/2020\/01\/21-300x150.png 300w, https:\/\/adaelektrik.com\/wp-content\/uploads\/2020\/01\/21-768x384.png 768w\" sizes=\"(max-width: 1000px) 100vw, 1000px\" \/>\t\t\t\t\t\t\t<\/a>\n\t\t\t\t\t\t\t\t\t\t<a href=\"https:\/\/adaelektrik.com\/wp-content\/uploads\/2020\/01\/21.png\" class=\"portfolio-enlarge\">View Large<\/a>\n\t\t\t<\/figure>\n\t\t\n\t\t<div class=\"portfolio-info\">\n\t\t\t\n\t\t\t\t\t\t\t<h3 class=\"entry-title\">\n\t\t\t\t\t<a href=\"https:\/\/adaelektrik.com\/index.php\/portfolio\/0-6-1-kv-xlpe-izoleli-pvc-kilifli-cok-damarli-bakir-iletkenli-enerji-kablolari-3\/\" rel=\"bookmark\">0.6\/1 kV XLPE \u0130zoleli PVC K\u0131l\u0131fl\u0131 \u00c7ok Damarl\u0131 Bak\u0131r \u0130letkenli Enerji Kablolar\u0131<\/a>\n\t\t\t\t<\/h3>\n\t\t\t\n\t\t\t\t\t\t\t\t<ul class=\"proj-cats-list font-alt\">\n\t\t\t\t\t\t\t\t\t\t\t\t<li>enerji kablolar\u0131<\/li>\n\t\t\t\t\t\t\t\t\t\t\t<\/ul>\n\t\t\t\t\t\t\t <\/div>\n\t <\/header>\n\n\t\t\t<div class=\"entry-summary\">\n\t\t\t\t\t<\/div><!-- .entry-summary -->\n\t\n<\/article><!-- #post -->\n\t\t\t\t\t\t\t\t\t\t\t\t\t\t\t\n<article id=\"post-2875\" class=\"portfolio-entry  col-xs-12 col-sm-4 col-md-4 portfolio-single masonry-item proj-cat-enerji-kablolari post-2875 portfolio type-portfolio status-publish has-post-thumbnail hentry project-cat-enerji-kablolari\">\n\t\t\t<header class=\"entry-header\">\n\t\t\t<figure class=\"entry-thumbnail\">\n\t\t\t\t\t\t\t\t\t\t\t\t<a href=\"https:\/\/adaelektrik.com\/index.php\/portfolio\/0-6-1-kv-xlpe-izoleli-pvc-kilifli-cok-damarli-bakir-iletkenli-enerji-kablolari-2\/\" class=\"portfolio-thumbnail\">\n\t\t\t\t\t\t\t\t<img width=\"1000\" height=\"500\" src=\"https:\/\/adaelektrik.com\/wp-content\/uploads\/2020\/01\/20.png\" class=\"attachment-large size-large wp-post-image\" alt=\"\" decoding=\"async\" loading=\"lazy\" srcset=\"https:\/\/adaelektrik.com\/wp-content\/uploads\/2020\/01\/20.png 1000w, https:\/\/adaelektrik.com\/wp-content\/uploads\/2020\/01\/20-300x150.png 300w, https:\/\/adaelektrik.com\/wp-content\/uploads\/2020\/01\/20-768x384.png 768w\" sizes=\"(max-width: 1000px) 100vw, 1000px\" \/>\t\t\t\t\t\t\t<\/a>\n\t\t\t\t\t\t\t\t\t\t<a href=\"https:\/\/adaelektrik.com\/wp-content\/uploads\/2020\/01\/20.png\" class=\"portfolio-enlarge\">View Large<\/a>\n\t\t\t<\/figure>\n\t\t\n\t\t<div class=\"portfolio-info\">\n\t\t\t\n\t\t\t\t\t\t\t<h3 class=\"entry-title\">\n\t\t\t\t\t<a href=\"https:\/\/adaelektrik.com\/index.php\/portfolio\/0-6-1-kv-xlpe-izoleli-pvc-kilifli-cok-damarli-bakir-iletkenli-enerji-kablolari-2\/\" rel=\"bookmark\">0.6\/1 kV XLPE \u0130zoleli PVC K\u0131l\u0131fl\u0131 \u00c7ok Damarl\u0131 Bak\u0131r \u0130letkenli Enerji Kablolar\u0131<\/a>\n\t\t\t\t<\/h3>\n\t\t\t\n\t\t\t\t\t\t\t\t<ul class=\"proj-cats-list font-alt\">\n\t\t\t\t\t\t\t\t\t\t\t\t<li>enerji kablolar\u0131<\/li>\n\t\t\t\t\t\t\t\t\t\t\t<\/ul>\n\t\t\t\t\t\t\t <\/div>\n\t <\/header>\n\n\t\t\t<div class=\"entry-summary\">\n\t\t\t\t\t<\/div><!-- .entry-summary -->\n\t\n<\/article><!-- #post -->\n\t\t\t\t\t\t\t\n\t\t\t\t\t\t\t\t\t\t\t\t<\/div>\n\t\t\t\t\t\t<\/div>\n\n\t\t\t\t\t\t<div class=\"vc_row-full-width\"><\/div>\n\n\t\t\t\t\t\t\t\t\t\t\t\t\t    \t<div class=\"portfolio-footer\">\n\t\t\t\t\t\t\t    \t\t\t\t\t\t\t\t\t    \t\t\t<div class='basel-pagination'><span class='current'>1<\/span><a href='https:\/\/adaelektrik.com\/index.php\/wp-json\/wp\/v2\/pages\/3129\/page\/2\/' class='inactive' >2<\/a><\/div>\n\t\t\t\t\t\t\t    \t\t\t\t\t\t\t\t\t    \t<\/div>\n\t\t\t\t\t\t\t    \t\t\t\t\t\n\t\t\t\t\n\t\t\t\t\t\t<\/div><!-- .site-content -->\n\t\t\t\t\t[\/vc_column][\/vc_row]<\/p>\n","protected":false},"excerpt":{"rendered":"<p>[vc_row][vc_column][\/vc_column][\/vc_row]<\/p>\n","protected":false},"author":1,"featured_media":0,"parent":0,"menu_order":0,"comment_status":"closed","ping_status":"closed","template":"","meta":[],"_links":{"self":[{"href":"https:\/\/adaelektrik.com\/index.php\/wp-json\/wp\/v2\/pages\/3129"}],"collection":[{"href":"https:\/\/adaelektrik.com\/index.php\/wp-json\/wp\/v2\/pages"}],"about":[{"href":"https:\/\/adaelektrik.com\/index.php\/wp-json\/wp\/v2\/types\/page"}],"author":[{"embeddable":true,"href":"https:\/\/adaelektrik.com\/index.php\/wp-json\/wp\/v2\/users\/1"}],"replies":[{"embeddable":true,"href":"https:\/\/adaelektrik.com\/index.php\/wp-json\/wp\/v2\/comments?post=3129"}],"version-history":[{"count":1,"href":"https:\/\/adaelektrik.com\/index.php\/wp-json\/wp\/v2\/pages\/3129\/revisions"}],"predecessor-version":[{"id":3130,"href":"https:\/\/adaelektrik.com\/index.php\/wp-json\/wp\/v2\/pages\/3129\/revisions\/3130"}],"wp:attachment":[{"href":"https:\/\/adaelektrik.com\/index.php\/wp-json\/wp\/v2\/media?parent=3129"}],"curies":[{"name":"wp","href":"https:\/\/api.w.org\/{rel}","templated":true}]}}