{"id":3132,"date":"2020-01-30T09:43:02","date_gmt":"2020-01-30T06:43:02","guid":{"rendered":"http:\/\/avendijital.com\/adaelektrik\/?page_id=3132"},"modified":"2020-01-30T09:43:02","modified_gmt":"2020-01-30T06:43:02","slug":"gerilim-guc-kablolari","status":"publish","type":"page","link":"https:\/\/adaelektrik.com\/index.php\/gerilim-guc-kablolari\/","title":{"rendered":"GER\u0130L\u0130M G\u00dc\u00c7 KABLOLARI"},"content":{"rendered":"<p>[vc_row][vc_column]\n\t\t\t\t\t\t<div class=\"site-content page-portfolio portfolio-layout-boxed portfolio- col-sm-12\" role=\"main\">\n\t\t\t\n\t\t\t\t\t\t\t\t\t\t\t\t\t\t\t<div class=\"row row-spacing-6 \">\n\n\t\t\t\t\t\t\t\n\t\t\t\t\t\t\t<div class=\"clear\"><\/div>\n\n\t\t\t\t\t\t\t<div class=\"masonry-container basel-portfolio-holder\" data-atts=\"{&quot;posts_per_page&quot;:&quot;&quot;,&quot;filters&quot;:&quot;&quot;,&quot;categories&quot;:&quot;48&quot;,&quot;style&quot;:&quot;&quot;,&quot;columns&quot;:&quot;3&quot;,&quot;spacing&quot;:&quot;6&quot;,&quot;full_width&quot;:&quot;&quot;,&quot;filters_bg&quot;:&quot;&quot;,&quot;ajax_page&quot;:&quot;&quot;,&quot;pagination&quot;:&quot;&quot;,&quot;basel_color_scheme&quot;:&quot;&quot;,&quot;orderby&quot;:&quot;&quot;,&quot;order&quot;:&quot;&quot;,&quot;el_class&quot;:&quot;&quot;}\" data-source=\"shortcode\" data-paged=\"1\">\n\t\t\t\t\t\n\t\t\t\t\t\t\t\t\t\t\t\t\t\t\t\t\t\t\t\t\t\t\n<article id=\"post-3013\" class=\"portfolio-entry  col-xs-12 col-sm-4 col-md-4 portfolio-single masonry-item proj-cat-gerilim-guc-kablolari post-3013 portfolio type-portfolio status-publish has-post-thumbnail hentry project-cat-gerilim-guc-kablolari\">\n\t\t\t<header class=\"entry-header\">\n\t\t\t<figure class=\"entry-thumbnail\">\n\t\t\t\t\t\t\t\t\t\t\t\t<a href=\"https:\/\/adaelektrik.com\/index.php\/portfolio\/87-15-kv-xlpe-izoleli-yassi-celik-tel-zirhli-aluminyum-iletkenli-orta-gerilim-guc-kablolari-2\/\" class=\"portfolio-thumbnail\">\n\t\t\t\t\t\t\t\t<img width=\"1000\" height=\"500\" src=\"https:\/\/adaelektrik.com\/wp-content\/uploads\/2020\/01\/X4.png\" class=\"attachment-large size-large wp-post-image\" alt=\"\" decoding=\"async\" loading=\"lazy\" srcset=\"https:\/\/adaelektrik.com\/wp-content\/uploads\/2020\/01\/X4.png 1000w, https:\/\/adaelektrik.com\/wp-content\/uploads\/2020\/01\/X4-300x150.png 300w, https:\/\/adaelektrik.com\/wp-content\/uploads\/2020\/01\/X4-768x384.png 768w\" sizes=\"(max-width: 1000px) 100vw, 1000px\" \/>\t\t\t\t\t\t\t<\/a>\n\t\t\t\t\t\t\t\t\t\t<a href=\"https:\/\/adaelektrik.com\/wp-content\/uploads\/2020\/01\/X4.png\" class=\"portfolio-enlarge\">View Large<\/a>\n\t\t\t<\/figure>\n\t\t\n\t\t<div class=\"portfolio-info\">\n\t\t\t\n\t\t\t\t\t\t\t<h3 class=\"entry-title\">\n\t\t\t\t\t<a href=\"https:\/\/adaelektrik.com\/index.php\/portfolio\/87-15-kv-xlpe-izoleli-yassi-celik-tel-zirhli-aluminyum-iletkenli-orta-gerilim-guc-kablolari-2\/\" rel=\"bookmark\">8,7\/15 kV XLPE \u0130zoleli Yass\u0131 \u00c7elik Tel Z\u0131rhl\u0131 Al\u00fcminyum \u0130letkenli Orta Gerilim G\u00fc\u00e7 Kablolar\u0131<\/a>\n\t\t\t\t<\/h3>\n\t\t\t\n\t\t\t\t\t\t\t\t<ul class=\"proj-cats-list font-alt\">\n\t\t\t\t\t\t\t\t\t\t\t\t<li>gerilim g\u00fc\u00e7 kablolar\u0131<\/li>\n\t\t\t\t\t\t\t\t\t\t\t<\/ul>\n\t\t\t\t\t\t\t <\/div>\n\t <\/header>\n\n\t\t\t<div class=\"entry-summary\">\n\t\t\t\t\t<\/div><!-- .entry-summary -->\n\t\n<\/article><!-- #post -->\n\t\t\t\t\t\t\t\t\t\t\t\t\t\t\t\n<article id=\"post-3009\" class=\"portfolio-entry  col-xs-12 col-sm-4 col-md-4 portfolio-single masonry-item proj-cat-gerilim-guc-kablolari post-3009 portfolio type-portfolio status-publish has-post-thumbnail hentry project-cat-gerilim-guc-kablolari\">\n\t\t\t<header class=\"entry-header\">\n\t\t\t<figure class=\"entry-thumbnail\">\n\t\t\t\t\t\t\t\t\t\t\t\t<a href=\"https:\/\/adaelektrik.com\/index.php\/portfolio\/36-6-kv-xlpe-izoleli-yassi-celik-tel-zirhli-aluminyum-iletkenli-orta-gerilim-guc-kablolari-2\/\" class=\"portfolio-thumbnail\">\n\t\t\t\t\t\t\t\t<img width=\"1000\" height=\"500\" src=\"https:\/\/adaelektrik.com\/wp-content\/uploads\/2020\/01\/X4.png\" class=\"attachment-large size-large wp-post-image\" alt=\"\" decoding=\"async\" loading=\"lazy\" srcset=\"https:\/\/adaelektrik.com\/wp-content\/uploads\/2020\/01\/X4.png 1000w, https:\/\/adaelektrik.com\/wp-content\/uploads\/2020\/01\/X4-300x150.png 300w, https:\/\/adaelektrik.com\/wp-content\/uploads\/2020\/01\/X4-768x384.png 768w\" sizes=\"(max-width: 1000px) 100vw, 1000px\" \/>\t\t\t\t\t\t\t<\/a>\n\t\t\t\t\t\t\t\t\t\t<a href=\"https:\/\/adaelektrik.com\/wp-content\/uploads\/2020\/01\/X4.png\" class=\"portfolio-enlarge\">View Large<\/a>\n\t\t\t<\/figure>\n\t\t\n\t\t<div class=\"portfolio-info\">\n\t\t\t\n\t\t\t\t\t\t\t<h3 class=\"entry-title\">\n\t\t\t\t\t<a href=\"https:\/\/adaelektrik.com\/index.php\/portfolio\/36-6-kv-xlpe-izoleli-yassi-celik-tel-zirhli-aluminyum-iletkenli-orta-gerilim-guc-kablolari-2\/\" rel=\"bookmark\">3,6\/6 kV XLPE \u0130zoleli Yass\u0131 \u00c7elik Tel Z\u0131rhl\u0131 Al\u00fcminyum \u0130letkenli Orta Gerilim G\u00fc\u00e7 Kablolar\u0131<\/a>\n\t\t\t\t<\/h3>\n\t\t\t\n\t\t\t\t\t\t\t\t<ul class=\"proj-cats-list font-alt\">\n\t\t\t\t\t\t\t\t\t\t\t\t<li>gerilim g\u00fc\u00e7 kablolar\u0131<\/li>\n\t\t\t\t\t\t\t\t\t\t\t<\/ul>\n\t\t\t\t\t\t\t <\/div>\n\t <\/header>\n\n\t\t\t<div class=\"entry-summary\">\n\t\t\t\t\t<\/div><!-- .entry-summary -->\n\t\n<\/article><!-- #post -->\n\t\t\t\t\t\t\t\t\t\t\t\t\t\t\t\n<article id=\"post-3008\" class=\"portfolio-entry  col-xs-12 col-sm-4 col-md-4 portfolio-single masonry-item proj-cat-gerilim-guc-kablolari post-3008 portfolio type-portfolio status-publish has-post-thumbnail hentry project-cat-gerilim-guc-kablolari\">\n\t\t\t<header class=\"entry-header\">\n\t\t\t<figure class=\"entry-thumbnail\">\n\t\t\t\t\t\t\t\t\t\t\t\t<a href=\"https:\/\/adaelektrik.com\/index.php\/portfolio\/18-30-kv-xlpe-izoleli-yuvarlak-aluminyum-tel-zirhli-tek-damarli-aluminyum-iletkenli-orta-gerilim-guc-kablolari\/\" class=\"portfolio-thumbnail\">\n\t\t\t\t\t\t\t\t<img width=\"1000\" height=\"500\" src=\"https:\/\/adaelektrik.com\/wp-content\/uploads\/2020\/01\/X3.png\" class=\"attachment-large size-large wp-post-image\" alt=\"\" decoding=\"async\" loading=\"lazy\" srcset=\"https:\/\/adaelektrik.com\/wp-content\/uploads\/2020\/01\/X3.png 1000w, https:\/\/adaelektrik.com\/wp-content\/uploads\/2020\/01\/X3-300x150.png 300w, https:\/\/adaelektrik.com\/wp-content\/uploads\/2020\/01\/X3-768x384.png 768w\" sizes=\"(max-width: 1000px) 100vw, 1000px\" \/>\t\t\t\t\t\t\t<\/a>\n\t\t\t\t\t\t\t\t\t\t<a href=\"https:\/\/adaelektrik.com\/wp-content\/uploads\/2020\/01\/X3.png\" class=\"portfolio-enlarge\">View Large<\/a>\n\t\t\t<\/figure>\n\t\t\n\t\t<div class=\"portfolio-info\">\n\t\t\t\n\t\t\t\t\t\t\t<h3 class=\"entry-title\">\n\t\t\t\t\t<a href=\"https:\/\/adaelektrik.com\/index.php\/portfolio\/18-30-kv-xlpe-izoleli-yuvarlak-aluminyum-tel-zirhli-tek-damarli-aluminyum-iletkenli-orta-gerilim-guc-kablolari\/\" rel=\"bookmark\">18\/30 kV XLPE \u0130zoleli Yuvarlak Al\u00fcminyum Tel Z\u0131rhl\u0131 Tek Damarl\u0131 Al\u00fcminyum \u0130letkenli Orta Gerilim G\u00fc\u00e7 Kablolar\u0131<\/a>\n\t\t\t\t<\/h3>\n\t\t\t\n\t\t\t\t\t\t\t\t<ul class=\"proj-cats-list font-alt\">\n\t\t\t\t\t\t\t\t\t\t\t\t<li>gerilim g\u00fc\u00e7 kablolar\u0131<\/li>\n\t\t\t\t\t\t\t\t\t\t\t<\/ul>\n\t\t\t\t\t\t\t <\/div>\n\t <\/header>\n\n\t\t\t<div class=\"entry-summary\">\n\t\t\t\t\t<\/div><!-- .entry-summary -->\n\t\n<\/article><!-- #post -->\n\t\t\t\t\t\t\t\t\t\t\t\t\t\t\t\n<article id=\"post-3006\" class=\"portfolio-entry  col-xs-12 col-sm-4 col-md-4 portfolio-single masonry-item proj-cat-gerilim-guc-kablolari post-3006 portfolio type-portfolio status-publish has-post-thumbnail hentry project-cat-gerilim-guc-kablolari\">\n\t\t\t<header class=\"entry-header\">\n\t\t\t<figure class=\"entry-thumbnail\">\n\t\t\t\t\t\t\t\t\t\t\t\t<a href=\"https:\/\/adaelektrik.com\/index.php\/portfolio\/12-20-kv-xlpe-izoleli-yuvarlak-aluminyum-tel-zirhli-tek-damarli-aluminyum-iletkenli-orta-gerilim-guc-kablolari\/\" class=\"portfolio-thumbnail\">\n\t\t\t\t\t\t\t\t<img width=\"1000\" height=\"500\" src=\"https:\/\/adaelektrik.com\/wp-content\/uploads\/2020\/01\/X3.png\" class=\"attachment-large size-large wp-post-image\" alt=\"\" decoding=\"async\" loading=\"lazy\" srcset=\"https:\/\/adaelektrik.com\/wp-content\/uploads\/2020\/01\/X3.png 1000w, https:\/\/adaelektrik.com\/wp-content\/uploads\/2020\/01\/X3-300x150.png 300w, https:\/\/adaelektrik.com\/wp-content\/uploads\/2020\/01\/X3-768x384.png 768w\" sizes=\"(max-width: 1000px) 100vw, 1000px\" \/>\t\t\t\t\t\t\t<\/a>\n\t\t\t\t\t\t\t\t\t\t<a href=\"https:\/\/adaelektrik.com\/wp-content\/uploads\/2020\/01\/X3.png\" class=\"portfolio-enlarge\">View Large<\/a>\n\t\t\t<\/figure>\n\t\t\n\t\t<div class=\"portfolio-info\">\n\t\t\t\n\t\t\t\t\t\t\t<h3 class=\"entry-title\">\n\t\t\t\t\t<a href=\"https:\/\/adaelektrik.com\/index.php\/portfolio\/12-20-kv-xlpe-izoleli-yuvarlak-aluminyum-tel-zirhli-tek-damarli-aluminyum-iletkenli-orta-gerilim-guc-kablolari\/\" rel=\"bookmark\">12\/20 kV XLPE \u0130zoleli Yuvarlak Al\u00fcminyum Tel Z\u0131rhl\u0131 Tek Damarl\u0131 Al\u00fcminyum \u0130letkenli Orta Gerilim G\u00fc\u00e7 Kablolar\u0131<\/a>\n\t\t\t\t<\/h3>\n\t\t\t\n\t\t\t\t\t\t\t\t<ul class=\"proj-cats-list font-alt\">\n\t\t\t\t\t\t\t\t\t\t\t\t<li>gerilim g\u00fc\u00e7 kablolar\u0131<\/li>\n\t\t\t\t\t\t\t\t\t\t\t<\/ul>\n\t\t\t\t\t\t\t <\/div>\n\t <\/header>\n\n\t\t\t<div class=\"entry-summary\">\n\t\t\t\t\t<\/div><!-- .entry-summary -->\n\t\n<\/article><!-- #post -->\n\t\t\t\t\t\t\t\t\t\t\t\t\t\t\t\n<article id=\"post-3003\" class=\"portfolio-entry  col-xs-12 col-sm-4 col-md-4 portfolio-single masonry-item proj-cat-gerilim-guc-kablolari post-3003 portfolio type-portfolio status-publish has-post-thumbnail hentry project-cat-gerilim-guc-kablolari\">\n\t\t\t<header class=\"entry-header\">\n\t\t\t<figure class=\"entry-thumbnail\">\n\t\t\t\t\t\t\t\t\t\t\t\t<a href=\"https:\/\/adaelektrik.com\/index.php\/portfolio\/87-15-kv-xlpe-izoleli-yuvarlak-aluminyum-tel-zirhli-tek-damarli-aluminyum-iletkenli-orta-gerilim-guc-kablolari\/\" class=\"portfolio-thumbnail\">\n\t\t\t\t\t\t\t\t<img width=\"1000\" height=\"500\" src=\"https:\/\/adaelektrik.com\/wp-content\/uploads\/2020\/01\/X3.png\" class=\"attachment-large size-large wp-post-image\" alt=\"\" decoding=\"async\" loading=\"lazy\" srcset=\"https:\/\/adaelektrik.com\/wp-content\/uploads\/2020\/01\/X3.png 1000w, https:\/\/adaelektrik.com\/wp-content\/uploads\/2020\/01\/X3-300x150.png 300w, https:\/\/adaelektrik.com\/wp-content\/uploads\/2020\/01\/X3-768x384.png 768w\" sizes=\"(max-width: 1000px) 100vw, 1000px\" \/>\t\t\t\t\t\t\t<\/a>\n\t\t\t\t\t\t\t\t\t\t<a href=\"https:\/\/adaelektrik.com\/wp-content\/uploads\/2020\/01\/X3.png\" class=\"portfolio-enlarge\">View Large<\/a>\n\t\t\t<\/figure>\n\t\t\n\t\t<div class=\"portfolio-info\">\n\t\t\t\n\t\t\t\t\t\t\t<h3 class=\"entry-title\">\n\t\t\t\t\t<a href=\"https:\/\/adaelektrik.com\/index.php\/portfolio\/87-15-kv-xlpe-izoleli-yuvarlak-aluminyum-tel-zirhli-tek-damarli-aluminyum-iletkenli-orta-gerilim-guc-kablolari\/\" rel=\"bookmark\">8,7\/15 kV XLPE \u0130zoleli Yuvarlak Al\u00fcminyum Tel Z\u0131rhl\u0131 Tek Damarl\u0131 Al\u00fcminyum \u0130letkenli Orta Gerilim G\u00fc\u00e7 Kablolar\u0131<\/a>\n\t\t\t\t<\/h3>\n\t\t\t\n\t\t\t\t\t\t\t\t<ul class=\"proj-cats-list font-alt\">\n\t\t\t\t\t\t\t\t\t\t\t\t<li>gerilim g\u00fc\u00e7 kablolar\u0131<\/li>\n\t\t\t\t\t\t\t\t\t\t\t<\/ul>\n\t\t\t\t\t\t\t <\/div>\n\t <\/header>\n\n\t\t\t<div class=\"entry-summary\">\n\t\t\t\t\t<\/div><!-- .entry-summary -->\n\t\n<\/article><!-- #post -->\n\t\t\t\t\t\t\t\t\t\t\t\t\t\t\t\n<article id=\"post-3001\" class=\"portfolio-entry  col-xs-12 col-sm-4 col-md-4 portfolio-single masonry-item proj-cat-gerilim-guc-kablolari post-3001 portfolio type-portfolio status-publish has-post-thumbnail hentry project-cat-gerilim-guc-kablolari\">\n\t\t\t<header class=\"entry-header\">\n\t\t\t<figure class=\"entry-thumbnail\">\n\t\t\t\t\t\t\t\t\t\t\t\t<a href=\"https:\/\/adaelektrik.com\/index.php\/portfolio\/6-10-kv-xlpe-izoleli-yuvarlak-aluminyum-tel-zirhli-tek-damarli-aluminyum-iletkenli-orta-gerilim-guc-kablolari\/\" class=\"portfolio-thumbnail\">\n\t\t\t\t\t\t\t\t<img width=\"1000\" height=\"500\" src=\"https:\/\/adaelektrik.com\/wp-content\/uploads\/2020\/01\/X3.png\" class=\"attachment-large size-large wp-post-image\" alt=\"\" decoding=\"async\" loading=\"lazy\" srcset=\"https:\/\/adaelektrik.com\/wp-content\/uploads\/2020\/01\/X3.png 1000w, https:\/\/adaelektrik.com\/wp-content\/uploads\/2020\/01\/X3-300x150.png 300w, https:\/\/adaelektrik.com\/wp-content\/uploads\/2020\/01\/X3-768x384.png 768w\" sizes=\"(max-width: 1000px) 100vw, 1000px\" \/>\t\t\t\t\t\t\t<\/a>\n\t\t\t\t\t\t\t\t\t\t<a href=\"https:\/\/adaelektrik.com\/wp-content\/uploads\/2020\/01\/X3.png\" class=\"portfolio-enlarge\">View Large<\/a>\n\t\t\t<\/figure>\n\t\t\n\t\t<div class=\"portfolio-info\">\n\t\t\t\n\t\t\t\t\t\t\t<h3 class=\"entry-title\">\n\t\t\t\t\t<a href=\"https:\/\/adaelektrik.com\/index.php\/portfolio\/6-10-kv-xlpe-izoleli-yuvarlak-aluminyum-tel-zirhli-tek-damarli-aluminyum-iletkenli-orta-gerilim-guc-kablolari\/\" rel=\"bookmark\">6\/10 KV XLPE \u0130ZOLEL\u0130 YUVARLAK AL\u00dcM\u0130NYUM TEL ZIRHLI TEK DAMARLI AL\u00dcM\u0130NYUM \u0130LETKENL\u0130 ORTA GER\u0130L\u0130M G\u00dc\u00c7 KABLOLARI<\/a>\n\t\t\t\t<\/h3>\n\t\t\t\n\t\t\t\t\t\t\t\t<ul class=\"proj-cats-list font-alt\">\n\t\t\t\t\t\t\t\t\t\t\t\t<li>gerilim g\u00fc\u00e7 kablolar\u0131<\/li>\n\t\t\t\t\t\t\t\t\t\t\t<\/ul>\n\t\t\t\t\t\t\t <\/div>\n\t <\/header>\n\n\t\t\t<div class=\"entry-summary\">\n\t\t\t\t\t<\/div><!-- .entry-summary -->\n\t\n<\/article><!-- #post -->\n\t\t\t\t\t\t\t\t\t\t\t\t\t\t\t\n<article id=\"post-2993\" class=\"portfolio-entry  col-xs-12 col-sm-4 col-md-4 portfolio-single masonry-item proj-cat-gerilim-guc-kablolari post-2993 portfolio type-portfolio status-publish has-post-thumbnail hentry project-cat-gerilim-guc-kablolari\">\n\t\t\t<header class=\"entry-header\">\n\t\t\t<figure class=\"entry-thumbnail\">\n\t\t\t\t\t\t\t\t\t\t\t\t<a href=\"https:\/\/adaelektrik.com\/index.php\/portfolio\/36-6-kv-xlpe-izoleli-yuvarlak-aluminyum-tel-zirhli-tek-damarli-aluminyum-iletkenli-orta-gerilim-guc-kablolari-2\/\" class=\"portfolio-thumbnail\">\n\t\t\t\t\t\t\t\t<img width=\"1000\" height=\"500\" src=\"https:\/\/adaelektrik.com\/wp-content\/uploads\/2020\/01\/X3.png\" class=\"attachment-large size-large wp-post-image\" alt=\"\" decoding=\"async\" loading=\"lazy\" srcset=\"https:\/\/adaelektrik.com\/wp-content\/uploads\/2020\/01\/X3.png 1000w, https:\/\/adaelektrik.com\/wp-content\/uploads\/2020\/01\/X3-300x150.png 300w, https:\/\/adaelektrik.com\/wp-content\/uploads\/2020\/01\/X3-768x384.png 768w\" sizes=\"(max-width: 1000px) 100vw, 1000px\" \/>\t\t\t\t\t\t\t<\/a>\n\t\t\t\t\t\t\t\t\t\t<a href=\"https:\/\/adaelektrik.com\/wp-content\/uploads\/2020\/01\/X3.png\" class=\"portfolio-enlarge\">View Large<\/a>\n\t\t\t<\/figure>\n\t\t\n\t\t<div class=\"portfolio-info\">\n\t\t\t\n\t\t\t\t\t\t\t<h3 class=\"entry-title\">\n\t\t\t\t\t<a href=\"https:\/\/adaelektrik.com\/index.php\/portfolio\/36-6-kv-xlpe-izoleli-yuvarlak-aluminyum-tel-zirhli-tek-damarli-aluminyum-iletkenli-orta-gerilim-guc-kablolari-2\/\" rel=\"bookmark\">3,6\/6 kV XLPE \u0130zoleli Yuvarlak Al\u00fcminyum Tel Z\u0131rhl\u0131 Tek Damarl\u0131 Al\u00fcminyum \u0130letkenli Orta Gerilim G\u00fc\u00e7 Kablolar\u0131<\/a>\n\t\t\t\t<\/h3>\n\t\t\t\n\t\t\t\t\t\t\t\t<ul class=\"proj-cats-list font-alt\">\n\t\t\t\t\t\t\t\t\t\t\t\t<li>gerilim g\u00fc\u00e7 kablolar\u0131<\/li>\n\t\t\t\t\t\t\t\t\t\t\t<\/ul>\n\t\t\t\t\t\t\t <\/div>\n\t <\/header>\n\n\t\t\t<div class=\"entry-summary\">\n\t\t\t\t\t<\/div><!-- .entry-summary -->\n\t\n<\/article><!-- #post -->\n\t\t\t\t\t\t\t\t\t\t\t\t\t\t\t\n<article id=\"post-2992\" class=\"portfolio-entry  col-xs-12 col-sm-4 col-md-4 portfolio-single masonry-item proj-cat-gerilim-guc-kablolari post-2992 portfolio type-portfolio status-publish has-post-thumbnail hentry project-cat-gerilim-guc-kablolari\">\n\t\t\t<header class=\"entry-header\">\n\t\t\t<figure class=\"entry-thumbnail\">\n\t\t\t\t\t\t\t\t\t\t\t\t<a href=\"https:\/\/adaelektrik.com\/index.php\/portfolio\/203-35-kv-xlpe-izoleli-yuvarlak-celik-tel-zirhli-orta-gerilim-guc-kablolari\/\" class=\"portfolio-thumbnail\">\n\t\t\t\t\t\t\t\t<img width=\"1000\" height=\"500\" src=\"https:\/\/adaelektrik.com\/wp-content\/uploads\/2020\/01\/55.png\" class=\"attachment-large size-large wp-post-image\" alt=\"\" decoding=\"async\" loading=\"lazy\" srcset=\"https:\/\/adaelektrik.com\/wp-content\/uploads\/2020\/01\/55.png 1000w, https:\/\/adaelektrik.com\/wp-content\/uploads\/2020\/01\/55-300x150.png 300w, https:\/\/adaelektrik.com\/wp-content\/uploads\/2020\/01\/55-768x384.png 768w\" sizes=\"(max-width: 1000px) 100vw, 1000px\" \/>\t\t\t\t\t\t\t<\/a>\n\t\t\t\t\t\t\t\t\t\t<a href=\"https:\/\/adaelektrik.com\/wp-content\/uploads\/2020\/01\/55.png\" class=\"portfolio-enlarge\">View Large<\/a>\n\t\t\t<\/figure>\n\t\t\n\t\t<div class=\"portfolio-info\">\n\t\t\t\n\t\t\t\t\t\t\t<h3 class=\"entry-title\">\n\t\t\t\t\t<a href=\"https:\/\/adaelektrik.com\/index.php\/portfolio\/203-35-kv-xlpe-izoleli-yuvarlak-celik-tel-zirhli-orta-gerilim-guc-kablolari\/\" rel=\"bookmark\">20,3\/35 kV XLPE \u0130zoleli Yuvarlak \u00c7elik Tel Z\u0131rhl\u0131 Orta Gerilim G\u00fc\u00e7 Kablolar\u0131<\/a>\n\t\t\t\t<\/h3>\n\t\t\t\n\t\t\t\t\t\t\t\t<ul class=\"proj-cats-list font-alt\">\n\t\t\t\t\t\t\t\t\t\t\t\t<li>gerilim g\u00fc\u00e7 kablolar\u0131<\/li>\n\t\t\t\t\t\t\t\t\t\t\t<\/ul>\n\t\t\t\t\t\t\t <\/div>\n\t <\/header>\n\n\t\t\t<div class=\"entry-summary\">\n\t\t\t\t\t<\/div><!-- .entry-summary -->\n\t\n<\/article><!-- #post -->\n\t\t\t\t\t\t\t\t\t\t\t\t\t\t\t\n<article id=\"post-2990\" class=\"portfolio-entry  col-xs-12 col-sm-4 col-md-4 portfolio-single masonry-item proj-cat-gerilim-guc-kablolari post-2990 portfolio type-portfolio status-publish has-post-thumbnail hentry project-cat-gerilim-guc-kablolari\">\n\t\t\t<header class=\"entry-header\">\n\t\t\t<figure class=\"entry-thumbnail\">\n\t\t\t\t\t\t\t\t\t\t\t\t<a href=\"https:\/\/adaelektrik.com\/index.php\/portfolio\/18-30-kv-xlpe-izoleli-yuvarlak-celik-tel-zirhli-orta-gerilim-guc-kablolari\/\" class=\"portfolio-thumbnail\">\n\t\t\t\t\t\t\t\t<img width=\"1000\" height=\"500\" src=\"https:\/\/adaelektrik.com\/wp-content\/uploads\/2020\/01\/55.png\" class=\"attachment-large size-large wp-post-image\" alt=\"\" decoding=\"async\" loading=\"lazy\" srcset=\"https:\/\/adaelektrik.com\/wp-content\/uploads\/2020\/01\/55.png 1000w, https:\/\/adaelektrik.com\/wp-content\/uploads\/2020\/01\/55-300x150.png 300w, https:\/\/adaelektrik.com\/wp-content\/uploads\/2020\/01\/55-768x384.png 768w\" sizes=\"(max-width: 1000px) 100vw, 1000px\" \/>\t\t\t\t\t\t\t<\/a>\n\t\t\t\t\t\t\t\t\t\t<a href=\"https:\/\/adaelektrik.com\/wp-content\/uploads\/2020\/01\/55.png\" class=\"portfolio-enlarge\">View Large<\/a>\n\t\t\t<\/figure>\n\t\t\n\t\t<div class=\"portfolio-info\">\n\t\t\t\n\t\t\t\t\t\t\t<h3 class=\"entry-title\">\n\t\t\t\t\t<a href=\"https:\/\/adaelektrik.com\/index.php\/portfolio\/18-30-kv-xlpe-izoleli-yuvarlak-celik-tel-zirhli-orta-gerilim-guc-kablolari\/\" rel=\"bookmark\">18\/30 kV XLPE \u0130zoleli Yuvarlak \u00c7elik Tel Z\u0131rhl\u0131 Orta Gerilim G\u00fc\u00e7 Kablolar\u0131<\/a>\n\t\t\t\t<\/h3>\n\t\t\t\n\t\t\t\t\t\t\t\t<ul class=\"proj-cats-list font-alt\">\n\t\t\t\t\t\t\t\t\t\t\t\t<li>gerilim g\u00fc\u00e7 kablolar\u0131<\/li>\n\t\t\t\t\t\t\t\t\t\t\t<\/ul>\n\t\t\t\t\t\t\t <\/div>\n\t <\/header>\n\n\t\t\t<div class=\"entry-summary\">\n\t\t\t\t\t<\/div><!-- .entry-summary -->\n\t\n<\/article><!-- #post -->\n\t\t\t\t\t\t\t\t\t\t\t\t\t\t\t\n<article id=\"post-2989\" class=\"portfolio-entry  col-xs-12 col-sm-4 col-md-4 portfolio-single masonry-item proj-cat-gerilim-guc-kablolari post-2989 portfolio type-portfolio status-publish has-post-thumbnail hentry project-cat-gerilim-guc-kablolari\">\n\t\t\t<header class=\"entry-header\">\n\t\t\t<figure class=\"entry-thumbnail\">\n\t\t\t\t\t\t\t\t\t\t\t\t<a href=\"https:\/\/adaelektrik.com\/index.php\/portfolio\/12-20-kv-xlpe-izoleli-yuvarlak-celik-tel-zirhli-orta-gerilim-guc-kablolari\/\" class=\"portfolio-thumbnail\">\n\t\t\t\t\t\t\t\t<img width=\"1000\" height=\"500\" src=\"https:\/\/adaelektrik.com\/wp-content\/uploads\/2020\/01\/55.png\" class=\"attachment-large size-large wp-post-image\" alt=\"\" decoding=\"async\" loading=\"lazy\" srcset=\"https:\/\/adaelektrik.com\/wp-content\/uploads\/2020\/01\/55.png 1000w, https:\/\/adaelektrik.com\/wp-content\/uploads\/2020\/01\/55-300x150.png 300w, https:\/\/adaelektrik.com\/wp-content\/uploads\/2020\/01\/55-768x384.png 768w\" sizes=\"(max-width: 1000px) 100vw, 1000px\" \/>\t\t\t\t\t\t\t<\/a>\n\t\t\t\t\t\t\t\t\t\t<a href=\"https:\/\/adaelektrik.com\/wp-content\/uploads\/2020\/01\/55.png\" class=\"portfolio-enlarge\">View Large<\/a>\n\t\t\t<\/figure>\n\t\t\n\t\t<div class=\"portfolio-info\">\n\t\t\t\n\t\t\t\t\t\t\t<h3 class=\"entry-title\">\n\t\t\t\t\t<a href=\"https:\/\/adaelektrik.com\/index.php\/portfolio\/12-20-kv-xlpe-izoleli-yuvarlak-celik-tel-zirhli-orta-gerilim-guc-kablolari\/\" rel=\"bookmark\">12\/20 kV XLPE \u0130zoleli Yuvarlak \u00c7elik Tel Z\u0131rhl\u0131 Orta Gerilim G\u00fc\u00e7 Kablolar\u0131<\/a>\n\t\t\t\t<\/h3>\n\t\t\t\n\t\t\t\t\t\t\t\t<ul class=\"proj-cats-list font-alt\">\n\t\t\t\t\t\t\t\t\t\t\t\t<li>gerilim g\u00fc\u00e7 kablolar\u0131<\/li>\n\t\t\t\t\t\t\t\t\t\t\t<\/ul>\n\t\t\t\t\t\t\t <\/div>\n\t <\/header>\n\n\t\t\t<div class=\"entry-summary\">\n\t\t\t\t\t<\/div><!-- .entry-summary -->\n\t\n<\/article><!-- #post -->\n\t\t\t\t\t\t\t\n\t\t\t\t\t\t\t\t\t\t\t\t<\/div>\n\t\t\t\t\t\t<\/div>\n\n\t\t\t\t\t\t<div class=\"vc_row-full-width\"><\/div>\n\n\t\t\t\t\t\t\t\t\t\t\t\t\t    \t<div class=\"portfolio-footer\">\n\t\t\t\t\t\t\t    \t\t\t\t\t\t\t\t\t    \t\t\t<div class='basel-pagination'><span class='current'>1<\/span><a href='https:\/\/adaelektrik.com\/index.php\/wp-json\/wp\/v2\/pages\/3132\/page\/2\/' class='inactive' >2<\/a><a href='https:\/\/adaelektrik.com\/index.php\/wp-json\/wp\/v2\/pages\/3132\/page\/3\/' class='inactive' >3<\/a><\/div>\n\t\t\t\t\t\t\t    \t\t\t\t\t\t\t\t\t    \t<\/div>\n\t\t\t\t\t\t\t    \t\t\t\t\t\n\t\t\t\t\n\t\t\t\t\t\t<\/div><!-- .site-content -->\n\t\t\t\t\t[\/vc_column][\/vc_row]<\/p>\n","protected":false},"excerpt":{"rendered":"<p>[vc_row][vc_column][\/vc_column][\/vc_row]<\/p>\n","protected":false},"author":1,"featured_media":0,"parent":0,"menu_order":0,"comment_status":"closed","ping_status":"closed","template":"","meta":[],"_links":{"self":[{"href":"https:\/\/adaelektrik.com\/index.php\/wp-json\/wp\/v2\/pages\/3132"}],"collection":[{"href":"https:\/\/adaelektrik.com\/index.php\/wp-json\/wp\/v2\/pages"}],"about":[{"href":"https:\/\/adaelektrik.com\/index.php\/wp-json\/wp\/v2\/types\/page"}],"author":[{"embeddable":true,"href":"https:\/\/adaelektrik.com\/index.php\/wp-json\/wp\/v2\/users\/1"}],"replies":[{"embeddable":true,"href":"https:\/\/adaelektrik.com\/index.php\/wp-json\/wp\/v2\/comments?post=3132"}],"version-history":[{"count":1,"href":"https:\/\/adaelektrik.com\/index.php\/wp-json\/wp\/v2\/pages\/3132\/revisions"}],"predecessor-version":[{"id":3133,"href":"https:\/\/adaelektrik.com\/index.php\/wp-json\/wp\/v2\/pages\/3132\/revisions\/3133"}],"wp:attachment":[{"href":"https:\/\/adaelektrik.com\/index.php\/wp-json\/wp\/v2\/media?parent=3132"}],"curies":[{"name":"wp","href":"https:\/\/api.w.org\/{rel}","templated":true}]}}