{"id":4522,"date":"2020-02-20T11:50:47","date_gmt":"2020-02-20T08:50:47","guid":{"rendered":"http:\/\/avendijital.com\/adaelektrik\/?page_id=4522"},"modified":"2020-02-20T13:18:30","modified_gmt":"2020-02-20T10:18:30","slug":"regulator","status":"publish","type":"page","link":"https:\/\/adaelektrik.com\/index.php\/regulator\/","title":{"rendered":"REG\u00dcLAT\u00d6R"},"content":{"rendered":"<p>[vc_row][vc_column width=&#8221;1\/3&#8243;]\n\t\t\t<div class=\"promo-banner cursor-pointer text-center vertical-alignment-middle banner-2 hover- color-scheme-light \" onclick=\"window.location.href='http:\/\/avendijital.com\/adaelektrik\/index.php\/project-cat\/voltaj-regulatoru\/'\" >\n\n\t\t\t\t<div class=\"main-wrapp-img\">\n\t\t\t\t\t<div class=\"banner-image\">\n\t\t\t\t\t\t\t\t\t\t\t\t\t\t\t\t\t\t\t\t\t<img class=\"promo-banner-image image-1 \" src=\"https:\/\/adaelektrik.com\/wp-content\/uploads\/2020\/02\/b.jpg\" width=\"765\" height=\"590\" alt=\"b\" title=\"b\" \/>\t\t\t\t\t\t\t\t\t\t\t\t\t\t\t\t\t\t<\/div>\n\t\t\t\t<\/div>\n\n\t\t\t\t<div class=\"wrapper-content-baner\">\n\t\t\t\t\t<div class=\"banner-inner\">\n\t\t\t\t\t\t<\/p>\n<h1 class=\"entry-title\">VOLTAJ REG\u00dcLAT\u00d6R\u00dc<\/h1>\n<p>\n\t\t\t\t\t<\/div>\n\t\t\t\t<\/div>\n\n\t\t\t<\/div>\n\n\n\t\t[\/vc_column][vc_column width=&#8221;1\/3&#8243;][\/vc_column][vc_column width=&#8221;1\/3&#8243;][\/vc_column][\/vc_row]<\/p>\n","protected":false},"excerpt":{"rendered":"<p>[vc_row][vc_column width=&#8221;1\/3&#8243;][\/vc_column][vc_column width=&#8221;1\/3&#8243;][\/vc_column][vc_column width=&#8221;1\/3&#8243;][\/vc_column][\/vc_row]<\/p>\n","protected":false},"author":1,"featured_media":0,"parent":0,"menu_order":0,"comment_status":"closed","ping_status":"closed","template":"","meta":[],"_links":{"self":[{"href":"https:\/\/adaelektrik.com\/index.php\/wp-json\/wp\/v2\/pages\/4522"}],"collection":[{"href":"https:\/\/adaelektrik.com\/index.php\/wp-json\/wp\/v2\/pages"}],"about":[{"href":"https:\/\/adaelektrik.com\/index.php\/wp-json\/wp\/v2\/types\/page"}],"author":[{"embeddable":true,"href":"https:\/\/adaelektrik.com\/index.php\/wp-json\/wp\/v2\/users\/1"}],"replies":[{"embeddable":true,"href":"https:\/\/adaelektrik.com\/index.php\/wp-json\/wp\/v2\/comments?post=4522"}],"version-history":[{"count":2,"href":"https:\/\/adaelektrik.com\/index.php\/wp-json\/wp\/v2\/pages\/4522\/revisions"}],"predecessor-version":[{"id":4551,"href":"https:\/\/adaelektrik.com\/index.php\/wp-json\/wp\/v2\/pages\/4522\/revisions\/4551"}],"wp:attachment":[{"href":"https:\/\/adaelektrik.com\/index.php\/wp-json\/wp\/v2\/media?parent=4522"}],"curies":[{"name":"wp","href":"https:\/\/api.w.org\/{rel}","templated":true}]}}