{"id":4524,"date":"2020-02-20T11:55:29","date_gmt":"2020-02-20T08:55:29","guid":{"rendered":"http:\/\/avendijital.com\/adaelektrik\/?page_id=4524"},"modified":"2020-02-20T13:50:32","modified_gmt":"2020-02-20T10:50:32","slug":"kablolar","status":"publish","type":"page","link":"https:\/\/adaelektrik.com\/index.php\/kablolar\/","title":{"rendered":"KABLOLAR"},"content":{"rendered":"<p>[vc_row][vc_column width=&#8221;1\/3&#8243;]\n\t\t\t<div class=\"promo-banner cursor-pointer text-center vertical-alignment-middle banner-2 hover- color-scheme-light \" onclick=\"window.location.href='http:\/\/avendijital.com\/adaelektrik\/index.php\/aleve-dayanikli-kablolar\/'\" >\n\n\t\t\t\t<div class=\"main-wrapp-img\">\n\t\t\t\t\t<div class=\"banner-image\">\n\t\t\t\t\t\t\t\t\t\t\t\t\t\t\t\t\t\t\t\t\t<img class=\"promo-banner-image image-1 \" src=\"https:\/\/adaelektrik.com\/wp-content\/uploads\/2020\/02\/b4.jpg\" width=\"765\" height=\"590\" alt=\"b4\" title=\"b4\" \/>\t\t\t\t\t\t\t\t\t\t\t\t\t\t\t\t\t\t<\/div>\n\t\t\t\t<\/div>\n\n\t\t\t\t<div class=\"wrapper-content-baner\">\n\t\t\t\t\t<div class=\"banner-inner\">\n\t\t\t\t\t\t<\/p>\n<h1 class=\"entry-title\">ALEVE DAYANIKLI KABLOLAR<\/h1>\n<p>\n\t\t\t\t\t<\/div>\n\t\t\t\t<\/div>\n\n\t\t\t<\/div>\n\n\n\t\t[\/vc_column][vc_column width=&#8221;1\/3&#8243;]\n\t\t\t<div class=\"promo-banner cursor-pointer text-center vertical-alignment-middle banner-2 hover- color-scheme-light \" onclick=\"window.location.href='http:\/\/avendijital.com\/adaelektrik\/index.php\/project-cat\/aluminyum-iletkenli-guc-kablolari\/'\" >\n\n\t\t\t\t<div class=\"main-wrapp-img\">\n\t\t\t\t\t<div class=\"banner-image\">\n\t\t\t\t\t\t\t\t\t\t\t\t\t\t\t\t\t\t\t\t\t<img class=\"promo-banner-image image-1 \" src=\"https:\/\/adaelektrik.com\/wp-content\/uploads\/2020\/02\/4649e3d4-81d.jpg\" width=\"767\" height=\"590\" alt=\"4649e3d4-81d\" title=\"4649e3d4-81d\" \/>\t\t\t\t\t\t\t\t\t\t\t\t\t\t\t\t\t\t<\/div>\n\t\t\t\t<\/div>\n\n\t\t\t\t<div class=\"wrapper-content-baner\">\n\t\t\t\t\t<div class=\"banner-inner\">\n\t\t\t\t\t\t<\/p>\n<h1 class=\"entry-title\">AL\u00dcM\u0130NYUM \u0130LETKENL\u0130 G\u00dc\u00c7 KABLOLARI<\/h1>\n<p>\n\t\t\t\t\t<\/div>\n\t\t\t\t<\/div>\n\n\t\t\t<\/div>\n\n\n\t\t[\/vc_column][vc_column width=&#8221;1\/3&#8243;]\n\t\t\t<div class=\"promo-banner cursor-pointer text-center vertical-alignment-middle banner-2 hover- color-scheme-light \" onclick=\"window.location.href='http:\/\/avendijital.com\/adaelektrik\/index.php\/project-cat\/bakir-iletkenler\/'\" >\n\n\t\t\t\t<div class=\"main-wrapp-img\">\n\t\t\t\t\t<div class=\"banner-image\">\n\t\t\t\t\t\t\t\t\t\t\t\t\t\t\t\t\t\t\t\t\t<img class=\"promo-banner-image image-1 \" src=\"https:\/\/adaelektrik.com\/wp-content\/uploads\/2020\/02\/b5.jpg\" width=\"765\" height=\"590\" alt=\"b5\" title=\"b5\" \/>\t\t\t\t\t\t\t\t\t\t\t\t\t\t\t\t\t\t<\/div>\n\t\t\t\t<\/div>\n\n\t\t\t\t<div class=\"wrapper-content-baner\">\n\t\t\t\t\t<div class=\"banner-inner\">\n\t\t\t\t\t\t<\/p>\n<h1 class=\"entry-title\">BAKIR \u0130LETKENLER<\/h1>\n<p>\n\t\t\t\t\t<\/div>\n\t\t\t\t<\/div>\n\n\t\t\t<\/div>\n\n\n\t\t[\/vc_column][\/vc_row][vc_row][vc_column width=&#8221;1\/3&#8243;]\n\t\t\t<div class=\"promo-banner cursor-pointer text-center vertical-alignment-middle banner-2 hover- color-scheme-light \" onclick=\"window.location.href='http:\/\/avendijital.com\/adaelektrik\/index.php\/enerji-kablolari\/'\" >\n\n\t\t\t\t<div class=\"main-wrapp-img\">\n\t\t\t\t\t<div class=\"banner-image\">\n\t\t\t\t\t\t\t\t\t\t\t\t\t\t\t\t\t\t\t\t\t<img class=\"promo-banner-image image-1 \" src=\"https:\/\/adaelektrik.com\/wp-content\/uploads\/2020\/02\/b6.jpg\" width=\"765\" height=\"590\" alt=\"b6\" title=\"b6\" \/>\t\t\t\t\t\t\t\t\t\t\t\t\t\t\t\t\t\t<\/div>\n\t\t\t\t<\/div>\n\n\t\t\t\t<div class=\"wrapper-content-baner\">\n\t\t\t\t\t<div class=\"banner-inner\">\n\t\t\t\t\t\t<\/p>\n<h1 class=\"entry-title\">ENERJ\u0130 KABLOLARI<\/h1>\n<p>\n\t\t\t\t\t<\/div>\n\t\t\t\t<\/div>\n\n\t\t\t<\/div>\n\n\n\t\t[\/vc_column][vc_column width=&#8221;1\/3&#8243;]\n\t\t\t<div class=\"promo-banner cursor-pointer text-center vertical-alignment-middle banner-2 hover- color-scheme-light \" onclick=\"window.location.href='http:\/\/avendijital.com\/adaelektrik\/index.php\/gerilim-guc-kablolari\/'\" >\n\n\t\t\t\t<div class=\"main-wrapp-img\">\n\t\t\t\t\t<div class=\"banner-image\">\n\t\t\t\t\t\t\t\t\t\t\t\t\t\t\t\t\t\t\t\t\t<img class=\"promo-banner-image image-1 \" src=\"https:\/\/adaelektrik.com\/wp-content\/uploads\/2020\/02\/b7.jpg\" width=\"765\" height=\"590\" alt=\"b7\" title=\"b7\" \/>\t\t\t\t\t\t\t\t\t\t\t\t\t\t\t\t\t\t<\/div>\n\t\t\t\t<\/div>\n\n\t\t\t\t<div class=\"wrapper-content-baner\">\n\t\t\t\t\t<div class=\"banner-inner\">\n\t\t\t\t\t\t<\/p>\n<h1 class=\"entry-title\">GER\u0130L\u0130M G\u00dc\u00c7 KABLOLARI<\/h1>\n<p>\n\t\t\t\t\t<\/div>\n\t\t\t\t<\/div>\n\n\t\t\t<\/div>\n\n\n\t\t[\/vc_column][vc_column width=&#8221;1\/3&#8243;]\n\t\t\t<div class=\"promo-banner cursor-pointer text-center vertical-alignment-middle banner-2 hover- color-scheme-light \" onclick=\"window.location.href='http:\/\/avendijital.com\/adaelektrik\/index.php\/project-cat\/guc-kablolari\/'\" >\n\n\t\t\t\t<div class=\"main-wrapp-img\">\n\t\t\t\t\t<div class=\"banner-image\">\n\t\t\t\t\t\t\t\t\t\t\t\t\t\t\t\t\t\t\t\t\t<img class=\"promo-banner-image image-1 \" src=\"https:\/\/adaelektrik.com\/wp-content\/uploads\/2020\/02\/b8.jpg\" width=\"765\" height=\"590\" alt=\"b8\" title=\"b8\" \/>\t\t\t\t\t\t\t\t\t\t\t\t\t\t\t\t\t\t<\/div>\n\t\t\t\t<\/div>\n\n\t\t\t\t<div class=\"wrapper-content-baner\">\n\t\t\t\t\t<div class=\"banner-inner\">\n\t\t\t\t\t\t<\/p>\n<h1 class=\"entry-title\">G\u00dc\u00c7 KABLOLARI<\/h1>\n<p>\n\t\t\t\t\t<\/div>\n\t\t\t\t<\/div>\n\n\t\t\t<\/div>\n\n\n\t\t[\/vc_column][\/vc_row][vc_row][vc_column width=&#8221;1\/3&#8243;]\n\t\t\t<div class=\"promo-banner cursor-pointer text-center vertical-alignment-middle banner-2 hover- color-scheme-light \" onclick=\"window.location.href='http:\/\/avendijital.com\/adaelektrik\/index.php\/project-cat\/tesisat-kablolari\/'\" >\n\n\t\t\t\t<div class=\"main-wrapp-img\">\n\t\t\t\t\t<div class=\"banner-image\">\n\t\t\t\t\t\t\t\t\t\t\t\t\t\t\t\t\t\t\t\t\t<img class=\"promo-banner-image image-1 \" src=\"https:\/\/adaelektrik.com\/wp-content\/uploads\/2020\/02\/b9.jpg\" width=\"765\" height=\"590\" alt=\"b9\" title=\"b9\" \/>\t\t\t\t\t\t\t\t\t\t\t\t\t\t\t\t\t\t<\/div>\n\t\t\t\t<\/div>\n\n\t\t\t\t<div class=\"wrapper-content-baner\">\n\t\t\t\t\t<div class=\"banner-inner\">\n\t\t\t\t\t\t<\/p>\n<h1 class=\"entry-title\">TES\u0130SAT KABLOLARI<\/h1>\n<p>\n\t\t\t\t\t<\/div>\n\t\t\t\t<\/div>\n\n\t\t\t<\/div>\n\n\n\t\t[\/vc_column][vc_column width=&#8221;1\/3&#8243;]\n\t\t\t<div class=\"promo-banner cursor-pointer text-center vertical-alignment-middle banner-2 hover- color-scheme-light \" onclick=\"window.location.href='http:\/\/avendijital.com\/adaelektrik\/index.php\/project-cat\/havai-hat-iletkenler\/'\" >\n\n\t\t\t\t<div class=\"main-wrapp-img\">\n\t\t\t\t\t<div class=\"banner-image\">\n\t\t\t\t\t\t\t\t\t\t\t\t\t\t\t\t\t\t\t\t\t<img class=\"promo-banner-image image-1 \" src=\"https:\/\/adaelektrik.com\/wp-content\/uploads\/2020\/02\/b10.jpg\" width=\"765\" height=\"590\" alt=\"b10\" title=\"b10\" \/>\t\t\t\t\t\t\t\t\t\t\t\t\t\t\t\t\t\t<\/div>\n\t\t\t\t<\/div>\n\n\t\t\t\t<div class=\"wrapper-content-baner\">\n\t\t\t\t\t<div class=\"banner-inner\">\n\t\t\t\t\t\t<\/p>\n<h1 class=\"entry-title\">HAVA\u0130 HAT \u0130LETKENLER<\/h1>\n<p>\n\t\t\t\t\t<\/div>\n\t\t\t\t<\/div>\n\n\t\t\t<\/div>\n\n\n\t\t[\/vc_column][vc_column width=&#8221;1\/3&#8243;][\/vc_column][\/vc_row]<\/p>\n","protected":false},"excerpt":{"rendered":"<p>[vc_row][vc_column width=&#8221;1\/3&#8243;][\/vc_column][vc_column width=&#8221;1\/3&#8243;][\/vc_column][vc_column width=&#8221;1\/3&#8243;][\/vc_column][\/vc_row][vc_row][vc_column width=&#8221;1\/3&#8243;][\/vc_column][vc_column width=&#8221;1\/3&#8243;][\/vc_column][vc_column width=&#8221;1\/3&#8243;][\/vc_column][\/vc_row][vc_row][vc_column width=&#8221;1\/3&#8243;][\/vc_column][vc_column width=&#8221;1\/3&#8243;][\/vc_column][vc_column width=&#8221;1\/3&#8243;][\/vc_column][\/vc_row]<\/p>\n","protected":false},"author":1,"featured_media":0,"parent":0,"menu_order":0,"comment_status":"closed","ping_status":"closed","template":"","meta":[],"_links":{"self":[{"href":"https:\/\/adaelektrik.com\/index.php\/wp-json\/wp\/v2\/pages\/4524"}],"collection":[{"href":"https:\/\/adaelektrik.com\/index.php\/wp-json\/wp\/v2\/pages"}],"about":[{"href":"https:\/\/adaelektrik.com\/index.php\/wp-json\/wp\/v2\/types\/page"}],"author":[{"embeddable":true,"href":"https:\/\/adaelektrik.com\/index.php\/wp-json\/wp\/v2\/users\/1"}],"replies":[{"embeddable":true,"href":"https:\/\/adaelektrik.com\/index.php\/wp-json\/wp\/v2\/comments?post=4524"}],"version-history":[{"count":6,"href":"https:\/\/adaelektrik.com\/index.php\/wp-json\/wp\/v2\/pages\/4524\/revisions"}],"predecessor-version":[{"id":4564,"href":"https:\/\/adaelektrik.com\/index.php\/wp-json\/wp\/v2\/pages\/4524\/revisions\/4564"}],"wp:attachment":[{"href":"https:\/\/adaelektrik.com\/index.php\/wp-json\/wp\/v2\/media?parent=4524"}],"curies":[{"name":"wp","href":"https:\/\/api.w.org\/{rel}","templated":true}]}}