{"id":4535,"date":"2020-02-20T12:43:27","date_gmt":"2020-02-20T09:43:27","guid":{"rendered":"http:\/\/avendijital.com\/adaelektrik\/?page_id=4535"},"modified":"2020-02-20T14:55:11","modified_gmt":"2020-02-20T11:55:11","slug":"anahtar","status":"publish","type":"page","link":"https:\/\/adaelektrik.com\/index.php\/anahtar\/","title":{"rendered":"ANAHTAR"},"content":{"rendered":"<p>[vc_row][vc_column width=&#8221;1\/3&#8243;]\n\t\t\t<div class=\"promo-banner cursor-pointer text-center vertical-alignment-middle banner-2 hover- color-scheme-light \" onclick=\"window.location.href='http:\/\/avendijital.com\/adaelektrik\/index.php\/project-cat\/anahtar\/'\" >\n\n\t\t\t\t<div class=\"main-wrapp-img\">\n\t\t\t\t\t<div class=\"banner-image\">\n\t\t\t\t\t\t\t\t\t\t\t\t\t\t\t\t\t\t\t\t\t<img class=\"promo-banner-image image-1 \" src=\"https:\/\/adaelektrik.com\/wp-content\/uploads\/2020\/02\/b26.jpg\" width=\"765\" height=\"590\" alt=\"b26\" title=\"b26\" \/>\t\t\t\t\t\t\t\t\t\t\t\t\t\t\t\t\t\t<\/div>\n\t\t\t\t<\/div>\n\n\t\t\t\t<div class=\"wrapper-content-baner\">\n\t\t\t\t\t<div class=\"banner-inner\">\n\t\t\t\t\t\t<\/p>\n<h1 class=\"entry-title\">ANAHTAR<\/h1>\n<p>\n\t\t\t\t\t<\/div>\n\t\t\t\t<\/div>\n\n\t\t\t<\/div>\n\n\n\t\t[\/vc_column][vc_column width=&#8221;1\/3&#8243;]\n\t\t\t<div class=\"promo-banner cursor-pointer text-center vertical-alignment-middle banner-2 hover- color-scheme-light \" onclick=\"window.location.href='http:\/\/avendijital.com\/adaelektrik\/index.php\/project-cat\/anahtar-priz\/'\" >\n\n\t\t\t\t<div class=\"main-wrapp-img\">\n\t\t\t\t\t<div class=\"banner-image\">\n\t\t\t\t\t\t\t\t\t\t\t\t\t\t\t\t\t\t\t\t\t<img class=\"promo-banner-image image-1 \" src=\"https:\/\/adaelektrik.com\/wp-content\/uploads\/2020\/02\/b27.jpg\" width=\"765\" height=\"590\" alt=\"b27\" title=\"b27\" \/>\t\t\t\t\t\t\t\t\t\t\t\t\t\t\t\t\t\t<\/div>\n\t\t\t\t<\/div>\n\n\t\t\t\t<div class=\"wrapper-content-baner\">\n\t\t\t\t\t<div class=\"banner-inner\">\n\t\t\t\t\t\t<\/p>\n<h1 class=\"entry-title\">ANAHTAR PR\u0130Z<\/h1>\n<p>\n\t\t\t\t\t<\/div>\n\t\t\t\t<\/div>\n\n\t\t\t<\/div>\n\n\n\t\t[\/vc_column][vc_column width=&#8221;1\/3&#8243;]\n\t\t\t<div class=\"promo-banner cursor-pointer text-center vertical-alignment-middle banner-2 hover- color-scheme-light \" onclick=\"window.location.href='http:\/\/avendijital.com\/adaelektrik\/index.php\/project-cat\/cerceveler\/'\" >\n\n\t\t\t\t<div class=\"main-wrapp-img\">\n\t\t\t\t\t<div class=\"banner-image\">\n\t\t\t\t\t\t\t\t\t\t\t\t\t\t\t\t\t\t\t\t\t<img class=\"promo-banner-image image-1 \" src=\"https:\/\/adaelektrik.com\/wp-content\/uploads\/2020\/02\/b28.jpg\" width=\"765\" height=\"590\" alt=\"b28\" title=\"b28\" \/>\t\t\t\t\t\t\t\t\t\t\t\t\t\t\t\t\t\t<\/div>\n\t\t\t\t<\/div>\n\n\t\t\t\t<div class=\"wrapper-content-baner\">\n\t\t\t\t\t<div class=\"banner-inner\">\n\t\t\t\t\t\t<\/p>\n<h1 class=\"entry-title\">\u00c7ER\u00c7EVELER<\/h1>\n<p>\n\t\t\t\t\t<\/div>\n\t\t\t\t<\/div>\n\n\t\t\t<\/div>\n\n\n\t\t[\/vc_column][\/vc_row][vc_row][vc_column width=&#8221;1\/3&#8243;]\n\t\t\t<div class=\"promo-banner cursor-pointer text-center vertical-alignment-middle banner-2 hover- color-scheme-light \" onclick=\"window.location.href='http:\/\/avendijital.com\/adaelektrik\/index.php\/project-cat\/dimmer\/'\" >\n\n\t\t\t\t<div class=\"main-wrapp-img\">\n\t\t\t\t\t<div class=\"banner-image\">\n\t\t\t\t\t\t\t\t\t\t\t\t\t\t\t\t\t\t\t\t\t<img class=\"promo-banner-image image-1 \" src=\"https:\/\/adaelektrik.com\/wp-content\/uploads\/2020\/02\/b29.jpg\" width=\"765\" height=\"590\" alt=\"b29\" title=\"b29\" \/>\t\t\t\t\t\t\t\t\t\t\t\t\t\t\t\t\t\t<\/div>\n\t\t\t\t<\/div>\n\n\t\t\t\t<div class=\"wrapper-content-baner\">\n\t\t\t\t\t<div class=\"banner-inner\">\n\t\t\t\t\t\t<\/p>\n<h1 class=\"entry-title\">D\u0130MMER<\/h1>\n<p>\n\t\t\t\t\t<\/div>\n\t\t\t\t<\/div>\n\n\t\t\t<\/div>\n\n\n\t\t[\/vc_column][vc_column width=&#8221;1\/3&#8243;]\n\t\t\t<div class=\"promo-banner cursor-pointer text-center vertical-alignment-middle banner-2 hover- color-scheme-light \" onclick=\"window.location.href='http:\/\/avendijital.com\/adaelektrik\/index.php\/project-cat\/elektronik\/'\" >\n\n\t\t\t\t<div class=\"main-wrapp-img\">\n\t\t\t\t\t<div class=\"banner-image\">\n\t\t\t\t\t\t\t\t\t\t\t\t\t\t\t\t\t\t\t\t\t<img class=\"promo-banner-image image-1 \" src=\"https:\/\/adaelektrik.com\/wp-content\/uploads\/2020\/02\/b29-2.jpg\" width=\"765\" height=\"590\" alt=\"b29\" title=\"b29\" \/>\t\t\t\t\t\t\t\t\t\t\t\t\t\t\t\t\t\t<\/div>\n\t\t\t\t<\/div>\n\n\t\t\t\t<div class=\"wrapper-content-baner\">\n\t\t\t\t\t<div class=\"banner-inner\">\n\t\t\t\t\t\t<\/p>\n<h1 class=\"entry-title\">ELEKTRON\u0130K<\/h1>\n<p>\n\t\t\t\t\t<\/div>\n\t\t\t\t<\/div>\n\n\t\t\t<\/div>\n\n\n\t\t[\/vc_column][vc_column width=&#8221;1\/3&#8243;]\n\t\t\t<div class=\"promo-banner cursor-pointer text-center vertical-alignment-middle banner-2 hover- color-scheme-light \" onclick=\"window.location.href='http:\/\/avendijital.com\/adaelektrik\/index.php\/project-cat\/iletisim\/'\" >\n\n\t\t\t\t<div class=\"main-wrapp-img\">\n\t\t\t\t\t<div class=\"banner-image\">\n\t\t\t\t\t\t\t\t\t\t\t\t\t\t\t\t\t\t\t\t\t<img class=\"promo-banner-image image-1 \" src=\"https:\/\/adaelektrik.com\/wp-content\/uploads\/2020\/02\/b30.jpg\" width=\"765\" height=\"590\" alt=\"b30\" title=\"b30\" \/>\t\t\t\t\t\t\t\t\t\t\t\t\t\t\t\t\t\t<\/div>\n\t\t\t\t<\/div>\n\n\t\t\t\t<div class=\"wrapper-content-baner\">\n\t\t\t\t\t<div class=\"banner-inner\">\n\t\t\t\t\t\t<\/p>\n<h1 class=\"entry-title\">\u0130LET\u0130\u015e\u0130M<\/h1>\n<p>\n\t\t\t\t\t<\/div>\n\t\t\t\t<\/div>\n\n\t\t\t<\/div>\n\n\n\t\t[\/vc_column][\/vc_row][vc_row][vc_column width=&#8221;1\/3&#8243;]\n\t\t\t<div class=\"promo-banner cursor-pointer text-center vertical-alignment-middle banner-2 hover- color-scheme-light \" onclick=\"window.location.href='http:\/\/avendijital.com\/adaelektrik\/index.php\/project-cat\/isikli-anahtar\/'\" >\n\n\t\t\t\t<div class=\"main-wrapp-img\">\n\t\t\t\t\t<div class=\"banner-image\">\n\t\t\t\t\t\t\t\t\t\t\t\t\t\t\t\t\t\t\t\t\t<img class=\"promo-banner-image image-1 \" src=\"https:\/\/adaelektrik.com\/wp-content\/uploads\/2020\/02\/b31.jpg\" width=\"765\" height=\"590\" alt=\"b31\" title=\"b31\" \/>\t\t\t\t\t\t\t\t\t\t\t\t\t\t\t\t\t\t<\/div>\n\t\t\t\t<\/div>\n\n\t\t\t\t<div class=\"wrapper-content-baner\">\n\t\t\t\t\t<div class=\"banner-inner\">\n\t\t\t\t\t\t<\/p>\n<h1 class=\"entry-title\">I\u015eIKLI ANAHTAR<\/h1>\n<p>\n\t\t\t\t\t<\/div>\n\t\t\t\t<\/div>\n\n\t\t\t<\/div>\n\n\n\t\t[\/vc_column][vc_column width=&#8221;1\/3&#8243;]\n\t\t\t<div class=\"promo-banner cursor-pointer text-center vertical-alignment-middle banner-2 hover- color-scheme-light \" onclick=\"window.location.href='http:\/\/avendijital.com\/adaelektrik\/index.php\/project-cat\/tv-radyo\/'\" >\n\n\t\t\t\t<div class=\"main-wrapp-img\">\n\t\t\t\t\t<div class=\"banner-image\">\n\t\t\t\t\t\t\t\t\t\t\t\t\t\t\t\t\t\t\t\t\t<img class=\"promo-banner-image image-1 \" src=\"https:\/\/adaelektrik.com\/wp-content\/uploads\/2020\/02\/b32.jpg\" width=\"765\" height=\"590\" alt=\"b32\" title=\"b32\" \/>\t\t\t\t\t\t\t\t\t\t\t\t\t\t\t\t\t\t<\/div>\n\t\t\t\t<\/div>\n\n\t\t\t\t<div class=\"wrapper-content-baner\">\n\t\t\t\t\t<div class=\"banner-inner\">\n\t\t\t\t\t\t<\/p>\n<h1 class=\"entry-title\">TV\/RADYO<\/h1>\n<p>\n\t\t\t\t\t<\/div>\n\t\t\t\t<\/div>\n\n\t\t\t<\/div>\n\n\n\t\t[\/vc_column][vc_column width=&#8221;1\/3&#8243;][\/vc_column][\/vc_row][vc_row][vc_column width=&#8221;1\/3&#8243;][\/vc_column][vc_column width=&#8221;1\/3&#8243;][\/vc_column][vc_column width=&#8221;1\/3&#8243;][\/vc_column][\/vc_row]<\/p>\n","protected":false},"excerpt":{"rendered":"<p>[vc_row][vc_column width=&#8221;1\/3&#8243;][\/vc_column][vc_column width=&#8221;1\/3&#8243;][\/vc_column][vc_column width=&#8221;1\/3&#8243;][\/vc_column][\/vc_row][vc_row][vc_column width=&#8221;1\/3&#8243;][\/vc_column][vc_column width=&#8221;1\/3&#8243;][\/vc_column][vc_column width=&#8221;1\/3&#8243;][\/vc_column][\/vc_row][vc_row][vc_column width=&#8221;1\/3&#8243;][\/vc_column][vc_column width=&#8221;1\/3&#8243;][\/vc_column][vc_column width=&#8221;1\/3&#8243;][\/vc_column][\/vc_row][vc_row][vc_column width=&#8221;1\/3&#8243;][\/vc_column][vc_column width=&#8221;1\/3&#8243;][\/vc_column][vc_column width=&#8221;1\/3&#8243;][\/vc_column][\/vc_row]<\/p>\n","protected":false},"author":1,"featured_media":0,"parent":0,"menu_order":0,"comment_status":"closed","ping_status":"closed","template":"","meta":[],"_links":{"self":[{"href":"https:\/\/adaelektrik.com\/index.php\/wp-json\/wp\/v2\/pages\/4535"}],"collection":[{"href":"https:\/\/adaelektrik.com\/index.php\/wp-json\/wp\/v2\/pages"}],"about":[{"href":"https:\/\/adaelektrik.com\/index.php\/wp-json\/wp\/v2\/types\/page"}],"author":[{"embeddable":true,"href":"https:\/\/adaelektrik.com\/index.php\/wp-json\/wp\/v2\/users\/1"}],"replies":[{"embeddable":true,"href":"https:\/\/adaelektrik.com\/index.php\/wp-json\/wp\/v2\/comments?post=4535"}],"version-history":[{"count":3,"href":"https:\/\/adaelektrik.com\/index.php\/wp-json\/wp\/v2\/pages\/4535\/revisions"}],"predecessor-version":[{"id":4597,"href":"https:\/\/adaelektrik.com\/index.php\/wp-json\/wp\/v2\/pages\/4535\/revisions\/4597"}],"wp:attachment":[{"href":"https:\/\/adaelektrik.com\/index.php\/wp-json\/wp\/v2\/media?parent=4535"}],"curies":[{"name":"wp","href":"https:\/\/api.w.org\/{rel}","templated":true}]}}