{"id":4644,"date":"2020-02-22T13:17:45","date_gmt":"2020-02-22T10:17:45","guid":{"rendered":"http:\/\/avendijital.com\/adaelektrik\/?page_id=4644"},"modified":"2020-02-22T13:17:46","modified_gmt":"2020-02-22T10:17:46","slug":"termik-asiri-yuk-roleleri","status":"publish","type":"page","link":"https:\/\/adaelektrik.com\/index.php\/termik-asiri-yuk-roleleri\/","title":{"rendered":"Termik A\u015f\u0131r\u0131 Y\u00fck R\u00f6leleri"},"content":{"rendered":"<p>[vc_row][vc_column][vc_empty_space]\n\t\t\t\t\t\t<div class=\"site-content page-portfolio portfolio-layout-boxed portfolio- col-sm-12\" role=\"main\">\n\t\t\t\n\t\t\t\t\t\t\t\t\t\t\t\t\t\t\t<div class=\"row row-spacing-6 \">\n\n\t\t\t\t\t\t\t\n\t\t\t\t\t\t\t<div class=\"clear\"><\/div>\n\n\t\t\t\t\t\t\t<div class=\"masonry-container basel-portfolio-holder\" data-atts=\"{&quot;posts_per_page&quot;:&quot;&quot;,&quot;filters&quot;:&quot;&quot;,&quot;categories&quot;:&quot;106&quot;,&quot;style&quot;:&quot;&quot;,&quot;columns&quot;:&quot;3&quot;,&quot;spacing&quot;:&quot;6&quot;,&quot;full_width&quot;:&quot;&quot;,&quot;filters_bg&quot;:&quot;&quot;,&quot;ajax_page&quot;:&quot;&quot;,&quot;pagination&quot;:&quot;&quot;,&quot;basel_color_scheme&quot;:&quot;&quot;,&quot;orderby&quot;:&quot;&quot;,&quot;order&quot;:&quot;&quot;,&quot;el_class&quot;:&quot;&quot;}\" data-source=\"shortcode\" data-paged=\"1\">\n\t\t\t\t\t\n\t\t\t\t\t\t\t\t\t\t\t\t\t\t\t\t\t\t\t\t\t\t\n<article id=\"post-4452\" class=\"portfolio-entry  col-xs-12 col-sm-4 col-md-4 portfolio-single masonry-item proj-cat-termik-asiri-yuk-roleleri post-4452 portfolio type-portfolio status-publish has-post-thumbnail hentry project-cat-termik-asiri-yuk-roleleri\">\n\t\t\t<header class=\"entry-header\">\n\t\t\t<figure class=\"entry-thumbnail\">\n\t\t\t\t\t\t\t\t\t\t\t\t<a href=\"https:\/\/adaelektrik.com\/index.php\/portfolio\/tesys-lr9\/\" class=\"portfolio-thumbnail\">\n\t\t\t\t\t\t\t\t<img width=\"369\" height=\"369\" src=\"https:\/\/adaelektrik.com\/wp-content\/uploads\/2020\/02\/Tesys-LR9-PB114690_web.jpg\" class=\"attachment-large size-large wp-post-image\" alt=\"\" decoding=\"async\" loading=\"lazy\" srcset=\"https:\/\/adaelektrik.com\/wp-content\/uploads\/2020\/02\/Tesys-LR9-PB114690_web.jpg 369w, https:\/\/adaelektrik.com\/wp-content\/uploads\/2020\/02\/Tesys-LR9-PB114690_web-300x300.jpg 300w, https:\/\/adaelektrik.com\/wp-content\/uploads\/2020\/02\/Tesys-LR9-PB114690_web-150x150.jpg 150w, https:\/\/adaelektrik.com\/wp-content\/uploads\/2020\/02\/Tesys-LR9-PB114690_web-45x45.jpg 45w\" sizes=\"(max-width: 369px) 100vw, 369px\" \/>\t\t\t\t\t\t\t<\/a>\n\t\t\t\t\t\t\t\t\t\t<a href=\"https:\/\/adaelektrik.com\/wp-content\/uploads\/2020\/02\/Tesys-LR9-PB114690_web.jpg\" class=\"portfolio-enlarge\">View Large<\/a>\n\t\t\t<\/figure>\n\t\t\n\t\t<div class=\"portfolio-info\">\n\t\t\t\n\t\t\t\t\t\t\t<h3 class=\"entry-title\">\n\t\t\t\t\t<a href=\"https:\/\/adaelektrik.com\/index.php\/portfolio\/tesys-lr9\/\" rel=\"bookmark\">TeSys LR9<\/a>\n\t\t\t\t<\/h3>\n\t\t\t\n\t\t\t\t\t\t\t\t<ul class=\"proj-cats-list font-alt\">\n\t\t\t\t\t\t\t\t\t\t\t\t<li>Termik A\u015f\u0131r\u0131 Y\u00fck R\u00f6leleri<\/li>\n\t\t\t\t\t\t\t\t\t\t\t<\/ul>\n\t\t\t\t\t\t\t <\/div>\n\t <\/header>\n\n\t\t\t<div class=\"entry-summary\">\n\t\t\t\t\t<\/div><!-- .entry-summary -->\n\t\n<\/article><!-- #post -->\n\t\t\t\t\t\t\t\t\t\t\t\t\t\t\t\n<article id=\"post-4450\" class=\"portfolio-entry  col-xs-12 col-sm-4 col-md-4 portfolio-single masonry-item proj-cat-termik-asiri-yuk-roleleri post-4450 portfolio type-portfolio status-publish has-post-thumbnail hentry project-cat-termik-asiri-yuk-roleleri\">\n\t\t\t<header class=\"entry-header\">\n\t\t\t<figure class=\"entry-thumbnail\">\n\t\t\t\t\t\t\t\t\t\t\t\t<a href=\"https:\/\/adaelektrik.com\/index.php\/portfolio\/tesys-lrd\/\" class=\"portfolio-thumbnail\">\n\t\t\t\t\t\t\t\t<img width=\"369\" height=\"369\" src=\"https:\/\/adaelektrik.com\/wp-content\/uploads\/2020\/02\/1885_main_web.jpg\" class=\"attachment-large size-large wp-post-image\" alt=\"\" decoding=\"async\" loading=\"lazy\" srcset=\"https:\/\/adaelektrik.com\/wp-content\/uploads\/2020\/02\/1885_main_web.jpg 369w, https:\/\/adaelektrik.com\/wp-content\/uploads\/2020\/02\/1885_main_web-300x300.jpg 300w, https:\/\/adaelektrik.com\/wp-content\/uploads\/2020\/02\/1885_main_web-150x150.jpg 150w, https:\/\/adaelektrik.com\/wp-content\/uploads\/2020\/02\/1885_main_web-45x45.jpg 45w\" sizes=\"(max-width: 369px) 100vw, 369px\" \/>\t\t\t\t\t\t\t<\/a>\n\t\t\t\t\t\t\t\t\t\t<a href=\"https:\/\/adaelektrik.com\/wp-content\/uploads\/2020\/02\/1885_main_web.jpg\" class=\"portfolio-enlarge\">View Large<\/a>\n\t\t\t<\/figure>\n\t\t\n\t\t<div class=\"portfolio-info\">\n\t\t\t\n\t\t\t\t\t\t\t<h3 class=\"entry-title\">\n\t\t\t\t\t<a href=\"https:\/\/adaelektrik.com\/index.php\/portfolio\/tesys-lrd\/\" rel=\"bookmark\">TeSys LRD<\/a>\n\t\t\t\t<\/h3>\n\t\t\t\n\t\t\t\t\t\t\t\t<ul class=\"proj-cats-list font-alt\">\n\t\t\t\t\t\t\t\t\t\t\t\t<li>Termik A\u015f\u0131r\u0131 Y\u00fck R\u00f6leleri<\/li>\n\t\t\t\t\t\t\t\t\t\t\t<\/ul>\n\t\t\t\t\t\t\t <\/div>\n\t <\/header>\n\n\t\t\t<div class=\"entry-summary\">\n\t\t\t\t\t<\/div><!-- .entry-summary -->\n\t\n<\/article><!-- #post -->\n\t\t\t\t\t\t\t\t\t\t\t\t\t\t\t\n<article id=\"post-4448\" class=\"portfolio-entry  col-xs-12 col-sm-4 col-md-4 portfolio-single masonry-item proj-cat-termik-asiri-yuk-roleleri post-4448 portfolio type-portfolio status-publish has-post-thumbnail hentry project-cat-termik-asiri-yuk-roleleri\">\n\t\t\t<header class=\"entry-header\">\n\t\t\t<figure class=\"entry-thumbnail\">\n\t\t\t\t\t\t\t\t\t\t\t\t<a href=\"https:\/\/adaelektrik.com\/index.php\/portfolio\/tesys-lr2-k\/\" class=\"portfolio-thumbnail\">\n\t\t\t\t\t\t\t\t<img width=\"369\" height=\"369\" src=\"https:\/\/adaelektrik.com\/wp-content\/uploads\/2020\/02\/PF526226_web.jpg\" class=\"attachment-large size-large wp-post-image\" alt=\"\" decoding=\"async\" loading=\"lazy\" srcset=\"https:\/\/adaelektrik.com\/wp-content\/uploads\/2020\/02\/PF526226_web.jpg 369w, https:\/\/adaelektrik.com\/wp-content\/uploads\/2020\/02\/PF526226_web-300x300.jpg 300w, https:\/\/adaelektrik.com\/wp-content\/uploads\/2020\/02\/PF526226_web-150x150.jpg 150w, https:\/\/adaelektrik.com\/wp-content\/uploads\/2020\/02\/PF526226_web-45x45.jpg 45w\" sizes=\"(max-width: 369px) 100vw, 369px\" \/>\t\t\t\t\t\t\t<\/a>\n\t\t\t\t\t\t\t\t\t\t<a href=\"https:\/\/adaelektrik.com\/wp-content\/uploads\/2020\/02\/PF526226_web.jpg\" class=\"portfolio-enlarge\">View Large<\/a>\n\t\t\t<\/figure>\n\t\t\n\t\t<div class=\"portfolio-info\">\n\t\t\t\n\t\t\t\t\t\t\t<h3 class=\"entry-title\">\n\t\t\t\t\t<a href=\"https:\/\/adaelektrik.com\/index.php\/portfolio\/tesys-lr2-k\/\" rel=\"bookmark\">TeSys LR2 k<\/a>\n\t\t\t\t<\/h3>\n\t\t\t\n\t\t\t\t\t\t\t\t<ul class=\"proj-cats-list font-alt\">\n\t\t\t\t\t\t\t\t\t\t\t\t<li>Termik A\u015f\u0131r\u0131 Y\u00fck R\u00f6leleri<\/li>\n\t\t\t\t\t\t\t\t\t\t\t<\/ul>\n\t\t\t\t\t\t\t <\/div>\n\t <\/header>\n\n\t\t\t<div class=\"entry-summary\">\n\t\t\t\t\t<\/div><!-- .entry-summary -->\n\t\n<\/article><!-- #post -->\n\t\t\t\t\t\t\t\n\t\t\t\t\t\t\t\t\t\t\t\t<\/div>\n\t\t\t\t\t\t<\/div>\n\n\t\t\t\t\t\t<div class=\"vc_row-full-width\"><\/div>\n\n\t\t\t\t\t\t\t\t\t\t\t\n\t\t\t\t\n\t\t\t\t\t\t<\/div><!-- .site-content -->\n\t\t\t\t\t[\/vc_column][\/vc_row]<\/p>\n","protected":false},"excerpt":{"rendered":"<p>[vc_row][vc_column][vc_empty_space][\/vc_column][\/vc_row]<\/p>\n","protected":false},"author":1,"featured_media":0,"parent":0,"menu_order":0,"comment_status":"closed","ping_status":"closed","template":"","meta":[],"_links":{"self":[{"href":"https:\/\/adaelektrik.com\/index.php\/wp-json\/wp\/v2\/pages\/4644"}],"collection":[{"href":"https:\/\/adaelektrik.com\/index.php\/wp-json\/wp\/v2\/pages"}],"about":[{"href":"https:\/\/adaelektrik.com\/index.php\/wp-json\/wp\/v2\/types\/page"}],"author":[{"embeddable":true,"href":"https:\/\/adaelektrik.com\/index.php\/wp-json\/wp\/v2\/users\/1"}],"replies":[{"embeddable":true,"href":"https:\/\/adaelektrik.com\/index.php\/wp-json\/wp\/v2\/comments?post=4644"}],"version-history":[{"count":1,"href":"https:\/\/adaelektrik.com\/index.php\/wp-json\/wp\/v2\/pages\/4644\/revisions"}],"predecessor-version":[{"id":4645,"href":"https:\/\/adaelektrik.com\/index.php\/wp-json\/wp\/v2\/pages\/4644\/revisions\/4645"}],"wp:attachment":[{"href":"https:\/\/adaelektrik.com\/index.php\/wp-json\/wp\/v2\/media?parent=4644"}],"curies":[{"name":"wp","href":"https:\/\/api.w.org\/{rel}","templated":true}]}}