{"id":806,"date":"2017-02-09T11:59:58","date_gmt":"2017-02-09T11:59:58","guid":{"rendered":"http:\/\/dummy.xtemos.com\/basel\/vers\/?page_id=806"},"modified":"2020-02-22T14:21:32","modified_gmt":"2020-02-22T11:21:32","slug":"iletisim","status":"publish","type":"page","link":"https:\/\/adaelektrik.com\/index.php\/iletisim\/","title":{"rendered":"\u0130leti\u015fim"},"content":{"rendered":"<p>[vc_row full_width=&#8221;stretch_row_content_no_spaces&#8221; css=&#8221;.vc_custom_1450202610956{margin-top: -40px !important;margin-bottom: -40px !important;padding-top: 0px !important;background-color: #021019 !important;background-position: center !important;background-repeat: no-repeat !important;background-size: contain !important;}&#8221;][vc_column offset=&#8221;vc_col-lg-6 vc_col-md-6&#8243; css=&#8221;.vc_custom_1450202652612{padding-top: 0px !important;}&#8221;][vc_gmaps link=&#8221;#E-8_JTNDaWZyYW1lJTIwc3JjJTNEJTIyaHR0cHMlM0ElMkYlMkZ3d3cuZ29vZ2xlLmNvbSUyRm1hcHMlMkZlbWJlZCUzRnBiJTNEJTIxMW0xOCUyMTFtMTIlMjExbTMlMjExZDMwNTIuNDQyMjM3OTQ5MDkzNCUyMTJkMjkuNTA0NzgxODE1Njk5MzUlMjEzZDQwLjA4Nzg1MTkzMzQ5ODYzJTIxMm0zJTIxMWYwJTIxMmYwJTIxM2YwJTIxM20yJTIxMWkxMDI0JTIxMmk3NjglMjE0ZjEzLjElMjEzbTMlMjExbTIlMjExczB4MCUyNTNBMHhjOWQ3MmUzNjdhYWQwY2ExJTIxMnNBREElMjUyMEVMRUtUUiUyNUM0JTI1QjBLJTIxNWUwJTIxM20yJTIxMXN0ciUyMTJzdHIlMjE0djE1ODIzNzA0NzM4NjUlMjE1bTIlMjExc3RyJTIxMnN0ciUyMiUyMHdpZHRoJTNEJTIyNjAwJTIyJTIwaGVpZ2h0JTNEJTIyNzAwJTIyJTIwZnJhbWVib3JkZXIlM0QlMjIwJTIyJTIwc3R5bGUlM0QlMjJib3JkZXIlM0EwJTNCJTIyJTIwYWxsb3dmdWxsc2NyZWVuJTNEJTIyJTIyJTNFJTNDJTJGaWZyYW1lJTNF&#8221;][\/vc_column][vc_column basel_color_scheme=&#8221;light&#8221; css=&#8221;.vc_custom_1486641274246{padding-top: 20px !important;padding-right: 60px !important;padding-bottom: 20px !important;padding-left: 60px !important;background-image: url(http:\/\/dummy.xtemos.com\/basel\/vers\/wp-content\/uploads\/sites\/3\/2017\/02\/land.png?id=809) !important;background-position: center !important;background-repeat: no-repeat !important;background-size: contain !important;}&#8221; offset=&#8221;vc_col-lg-6 vc_col-md-6&#8243;][vc_column_text css=&#8221;.vc_custom_1579605246751{margin-bottom: 50px !important;padding-top: 10px !important;}&#8221;]<\/p>\n<h1 style=\"font-size: 44px; font-weight: bold; display: inline-block; border-bottom: 3px solid white;\">\u0130LET\u0130\u015e\u0130M<\/h1>\n<p>[\/vc_column_text][vc_row_inner disable_element=&#8221;yes&#8221; css=&#8221;.vc_custom_1484252127030{margin-bottom: 15px !important;}&#8221;][vc_column_inner width=&#8221;1\/2&#8243;][vc_column_text el_class=&#8221;color-white&#8221;]<span class=\"vc_icon_element-icon icon-envelope icons\" style=\"color: #ffffff!important; float: left; font-size: 38px; margin: 0 10px 0;\">\u00a0<\/span><span style=\"color: white;\">Tel: 877-45-44-33<br \/>\nE-Mail: shop@store.uk<\/span>[\/vc_column_text][vc_column_text css=&#8221;.vc_custom_1449328046586{margin-bottom: 35px !important;}&#8221;]<span class=\"vc_icon_element-icon icon-cursor icons\" style=\"color: #ffffff!important; float: left; font-size: 38px; margin: 0 10px 0;\">\u00a0<\/span><span style=\"color: white;\">20 Margaret St, London<br \/>\nGreat Britain, 3NM98-LK<\/span>[\/vc_column_text][\/vc_column_inner][vc_column_inner width=&#8221;1\/2&#8243;][vc_column_text]<span class=\"vc_icon_element-icon icon-clock icons\" style=\"color: #ffffff!important; float: left; font-size: 38px; margin: 0 10px 0;\">\u00a0<\/span><span style=\"color: white;\">Support forum<br \/>\nfor over 24h<\/span>[\/vc_column_text][vc_column_text css=&#8221;.vc_custom_1449328052423{margin-bottom: 35px !important;}&#8221;]<span class=\"vc_icon_element-icon icon-rocket icons\" style=\"color: #ffffff!important; float: left; font-size: 38px; margin: 0 10px 0;\">\u00a0<\/span><span style=\"color: white;\">Free standard shipping<br \/>\non all orders.<\/span>[\/vc_column_text][\/vc_column_inner][\/vc_row_inner][vc_row_inner css=&#8221;.vc_custom_1449328078388{margin-bottom: 15px !important;}&#8221;][vc_column_inner width=&#8221;1\/2&#8243;]\t\t\t<div class=\" basel-info-box2 text-left icon-alignment-left box-style-base color-scheme-light  with-animation \" onclick=\"\">\n\t\t\t\t\t\t\t\t\t<div class=\"box-icon-wrapper\">\n\t\t\t\t\t\t<div class=\"info-box-icon\">\n\t\t\t\t\t\t\t\t\t\t\t\t\t\t\t\t\t\t\t\t\t\t\t\t\t\t\t\t\t\t\t\t\t\t\t\t\t\t<script type=\"text\/javascript\">\n\t\t\t\t\t\t\t\t\t\t\t\t\tjQuery(document).ready(function($) {\n\t\t\t\t\t\t\t\t\t\t\t\t\t\tnew Vivus('svg-1156', {\n\t\t\t\t\t\t\t\t\t\t\t\t\t\t    type: 'delayed',\n\t\t\t\t\t\t\t\t\t\t\t\t\t\t    duration: 200,\n\t\t\t\t\t\t\t\t\t\t\t\t\t\t    start: 'inViewport',\n\t\t\t\t\t\t\t\t\t\t\t\t\t\t    animTimingFunction: Vivus.EASE_OUT\n\t\t\t\t\t\t\t\t\t\t\t\t\t\t});\n\t\t\t\t\t\t\t\t\t\t\t\t\t});\n\t\t\t\t\t\t\t\t\t\t\t\t<\/script>\n\t\t\t\t\t\t\t\t\t\t\t\t<div class=\"info-svg-wrapper\" style=\"width: 40px;height: 40px;\"><svg version=\"1.1\" id=\"svg-1156\" xmlns=\"http:\/\/www.w3.org\/2000\/svg\" xmlns:xlink=\"http:\/\/www.w3.org\/1999\/xlink\" x=\"0px\" y=\"0px\"\r\n\t width=\"64px\" height=\"64px\" viewBox=\"0 0 64 64\" enable-background=\"new 0 0 64 64\" xml:space=\"preserve\">\r\n<polygon fill=\"none\" stroke=\"#000000\" stroke-width=\"2\" stroke-linejoin=\"bevel\" stroke-miterlimit=\"10\" points=\"1,30 63,1 23,41 \r\n\t\"\/>\r\n<polygon fill=\"none\" stroke=\"#000000\" stroke-width=\"2\" stroke-linejoin=\"bevel\" stroke-miterlimit=\"10\" points=\"34,63 63,1 23,41 \r\n\t\"\/>\r\n<\/svg>\r\n<\/div>\t\t\t\t\t\t\t\t\t\t\t\t\t\t<\/div>\n\t\t\t\t\t<\/div>\n\t\t\t\t\t\t\t\t<div class=\"info-box-content\">\n\t\t\t\t\t<div class=\"info-box-inner\">\n\t\t\t\t\t\t<p>Tel.: 0.224.713 88 88<br \/>\nE-Mail:yucel@adaelektrik.com<\/p>\n\t\t\t\t\t<\/div>\n\t\t\t\t<\/div>\n\t\t\t<\/div>\n\t\t\t\t\t<div class=\" basel-info-box2 text-left icon-alignment-left box-style-base color-scheme-light  with-animation \" onclick=\"\">\n\t\t\t\t\t\t\t\t\t<div class=\"box-icon-wrapper\">\n\t\t\t\t\t\t<div class=\"info-box-icon\">\n\t\t\t\t\t\t\t\t\t\t\t\t\t\t\t\t\t\t\t\t\t\t\t\t\t\t\t\t\t\t\t\t\t\t\t\t\t\t<script type=\"text\/javascript\">\n\t\t\t\t\t\t\t\t\t\t\t\t\tjQuery(document).ready(function($) {\n\t\t\t\t\t\t\t\t\t\t\t\t\t\tnew Vivus('svg-4126', {\n\t\t\t\t\t\t\t\t\t\t\t\t\t\t    type: 'delayed',\n\t\t\t\t\t\t\t\t\t\t\t\t\t\t    duration: 200,\n\t\t\t\t\t\t\t\t\t\t\t\t\t\t    start: 'inViewport',\n\t\t\t\t\t\t\t\t\t\t\t\t\t\t    animTimingFunction: Vivus.EASE_OUT\n\t\t\t\t\t\t\t\t\t\t\t\t\t\t});\n\t\t\t\t\t\t\t\t\t\t\t\t\t});\n\t\t\t\t\t\t\t\t\t\t\t\t<\/script>\n\t\t\t\t\t\t\t\t\t\t\t\t<div class=\"info-svg-wrapper\" style=\"width: 40px;height: 40px;\"><svg version=\"1.1\" id=\"svg-4126\" xmlns=\"http:\/\/www.w3.org\/2000\/svg\" xmlns:xlink=\"http:\/\/www.w3.org\/1999\/xlink\" x=\"0px\" y=\"0px\"\r\n\t width=\"64px\" height=\"64px\" viewBox=\"0 0 64 64\" enable-background=\"new 0 0 64 64\" xml:space=\"preserve\">\r\n<polygon fill=\"none\" stroke=\"#000000\" stroke-width=\"2\" stroke-linejoin=\"bevel\" stroke-miterlimit=\"10\" points=\"1,30 63,1 23,41 \r\n\t\"\/>\r\n<polygon fill=\"none\" stroke=\"#000000\" stroke-width=\"2\" stroke-linejoin=\"bevel\" stroke-miterlimit=\"10\" points=\"34,63 63,1 23,41 \r\n\t\"\/>\r\n<\/svg>\r\n<\/div>\t\t\t\t\t\t\t\t\t\t\t\t\t\t<\/div>\n\t\t\t\t\t<\/div>\n\t\t\t\t\t\t\t\t<div class=\"info-box-content\">\n\t\t\t\t\t<div class=\"info-box-inner\">\n\t\t\t\t\t\t<p>S\u00fcleymaniye Mh. \u015eehit Er Mustafa<\/p>\n<p>Pehlivano\u011flu Sk. No:3\/A\u00a0 \u0130neg\u00f6l\/Bursa<\/p>\n\t\t\t\t\t<\/div>\n\t\t\t\t<\/div>\n\t\t\t<\/div>\n\t\t[\/vc_column_inner][vc_column_inner width=&#8221;1\/2&#8243;]\t\t\t<div class=\" basel-info-box2 text-left icon-alignment-left box-style-base color-scheme-light  with-animation \" onclick=\"\">\n\t\t\t\t\t\t\t\t\t<div class=\"box-icon-wrapper\">\n\t\t\t\t\t\t<div class=\"info-box-icon\">\n\t\t\t\t\t\t\t\t\t\t\t\t\t\t\t\t\t\t\t\t\t\t\t\t\t\t\t\t\t\t\t\t\t\t\t\t\t\t<script type=\"text\/javascript\">\n\t\t\t\t\t\t\t\t\t\t\t\t\tjQuery(document).ready(function($) {\n\t\t\t\t\t\t\t\t\t\t\t\t\t\tnew Vivus('svg-3375', {\n\t\t\t\t\t\t\t\t\t\t\t\t\t\t    type: 'delayed',\n\t\t\t\t\t\t\t\t\t\t\t\t\t\t    duration: 200,\n\t\t\t\t\t\t\t\t\t\t\t\t\t\t    start: 'inViewport',\n\t\t\t\t\t\t\t\t\t\t\t\t\t\t    animTimingFunction: Vivus.EASE_OUT\n\t\t\t\t\t\t\t\t\t\t\t\t\t\t});\n\t\t\t\t\t\t\t\t\t\t\t\t\t});\n\t\t\t\t\t\t\t\t\t\t\t\t<\/script>\n\t\t\t\t\t\t\t\t\t\t\t\t<div class=\"info-svg-wrapper\" style=\"width: 40px;height: 40px;\"><svg version=\"1.1\" id=\"svg-3375\" xmlns=\"http:\/\/www.w3.org\/2000\/svg\" xmlns:xlink=\"http:\/\/www.w3.org\/1999\/xlink\" x=\"0px\" y=\"0px\"\r\n\t width=\"64px\" height=\"64px\" viewBox=\"0 0 64 64\" enable-background=\"new 0 0 64 64\" xml:space=\"preserve\">\r\n<polygon fill=\"none\" stroke=\"#000000\" stroke-width=\"2\" stroke-linejoin=\"bevel\" stroke-miterlimit=\"10\" points=\"1,30 63,1 23,41 \r\n\t\"\/>\r\n<polygon fill=\"none\" stroke=\"#000000\" stroke-width=\"2\" stroke-linejoin=\"bevel\" stroke-miterlimit=\"10\" points=\"34,63 63,1 23,41 \r\n\t\"\/>\r\n<\/svg>\r\n<\/div>\t\t\t\t\t\t\t\t\t\t\t\t\t\t<\/div>\n\t\t\t\t\t<\/div>\n\t\t\t\t\t\t\t\t<div class=\"info-box-content\">\n\t\t\t\t\t<div class=\"info-box-inner\">\n\t\t\t\t\t\t<p>7\/24 Destek<\/p>\n\t\t\t\t\t<\/div>\n\t\t\t\t<\/div>\n\t\t\t<\/div>\n\t\t\t\t\t<div class=\" basel-info-box2 text-left icon-alignment-left box-style-base color-scheme-light  with-animation \" onclick=\"\">\n\t\t\t\t\t\t\t\t\t<div class=\"box-icon-wrapper\">\n\t\t\t\t\t\t<div class=\"info-box-icon\">\n\t\t\t\t\t\t\t\t\t\t\t\t\t\t\t\t\t\t\t\t\t\t\t\t\t\t\t\t\t\t\t\t\t\t\t\t\t\t<script type=\"text\/javascript\">\n\t\t\t\t\t\t\t\t\t\t\t\t\tjQuery(document).ready(function($) {\n\t\t\t\t\t\t\t\t\t\t\t\t\t\tnew Vivus('svg-3040', {\n\t\t\t\t\t\t\t\t\t\t\t\t\t\t    type: 'delayed',\n\t\t\t\t\t\t\t\t\t\t\t\t\t\t    duration: 200,\n\t\t\t\t\t\t\t\t\t\t\t\t\t\t    start: 'inViewport',\n\t\t\t\t\t\t\t\t\t\t\t\t\t\t    animTimingFunction: Vivus.EASE_OUT\n\t\t\t\t\t\t\t\t\t\t\t\t\t\t});\n\t\t\t\t\t\t\t\t\t\t\t\t\t});\n\t\t\t\t\t\t\t\t\t\t\t\t<\/script>\n\t\t\t\t\t\t\t\t\t\t\t\t<div class=\"info-svg-wrapper\" style=\"width: 40px;height: 40px;\"><svg version=\"1.1\" id=\"svg-3040\" xmlns=\"http:\/\/www.w3.org\/2000\/svg\" xmlns:xlink=\"http:\/\/www.w3.org\/1999\/xlink\" x=\"0px\" y=\"0px\"\r\n\t width=\"64px\" height=\"64px\" viewBox=\"0 0 64 64\" enable-background=\"new 0 0 64 64\" xml:space=\"preserve\">\r\n<polygon fill=\"none\" stroke=\"#000000\" stroke-width=\"2\" stroke-linejoin=\"bevel\" stroke-miterlimit=\"10\" points=\"1,30 63,1 23,41 \r\n\t\"\/>\r\n<polygon fill=\"none\" stroke=\"#000000\" stroke-width=\"2\" stroke-linejoin=\"bevel\" stroke-miterlimit=\"10\" points=\"34,63 63,1 23,41 \r\n\t\"\/>\r\n<\/svg>\r\n<\/div>\t\t\t\t\t\t\t\t\t\t\t\t\t\t<\/div>\n\t\t\t\t\t<\/div>\n\t\t\t\t\t\t\t\t<div class=\"info-box-content\">\n\t\t\t\t\t<div class=\"info-box-inner\">\n\t\t\t\t\t\t<p>\u0130N\u015eAAT \u2013 TES\u0130SAT \u2013 TAAHH\u00dcT<\/p>\n<p>PROJE \u2013 DEKORASYON<\/p>\n\t\t\t\t\t<\/div>\n\t\t\t\t<\/div>\n\t\t\t<\/div>\n\t\t[\/vc_column_inner][\/vc_row_inner]\n<div class=\"wpcf7 no-js\" id=\"wpcf7-f5-o1\" lang=\"tr-TR\" dir=\"ltr\">\n<div class=\"screen-reader-response\"><p role=\"status\" aria-live=\"polite\" aria-atomic=\"true\"><\/p> <ul><\/ul><\/div>\n<form action=\"\/index.php\/wp-json\/wp\/v2\/pages\/806#wpcf7-f5-o1\" method=\"post\" class=\"wpcf7-form init\" aria-label=\"Contact form\" novalidate=\"novalidate\" data-status=\"init\">\n<div style=\"display: none;\">\n<input type=\"hidden\" name=\"_wpcf7\" value=\"5\" \/>\n<input type=\"hidden\" name=\"_wpcf7_version\" value=\"5.7.7\" \/>\n<input type=\"hidden\" name=\"_wpcf7_locale\" value=\"tr_TR\" \/>\n<input type=\"hidden\" name=\"_wpcf7_unit_tag\" value=\"wpcf7-f5-o1\" \/>\n<input type=\"hidden\" name=\"_wpcf7_container_post\" value=\"0\" \/>\n<input type=\"hidden\" name=\"_wpcf7_posted_data_hash\" value=\"\" \/>\n<\/div>\n<p><label> Ad\u0131n\u0131z (zorunlu)<br \/>\n<span class=\"wpcf7-form-control-wrap\" data-name=\"your-name\"><input size=\"40\" class=\"wpcf7-form-control wpcf7-text wpcf7-validates-as-required\" aria-required=\"true\" aria-invalid=\"false\" value=\"\" type=\"text\" name=\"your-name\" \/><\/span> <\/label>\n<\/p>\n<p><label> Email (zorunlu)<br \/>\n<span class=\"wpcf7-form-control-wrap\" data-name=\"your-email\"><input size=\"40\" class=\"wpcf7-form-control wpcf7-text wpcf7-email wpcf7-validates-as-required wpcf7-validates-as-email\" aria-required=\"true\" aria-invalid=\"false\" value=\"\" type=\"email\" name=\"your-email\" \/><\/span> <\/label>\n<\/p>\n<p><label> Konu<br \/>\n<span class=\"wpcf7-form-control-wrap\" data-name=\"your-subject\"><input size=\"40\" class=\"wpcf7-form-control wpcf7-text\" aria-invalid=\"false\" value=\"\" type=\"text\" name=\"your-subject\" \/><\/span> <\/label>\n<\/p>\n<p><label> Mesaj\u0131n\u0131z<br \/>\n<span class=\"wpcf7-form-control-wrap\" data-name=\"your-message\"><textarea cols=\"40\" rows=\"10\" class=\"wpcf7-form-control wpcf7-textarea\" aria-invalid=\"false\" name=\"your-message\"><\/textarea><\/span> <\/label>\n<\/p>\n<p><input class=\"wpcf7-form-control has-spinner wpcf7-submit\" type=\"submit\" value=\"G\u00f6nder\" \/>\n<\/p><div class=\"wpcf7-response-output\" aria-hidden=\"true\"><\/div>\n<\/form>\n<\/div>\n[vc_column_text css=&#8221;.vc_custom_1449327186422{margin-bottom: 30px !important;}&#8221;][\/vc_column_text]\n\t\t\t<ul class=\"social-icons text-left icons-design-colored icons-size-small social-share \">\n\t\t\t\t\n\t\t\t\t\n\t\t\t\t\n\t\t\t\t\n\t\t\t\t\n\t\t\t\t\n\t\t\t\t\n\t\t\t\t\n\t\t\t\t\n\t\t\t\t\n\t\t\t\t\n\t\t\t\t\n\t\t\t\t\n\t\t\t\t\n\t\t\t\t\n\t\t\t\t\n\t\t\t\t\t\t\t\t\n\t\t\t\t\n\t\t\t\t\n\t\t\t\t\n\t\t\t<\/ul>\n\n\t\t[\/vc_column][\/vc_row]<\/p>\n","protected":false},"excerpt":{"rendered":"<p>[vc_row full_width=&#8221;stretch_row_content_no_spaces&#8221; css=&#8221;.vc_custom_1450202610956{margin-top: -40px !important;margin-bottom: -40px !important;padding-top: 0px !important;background-color: #021019 !important;background-position: center !important;background-repeat: no-repeat !important;background-size: contain !important;}&#8221;][vc_column offset=&#8221;vc_col-lg-6 vc_col-md-6&#8243; css=&#8221;.vc_custom_1450202652612{padding-top:<\/p>\n","protected":false},"author":1,"featured_media":0,"parent":0,"menu_order":0,"comment_status":"closed","ping_status":"closed","template":"","meta":[],"_links":{"self":[{"href":"https:\/\/adaelektrik.com\/index.php\/wp-json\/wp\/v2\/pages\/806"}],"collection":[{"href":"https:\/\/adaelektrik.com\/index.php\/wp-json\/wp\/v2\/pages"}],"about":[{"href":"https:\/\/adaelektrik.com\/index.php\/wp-json\/wp\/v2\/types\/page"}],"author":[{"embeddable":true,"href":"https:\/\/adaelektrik.com\/index.php\/wp-json\/wp\/v2\/users\/1"}],"replies":[{"embeddable":true,"href":"https:\/\/adaelektrik.com\/index.php\/wp-json\/wp\/v2\/comments?post=806"}],"version-history":[{"count":13,"href":"https:\/\/adaelektrik.com\/index.php\/wp-json\/wp\/v2\/pages\/806\/revisions"}],"predecessor-version":[{"id":4654,"href":"https:\/\/adaelektrik.com\/index.php\/wp-json\/wp\/v2\/pages\/806\/revisions\/4654"}],"wp:attachment":[{"href":"https:\/\/adaelektrik.com\/index.php\/wp-json\/wp\/v2\/media?parent=806"}],"curies":[{"name":"wp","href":"https:\/\/api.w.org\/{rel}","templated":true}]}}